{"id":10856,"date":"2020-08-26T21:18:09","date_gmt":"2020-08-26T21:18:09","guid":{"rendered":"http:\/\/laplume.com.tr\/?page_id=10856"},"modified":"2020-08-26T21:18:54","modified_gmt":"2020-08-26T21:18:54","slug":"gallery","status":"publish","type":"page","link":"https:\/\/laplume.com.tr\/en\/gallery\/","title":{"rendered":"Gallery"},"content":{"rendered":"\t\t<div data-elementor-type=\"wp-post\" data-elementor-id=\"10856\" class=\"elementor elementor-10856 elementor-1488\">\n\t\t\t\t\t\t<section class=\"elementor-section elementor-top-section elementor-element elementor-element-59b657b elementor-section-full_width elementor-section-height-default elementor-section-height-default\" data-id=\"59b657b\" data-element_type=\"section\">\n\t\t\t\t\t\t<div class=\"elementor-container elementor-column-gap-no\">\n\t\t\t\t\t<div class=\"elementor-column elementor-col-100 elementor-top-column elementor-element elementor-element-10a77b3\" data-id=\"10a77b3\" data-element_type=\"column\">\n\t\t\t<div class=\"elementor-widget-wrap elementor-element-populated\">\n\t\t\t\t\t\t<div class=\"elementor-element elementor-element-d69bd87 elementor-widget elementor-widget-saasland_portfolio_masonry\" data-id=\"d69bd87\" data-element_type=\"widget\" data-widget_type=\"saasland_portfolio_masonry.default\">\n\t\t\t\t<div class=\"elementor-widget-container\">\n\t\t\t\t\t            <section class=\"portfolio_area\">\r\n            <div class=\"container\">\r\n                <div id=\"portfolio_filter\" class=\"portfolio_filter mb_50\">\r\n                                            <div data-filter=\"*\" class=\"work_portfolio_item active\">\r\n                            All                        <\/div>\r\n                                                                    <div data-filter=\".portfolio_filter_id_104\" class=\"work_portfolio_item\">\r\n                                Fairs                            <\/div>\r\n                                                        <div data-filter=\".portfolio_filter_id_103\" class=\"work_portfolio_item\">\r\n                                News                            <\/div>\r\n                                            <\/div>\r\n                <div class=\"row portfolio_gallery mb_30\" id=\"work-portfolio\">\r\n                                                    <div class=\"col-lg-4  portfolio_filter_id_104  col-sm-6 portfolio_item br ux mb_50\">\r\n                                    <div class=\"portfolio_img\">\r\n                                        <a href=\"https:\/\/laplume.com.tr\/wp-content\/uploads\/2020\/07\/anfas-antalya.jpg\" class=\"img_popup\">\r\n                                            <img decoding=\"async\" class=\"img_rounded\" src=\"https:\/\/laplume.com.tr\/wp-content\/uploads\/2020\/07\/anfas-antalya.jpg\"\r\n                                                 alt=\"Anfa\u015f Hotel Equipment Fair Antalya\">\r\n                                        <\/a>\r\n                                        <div class=\"portfolio-description\">\r\n                                            <a href=\"https:\/\/laplume.com.tr\/en\/portfolio\/anfas-hotel-equipment-fair-antalya\/\" class=\"portfolio-title\">\r\n                                                <h3 class=\"f_500 f_size_20 f_p mt_30\"> Anfa\u015f Hotel Equipment Fair Antalya <\/h3>\r\n                                            <\/a>\r\n                                            <div class=\"links\">\r\n                                                <a href='https:\/\/laplume.com.tr\/en\/portfolio_cat\/fairs\/'> Fairs  <\/a>                                            <\/div>\r\n                                        <\/div>\r\n                                    <\/div>\r\n                                <\/div>\r\n                                                                <div class=\"col-lg-4  portfolio_filter_id_104  col-sm-6 portfolio_item br ux mb_50\">\r\n                                    <div class=\"portfolio_img\">\r\n                                        <a href=\"https:\/\/laplume.com.tr\/wp-content\/uploads\/2020\/07\/anfasss-11.jpg\" class=\"img_popup\">\r\n                                            <img decoding=\"async\" class=\"img_rounded\" src=\"https:\/\/laplume.com.tr\/wp-content\/uploads\/2020\/07\/anfasss-11.jpg\"\r\n                                                 alt=\"Anfa\u015f Hotel Equipment Fair Antalya\">\r\n                                        <\/a>\r\n                                        <div class=\"portfolio-description\">\r\n                                            <a href=\"https:\/\/laplume.com.tr\/en\/portfolio\/anfas-hotel-equipment-fair-antalya-2\/\" class=\"portfolio-title\">\r\n                                                <h3 class=\"f_500 f_size_20 f_p mt_30\"> Anfa\u015f Hotel Equipment Fair Antalya <\/h3>\r\n                                            <\/a>\r\n                                            <div class=\"links\">\r\n                                                <a href='https:\/\/laplume.com.tr\/en\/portfolio_cat\/fairs\/'> Fairs  <\/a>                                            <\/div>\r\n                                        <\/div>\r\n                                    <\/div>\r\n                                <\/div>\r\n                                                                <div class=\"col-lg-4  portfolio_filter_id_104  col-sm-6 portfolio_item br ux mb_50\">\r\n                                    <div class=\"portfolio_img\">\r\n                                        <a href=\"https:\/\/laplume.com.tr\/wp-content\/uploads\/2020\/07\/anfasss-13.jpg\" class=\"img_popup\">\r\n                                            <img decoding=\"async\" class=\"img_rounded\" src=\"https:\/\/laplume.com.tr\/wp-content\/uploads\/2020\/07\/anfasss-13.jpg\"\r\n                                                 alt=\"Anfa\u015f Hotel Equipments Fair Antalya 2014\">\r\n                                        <\/a>\r\n                                        <div class=\"portfolio-description\">\r\n                                            <a href=\"https:\/\/laplume.com.tr\/en\/portfolio\/anfas-hotel-equipments-fair-antalya-2014\/\" class=\"portfolio-title\">\r\n                                                <h3 class=\"f_500 f_size_20 f_p mt_30\"> Anfa\u015f Hotel Equipments Fair Antalya 2014 <\/h3>\r\n                                            <\/a>\r\n                                            <div class=\"links\">\r\n                                                <a href='https:\/\/laplume.com.tr\/en\/portfolio_cat\/fairs\/'> Fairs  <\/a>                                            <\/div>\r\n                                        <\/div>\r\n                                    <\/div>\r\n                                <\/div>\r\n                                                                <div class=\"col-lg-4  portfolio_filter_id_104  portfolio_filter_id_103  col-sm-6 portfolio_item br ux mb_50\">\r\n                                    <div class=\"portfolio_img\">\r\n                                        <a href=\"https:\/\/laplume.com.tr\/wp-content\/uploads\/2019\/01\/bebek.jpg\" class=\"img_popup\">\r\n                                            <img decoding=\"async\" class=\"img_rounded\" src=\"https:\/\/laplume.com.tr\/wp-content\/uploads\/2019\/01\/bebek.jpg\"\r\n                                                 alt=\"Bebek Festival \u0130stanbul\">\r\n                                        <\/a>\r\n                                        <div class=\"portfolio-description\">\r\n                                            <a href=\"https:\/\/laplume.com.tr\/en\/portfolio\/bebek-festival-istanbul\/\" class=\"portfolio-title\">\r\n                                                <h3 class=\"f_500 f_size_20 f_p mt_30\"> Bebek Festival \u0130stanbul <\/h3>\r\n                                            <\/a>\r\n                                            <div class=\"links\">\r\n                                                <a href='https:\/\/laplume.com.tr\/en\/portfolio_cat\/fairs\/'> Fairs ,  <\/a><a href='https:\/\/laplume.com.tr\/en\/portfolio_cat\/news\/'> News  <\/a>                                            <\/div>\r\n                                        <\/div>\r\n                                    <\/div>\r\n                                <\/div>\r\n                                                                <div class=\"col-lg-4  portfolio_filter_id_104  col-sm-6 portfolio_item br ux mb_50\">\r\n                                    <div class=\"portfolio_img\">\r\n                                        <a href=\"https:\/\/laplume.com.tr\/wp-content\/uploads\/2020\/07\/dubai20.jpg\" class=\"img_popup\">\r\n                                            <img decoding=\"async\" class=\"img_rounded\" src=\"https:\/\/laplume.com.tr\/wp-content\/uploads\/2020\/07\/dubai20.jpg\"\r\n                                                 alt=\"Dubai Hotel Show Exhibition 2016\">\r\n                                        <\/a>\r\n                                        <div class=\"portfolio-description\">\r\n                                            <a href=\"https:\/\/laplume.com.tr\/en\/portfolio\/dubai-hotel-show-exhibition-2016\/\" class=\"portfolio-title\">\r\n                                                <h3 class=\"f_500 f_size_20 f_p mt_30\"> Dubai Hotel Show Exhibition 2016 <\/h3>\r\n                                            <\/a>\r\n                                            <div class=\"links\">\r\n                                                <a href='https:\/\/laplume.com.tr\/en\/portfolio_cat\/fairs\/'> Fairs  <\/a>                                            <\/div>\r\n                                        <\/div>\r\n                                    <\/div>\r\n                                <\/div>\r\n                                                                <div class=\"col-lg-4  portfolio_filter_id_104  col-sm-6 portfolio_item br ux mb_50\">\r\n                                    <div class=\"portfolio_img\">\r\n                                        <a href=\"https:\/\/laplume.com.tr\/wp-content\/uploads\/2020\/07\/horeca-expo-6.jpg\" class=\"img_popup\">\r\n                                            <img decoding=\"async\" class=\"img_rounded\" src=\"https:\/\/laplume.com.tr\/wp-content\/uploads\/2020\/07\/horeca-expo-6.jpg\"\r\n                                                 alt=\"Horeca Athens 2018\">\r\n                                        <\/a>\r\n                                        <div class=\"portfolio-description\">\r\n                                            <a href=\"https:\/\/laplume.com.tr\/en\/portfolio\/horeca-athens-2018\/\" class=\"portfolio-title\">\r\n                                                <h3 class=\"f_500 f_size_20 f_p mt_30\"> Horeca Athens 2018 <\/h3>\r\n                                            <\/a>\r\n                                            <div class=\"links\">\r\n                                                <a href='https:\/\/laplume.com.tr\/en\/portfolio_cat\/fairs\/'> Fairs  <\/a>                                            <\/div>\r\n                                        <\/div>\r\n                                    <\/div>\r\n                                <\/div>\r\n                                                                <div class=\"col-lg-4  portfolio_filter_id_104  col-sm-6 portfolio_item br ux mb_50\">\r\n                                    <div class=\"portfolio_img\">\r\n                                        <a href=\"https:\/\/laplume.com.tr\/wp-content\/uploads\/2020\/07\/horeca-27.jpg\" class=\"img_popup\">\r\n                                            <img decoding=\"async\" class=\"img_rounded\" src=\"https:\/\/laplume.com.tr\/wp-content\/uploads\/2020\/07\/horeca-27.jpg\"\r\n                                                 alt=\"Horeca Expo Ghent 2017\">\r\n                                        <\/a>\r\n                                        <div class=\"portfolio-description\">\r\n                                            <a href=\"https:\/\/laplume.com.tr\/en\/portfolio\/horeca-expo-ghent-2017\/\" class=\"portfolio-title\">\r\n                                                <h3 class=\"f_500 f_size_20 f_p mt_30\"> Horeca Expo Ghent 2017 <\/h3>\r\n                                            <\/a>\r\n                                            <div class=\"links\">\r\n                                                <a href='https:\/\/laplume.com.tr\/en\/portfolio_cat\/fairs\/'> Fairs  <\/a>                                            <\/div>\r\n                                        <\/div>\r\n                                    <\/div>\r\n                                <\/div>\r\n                                                                <div class=\"col-lg-4  portfolio_filter_id_104  col-sm-6 portfolio_item br ux mb_50\">\r\n                                    <div class=\"portfolio_img\">\r\n                                        <a href=\"https:\/\/laplume.com.tr\/wp-content\/uploads\/2019\/01\/kenya.jpg\" class=\"img_popup\">\r\n                                            <img decoding=\"async\" class=\"img_rounded\" src=\"https:\/\/laplume.com.tr\/wp-content\/uploads\/2019\/01\/kenya.jpg\"\r\n                                                 alt=\"Kenya International Trade Exhibition\">\r\n                                        <\/a>\r\n                                        <div class=\"portfolio-description\">\r\n                                            <a href=\"https:\/\/laplume.com.tr\/en\/portfolio\/kenya-international-trade-exhibition\/\" class=\"portfolio-title\">\r\n                                                <h3 class=\"f_500 f_size_20 f_p mt_30\"> Kenya International Trade Exhibition <\/h3>\r\n                                            <\/a>\r\n                                            <div class=\"links\">\r\n                                                <a href='https:\/\/laplume.com.tr\/en\/portfolio_cat\/fairs\/'> Fairs  <\/a>                                            <\/div>\r\n                                        <\/div>\r\n                                    <\/div>\r\n                                <\/div>\r\n                                                                <div class=\"col-lg-4  portfolio_filter_id_104  col-sm-6 portfolio_item br ux mb_50\">\r\n                                    <div class=\"portfolio_img\">\r\n                                        <a href=\"https:\/\/laplume.com.tr\/wp-content\/uploads\/2020\/07\/hamburg-13.jpg\" class=\"img_popup\">\r\n                                            <img decoding=\"async\" class=\"img_rounded\" src=\"https:\/\/laplume.com.tr\/wp-content\/uploads\/2020\/07\/hamburg-13.jpg\"\r\n                                                 alt=\"WTCE Hamburg\">\r\n                                        <\/a>\r\n                                        <div class=\"portfolio-description\">\r\n                                            <a href=\"https:\/\/laplume.com.tr\/en\/portfolio\/wtce-hamburg\/\" class=\"portfolio-title\">\r\n                                                <h3 class=\"f_500 f_size_20 f_p mt_30\"> WTCE Hamburg <\/h3>\r\n                                            <\/a>\r\n                                            <div class=\"links\">\r\n                                                <a href='https:\/\/laplume.com.tr\/en\/portfolio_cat\/fairs\/'> Fairs  <\/a>                                            <\/div>\r\n                                        <\/div>\r\n                                    <\/div>\r\n                                <\/div>\r\n                                                <\/div>\r\n            <\/div>\r\n        <\/section>\r\n        \t\t\t\t<\/div>\n\t\t\t\t<\/div>\n\t\t\t\t\t<\/div>\n\t\t<\/div>\n\t\t\t\t\t<\/div>\n\t\t<\/section>\n\t\t\t\t<\/div>\n\t\t","protected":false},"excerpt":{"rendered":"<p>All Fuarlar Haberler WTCE Hamburg Fuarlar Horeca Athens 2018 Fuarlar Horeca Expo Ghent 2017 Fuarlar Dubai Hotel Show Exhibition 2016 Fuarlar Anfa\u015f Otel Ekipmanlar\u0131 Fuar\u0131 Antalya 2014 Fuarlar Anfa\u015f Otel Ekipmanlar\u0131 Fuar\u0131 Antalya Fuarlar Bebek \u015eenli\u011fi \u0130stanbul Fuarlar , Haberler Kenya International Trade Exhibition Fuarlar Anfa\u015f Otel Ekipmanlar\u0131 Fuar\u0131 Antalya Fuarlar<\/p>\n","protected":false},"author":1,"featured_media":0,"parent":0,"menu_order":0,"comment_status":"closed","ping_status":"closed","template":"elementor_header_footer","meta":{"footnotes":""},"class_list":["post-10856","page","type-page","status-publish","hentry"],"acf":[],"_links":{"self":[{"href":"https:\/\/laplume.com.tr\/en\/wp-json\/wp\/v2\/pages\/10856","targetHints":{"allow":["GET"]}}],"collection":[{"href":"https:\/\/laplume.com.tr\/en\/wp-json\/wp\/v2\/pages"}],"about":[{"href":"https:\/\/laplume.com.tr\/en\/wp-json\/wp\/v2\/types\/page"}],"author":[{"embeddable":true,"href":"https:\/\/laplume.com.tr\/en\/wp-json\/wp\/v2\/users\/1"}],"replies":[{"embeddable":true,"href":"https:\/\/laplume.com.tr\/en\/wp-json\/wp\/v2\/comments?post=10856"}],"version-history":[{"count":0,"href":"https:\/\/laplume.com.tr\/en\/wp-json\/wp\/v2\/pages\/10856\/revisions"}],"wp:attachment":[{"href":"https:\/\/laplume.com.tr\/en\/wp-json\/wp\/v2\/media?parent=10856"}],"curies":[{"name":"wp","href":"https:\/\/api.w.org\/{rel}","templated":true}]}}