{"id":10879,"date":"2020-08-26T21:37:50","date_gmt":"2020-08-26T21:37:50","guid":{"rendered":"http:\/\/laplume.com.tr\/?page_id=10879"},"modified":"2020-09-21T15:04:05","modified_gmt":"2020-09-21T15:04:05","slug":"about-us","status":"publish","type":"page","link":"https:\/\/laplume.com.tr\/en\/about-us\/","title":{"rendered":"About us"},"content":{"rendered":"\t\t<div data-elementor-type=\"wp-post\" data-elementor-id=\"10879\" class=\"elementor elementor-10879 elementor-1579\">\n\t\t\t\t\t\t<section class=\"elementor-section elementor-top-section elementor-element elementor-element-5c9919c elementor-section-full_width elementor-section-height-default elementor-section-height-default\" data-id=\"5c9919c\" data-element_type=\"section\">\n\t\t\t\t\t\t<div class=\"elementor-container elementor-column-gap-no\">\n\t\t\t\t\t<div class=\"elementor-column elementor-col-100 elementor-top-column elementor-element elementor-element-ddd2712\" data-id=\"ddd2712\" data-element_type=\"column\">\n\t\t\t<div class=\"elementor-widget-wrap elementor-element-populated\">\n\t\t\t\t\t\t<div class=\"elementor-element elementor-element-9c865e3 elementor-widget elementor-widget-Saasland_processes\" data-id=\"9c865e3\" data-element_type=\"widget\" data-widget_type=\"Saasland_processes.default\">\n\t\t\t\t<div class=\"elementor-widget-container\">\n\t\t\t\t\t            <section class=\"agency_featured_area\">\r\n                <div class=\"container\">\r\n                                        <div class=\"features_info\">\r\n                                                                                <div class=\"row agency_featured_item elementor-repeater-item-0979933 flex-row-reverse\">\r\n                                    <div class=\"col-lg-6\">\r\n                                        <div class=\"agency_featured_img text-right wow fadeInRight\"\r\n                                             data-wow-delay=\"0.4s\">\r\n                                            <img fetchpriority=\"high\" decoding=\"async\" width=\"500\" height=\"400\" src=\"https:\/\/laplume.com.tr\/wp-content\/uploads\/2020\/07\/biz-kimiz-h.jpg\" class=\"attachment-full size-full\" alt=\"\" srcset=\"https:\/\/laplume.com.tr\/wp-content\/uploads\/2020\/07\/biz-kimiz-h.jpg 500w, https:\/\/laplume.com.tr\/wp-content\/uploads\/2020\/07\/biz-kimiz-h-300x240.jpg 300w\" sizes=\"(max-width: 500px) 100vw, 500px\" \/>                                        <\/div>\r\n                                    <\/div>\r\n                                    <div class=\"col-lg-6\">\r\n                                        <div class=\"agency_featured_content pr_70 pl_70 wow fadeInLeft\"\r\n                                             data-wow-delay=\"0.6s\">\r\n                                            <div class=\"dot\"><span class=\"dot1\"><\/span><span class=\"dot2\"><\/span><\/div>\r\n                                            <img decoding=\"async\" width=\"24\" height=\"24\" src=\"https:\/\/laplume.com.tr\/wp-content\/uploads\/2020\/03\/shape_07.png\" class=\"attachment-full size-full\" alt=\"\" \/>                                                                                            <h3> Who we are <\/h3>\r\n                                                                                        <p>1941 \u2013 We started as an import-export company in Istanbul. We imported photographic films and blueprint papers from Europe and distributed these products in Turkey. <\/p>\n<p>1979 \u2013 We became a joint stock company. We became a manufacturer. We started producing cardboard bobbins at our first factory located in the East Industrial Zone  at Yenibosna.<\/p>\n                                                                                                <a href=\"\/biz-kimiz\/?lang=en\"                                                        class=\"btn_hover agency_banner_btn mt_30\">\r\n                                                        Check                                                    <\/a>\r\n                                                                                            <\/div>\r\n                                    <\/div>\r\n                                <\/div>\r\n                                                                <div class=\"row agency_featured_item elementor-repeater-item-727f51f agency_featured_item_two\">\r\n                                    <div class=\"col-lg-6\">\r\n                                        <div class=\"agency_featured_img text-right wow fadeInRight\"\r\n                                             data-wow-delay=\"0.4s\">\r\n                                            <img decoding=\"async\" width=\"768\" height=\"630\" src=\"https:\/\/laplume.com.tr\/wp-content\/uploads\/2020\/07\/kalite.jpg\" class=\"attachment-full size-full\" alt=\"\" srcset=\"https:\/\/laplume.com.tr\/wp-content\/uploads\/2020\/07\/kalite.jpg 768w, https:\/\/laplume.com.tr\/wp-content\/uploads\/2020\/07\/kalite-600x492.jpg 600w, https:\/\/laplume.com.tr\/wp-content\/uploads\/2020\/07\/kalite-300x246.jpg 300w, https:\/\/laplume.com.tr\/wp-content\/uploads\/2020\/07\/kalite-85x70.jpg 85w\" sizes=\"(max-width: 768px) 100vw, 768px\" \/>                                        <\/div>\r\n                                    <\/div>\r\n                                    <div class=\"col-lg-6\">\r\n                                        <div class=\"agency_featured_content pr_70 pl_100 wow fadeInLeft\"\r\n                                             data-wow-delay=\"0.6s\">\r\n                                            <div class=\"dot\"><span class=\"dot1\"><\/span><span class=\"dot2\"><\/span><\/div>\r\n                                            <img loading=\"lazy\" decoding=\"async\" width=\"36\" height=\"36\" src=\"https:\/\/laplume.com.tr\/wp-content\/uploads\/2020\/03\/shape_04.png\" class=\"attachment-full size-full\" alt=\"\" \/>                                                                                            <h3> Our Quality Policy <\/h3>\r\n                                                                                        <p>Quality is a philosophy of life and its history is old.<\/p>\n<p>We believe that a company should define objectives that focus on customers.<br \/>\nAs Elhadefler, we focus on \u201cadded value\u201d. We know that creativity, improvement and hard work can create the concept of added value.  <\/p>\n                                                                                                <a href=\"\/kalite-politikamiz\/?lang=en\"                                                        class=\"btn_hover agency_banner_btn mt_30\">\r\n                                                        Check                                                    <\/a>\r\n                                                                                            <\/div>\r\n                                    <\/div>\r\n                                <\/div>\r\n                                                                <div class=\"row agency_featured_item elementor-repeater-item-ae93421 flex-row-reverse\">\r\n                                    <div class=\"col-lg-6\">\r\n                                        <div class=\"agency_featured_img text-right wow fadeInRight\"\r\n                                             data-wow-delay=\"0.4s\">\r\n                                            <img loading=\"lazy\" decoding=\"async\" width=\"500\" height=\"400\" src=\"https:\/\/laplume.com.tr\/wp-content\/uploads\/2020\/07\/ar-gee.jpg\" class=\"attachment-full size-full\" alt=\"\" srcset=\"https:\/\/laplume.com.tr\/wp-content\/uploads\/2020\/07\/ar-gee.jpg 500w, https:\/\/laplume.com.tr\/wp-content\/uploads\/2020\/07\/ar-gee-300x240.jpg 300w\" sizes=\"(max-width: 500px) 100vw, 500px\" \/>                                        <\/div>\r\n                                    <\/div>\r\n                                    <div class=\"col-lg-6\">\r\n                                        <div class=\"agency_featured_content pr_70 pl_70 wow fadeInLeft\"\r\n                                             data-wow-delay=\"0.6s\">\r\n                                            <div class=\"dot\"><span class=\"dot1\"><\/span><span class=\"dot2\"><\/span><\/div>\r\n                                            <img loading=\"lazy\" decoding=\"async\" width=\"28\" height=\"22\" src=\"https:\/\/laplume.com.tr\/wp-content\/uploads\/2020\/03\/shape_03.png\" class=\"attachment-full size-full\" alt=\"\" \/>                                                                                            <h3> R&amp;D <\/h3>\r\n                                                                                        <p>Today, \u201ccreating intellectual capital\u201d is much more important then creating financial capital. We are aware of this reality. Since our first day in business, we have been investing in R&D and searching for new products and production models.<\/p>\n                                                                                                <a href=\"\/ar-ge\/?lang=en\"                                                        class=\"btn_hover agency_banner_btn mt_30\">\r\n                                                        Check                                                    <\/a>\r\n                                                                                            <\/div>\r\n                                    <\/div>\r\n                                <\/div>\r\n                                                                <div class=\"row agency_featured_item elementor-repeater-item-e672fd6 agency_featured_item_two\">\r\n                                    <div class=\"col-lg-6\">\r\n                                        <div class=\"agency_featured_img text-right wow fadeInRight\"\r\n                                             data-wow-delay=\"0.4s\">\r\n                                            <img loading=\"lazy\" decoding=\"async\" width=\"500\" height=\"400\" src=\"https:\/\/laplume.com.tr\/wp-content\/uploads\/2020\/07\/yesil-dost.jpg\" class=\"attachment-full size-full\" alt=\"\" srcset=\"https:\/\/laplume.com.tr\/wp-content\/uploads\/2020\/07\/yesil-dost.jpg 500w, https:\/\/laplume.com.tr\/wp-content\/uploads\/2020\/07\/yesil-dost-300x240.jpg 300w\" sizes=\"(max-width: 500px) 100vw, 500px\" \/>                                        <\/div>\r\n                                    <\/div>\r\n                                    <div class=\"col-lg-6\">\r\n                                        <div class=\"agency_featured_content pr_70 pl_100 wow fadeInLeft\"\r\n                                             data-wow-delay=\"0.6s\">\r\n                                            <div class=\"dot\"><span class=\"dot1\"><\/span><span class=\"dot2\"><\/span><\/div>\r\n                                            <img loading=\"lazy\" decoding=\"async\" width=\"10\" height=\"10\" src=\"https:\/\/laplume.com.tr\/wp-content\/uploads\/2020\/03\/shape_06.png\" class=\"attachment-full size-full\" alt=\"\" \/>                                                                                            <h3> Friendly With Green <\/h3>\r\n                                                                                        <p>Elhadefler Ka\u011f\u0131t\u00e7\u0131l\u0131k is a company that is friendly with GREEN.<\/p>\n<p>             \u00c7EVKO - Green Point (Der Gr\u00fcne Punkt)  member. We are one of the few companies in Turkey whose annual packaging consumption is inspected by \u00c7EVKO.<\/p>\n                                                                                                <a href=\"\/yesil-ile-dost\/?lang=en\"                                                        class=\"btn_hover agency_banner_btn mt_30\">\r\n                                                        Check                                                    <\/a>\r\n                                                                                            <\/div>\r\n                                    <\/div>\r\n                                <\/div>\r\n                                                                <div class=\"row agency_featured_item elementor-repeater-item-5a0eef9 flex-row-reverse\">\r\n                                    <div class=\"col-lg-6\">\r\n                                        <div class=\"agency_featured_img text-right wow fadeInRight\"\r\n                                             data-wow-delay=\"0.4s\">\r\n                                            <img loading=\"lazy\" decoding=\"async\" width=\"500\" height=\"346\" src=\"https:\/\/laplume.com.tr\/wp-content\/uploads\/2020\/07\/tesisimiz-hakkimizda-1.jpg\" class=\"attachment-full size-full\" alt=\"\" srcset=\"https:\/\/laplume.com.tr\/wp-content\/uploads\/2020\/07\/tesisimiz-hakkimizda-1.jpg 500w, https:\/\/laplume.com.tr\/wp-content\/uploads\/2020\/07\/tesisimiz-hakkimizda-1-300x208.jpg 300w\" sizes=\"(max-width: 500px) 100vw, 500px\" \/>                                        <\/div>\r\n                                    <\/div>\r\n                                    <div class=\"col-lg-6\">\r\n                                        <div class=\"agency_featured_content pr_70 pl_70 wow fadeInLeft\"\r\n                                             data-wow-delay=\"0.6s\">\r\n                                            <div class=\"dot\"><span class=\"dot1\"><\/span><span class=\"dot2\"><\/span><\/div>\r\n                                            <img loading=\"lazy\" decoding=\"async\" width=\"19\" height=\"21\" src=\"https:\/\/laplume.com.tr\/wp-content\/uploads\/2020\/03\/shape_08.png\" class=\"attachment-full size-full\" alt=\"\" \/>                                                                                            <h3> Our Facility <\/h3>\r\n                                                                                        <p>We are manufacturing  in our new factory building with 3000 m2 covered area at Sanayi Caddesi, Yenibosna area in Istanbul. We have a large machine park and large storage area. Thanks to our energetic production, we invest a new machine every year on average. The majority of our machinery park is of Turkish origin and designed by us.<\/p>\n                                                                                    <\/div>\r\n                                    <\/div>\r\n                                <\/div>\r\n                                                                <div class=\"row agency_featured_item elementor-repeater-item-59a5fdb agency_featured_item_two\">\r\n                                    <div class=\"col-lg-6\">\r\n                                        <div class=\"agency_featured_img text-right wow fadeInRight\"\r\n                                             data-wow-delay=\"0.4s\">\r\n                                            <img loading=\"lazy\" decoding=\"async\" width=\"500\" height=\"400\" src=\"https:\/\/laplume.com.tr\/wp-content\/uploads\/2020\/07\/kalite-ser.jpg\" class=\"attachment-full size-full\" alt=\"\" srcset=\"https:\/\/laplume.com.tr\/wp-content\/uploads\/2020\/07\/kalite-ser.jpg 500w, https:\/\/laplume.com.tr\/wp-content\/uploads\/2020\/07\/kalite-ser-300x240.jpg 300w\" sizes=\"(max-width: 500px) 100vw, 500px\" \/>                                        <\/div>\r\n                                    <\/div>\r\n                                    <div class=\"col-lg-6\">\r\n                                        <div class=\"agency_featured_content pr_70 pl_100 wow fadeInLeft\"\r\n                                             data-wow-delay=\"0.6s\">\r\n                                            <div class=\"dot\"><span class=\"dot1\"><\/span><span class=\"dot2\"><\/span><\/div>\r\n                                            <img loading=\"lazy\" decoding=\"async\" width=\"19\" height=\"21\" src=\"https:\/\/laplume.com.tr\/wp-content\/uploads\/2020\/03\/shape_08.png\" class=\"attachment-full size-full\" alt=\"\" \/>                                                                                            <h3> Our Quality Certificates: <\/h3>\r\n                                                                                        <p>We have ISO 9001-2008, CE (European Union certificate of conformity) certifications for all our products.<\/p>\n<p>HACCP Codex Alimentarius (quality certificate of contact with food) is available for our food and hotel-restaurant-catering sectors (PILPED, PILPEDforFISH and La Plume).<\/p>\n                                                                                                <a href=\"\/kalite-sertifikalarimiz\/?lang=en\"                                                        class=\"btn_hover agency_banner_btn mt_30\">\r\n                                                        Check                                                    <\/a>\r\n                                                                                            <\/div>\r\n                                    <\/div>\r\n                                <\/div>\r\n                                                        <div class=\"dot middle_dot middle_dot7\"><span class=\"dot1\"><\/span><span\r\n                                    class=\"dot2\"><\/span><\/div>\r\n                    <\/div>\r\n                <\/div>\r\n            <\/section>\r\n            \t\t\t\t<\/div>\n\t\t\t\t<\/div>\n\t\t\t\t\t<\/div>\n\t\t<\/div>\n\t\t\t\t\t<\/div>\n\t\t<\/section>\n\t\t\t\t<\/div>\n\t\t","protected":false},"excerpt":{"rendered":"<p>Who we are 1941 \u2013 We started as an import-export company in Istanbul. We imported photographic films and blueprint papers from Europe and distributed these products in Turkey. 1979 \u2013 We became a joint stock company. We became a manufacturer. We started producing cardboard bobbins at our first factory located in the East Industrial Zone [&hellip;]<\/p>\n","protected":false},"author":1,"featured_media":0,"parent":0,"menu_order":0,"comment_status":"closed","ping_status":"closed","template":"elementor_header_footer","meta":{"footnotes":""},"class_list":["post-10879","page","type-page","status-publish","hentry","no-post-thumbnail"],"acf":[],"_links":{"self":[{"href":"https:\/\/laplume.com.tr\/en\/wp-json\/wp\/v2\/pages\/10879","targetHints":{"allow":["GET"]}}],"collection":[{"href":"https:\/\/laplume.com.tr\/en\/wp-json\/wp\/v2\/pages"}],"about":[{"href":"https:\/\/laplume.com.tr\/en\/wp-json\/wp\/v2\/types\/page"}],"author":[{"embeddable":true,"href":"https:\/\/laplume.com.tr\/en\/wp-json\/wp\/v2\/users\/1"}],"replies":[{"embeddable":true,"href":"https:\/\/laplume.com.tr\/en\/wp-json\/wp\/v2\/comments?post=10879"}],"version-history":[{"count":0,"href":"https:\/\/laplume.com.tr\/en\/wp-json\/wp\/v2\/pages\/10879\/revisions"}],"wp:attachment":[{"href":"https:\/\/laplume.com.tr\/en\/wp-json\/wp\/v2\/media?parent=10879"}],"curies":[{"name":"wp","href":"https:\/\/api.w.org\/{rel}","templated":true}]}}