{"id":11287,"date":"2020-09-02T11:27:59","date_gmt":"2020-09-02T11:27:59","guid":{"rendered":"http:\/\/laplume.com.tr\/?page_id=11287"},"modified":"2020-09-21T15:27:05","modified_gmt":"2020-09-21T15:27:05","slug":"sobre-nosotros","status":"publish","type":"page","link":"https:\/\/laplume.com.tr\/es\/sobre-nosotros\/","title":{"rendered":"Sobre nosotros"},"content":{"rendered":"\t\t<div data-elementor-type=\"wp-post\" data-elementor-id=\"11287\" class=\"elementor elementor-11287 elementor-1579\">\n\t\t\t\t\t\t<section class=\"elementor-section elementor-top-section elementor-element elementor-element-5c9919c elementor-section-full_width elementor-section-height-default elementor-section-height-default\" data-id=\"5c9919c\" data-element_type=\"section\">\n\t\t\t\t\t\t<div class=\"elementor-container elementor-column-gap-no\">\n\t\t\t\t\t<div class=\"elementor-column elementor-col-100 elementor-top-column elementor-element elementor-element-ddd2712\" data-id=\"ddd2712\" data-element_type=\"column\">\n\t\t\t<div class=\"elementor-widget-wrap elementor-element-populated\">\n\t\t\t\t\t\t<div class=\"elementor-element elementor-element-9c865e3 elementor-widget elementor-widget-Saasland_processes\" data-id=\"9c865e3\" data-element_type=\"widget\" data-widget_type=\"Saasland_processes.default\">\n\t\t\t\t<div class=\"elementor-widget-container\">\n\t\t\t\t\t            <section class=\"agency_featured_area\">\r\n                <div class=\"container\">\r\n                                        <div class=\"features_info\">\r\n                                                                                <div class=\"row agency_featured_item elementor-repeater-item-0979933 flex-row-reverse\">\r\n                                    <div class=\"col-lg-6\">\r\n                                        <div class=\"agency_featured_img text-right wow fadeInRight\"\r\n                                             data-wow-delay=\"0.4s\">\r\n                                            <img fetchpriority=\"high\" decoding=\"async\" width=\"500\" height=\"400\" src=\"https:\/\/laplume.com.tr\/wp-content\/uploads\/2020\/07\/biz-kimiz-h.jpg\" class=\"attachment-full size-full\" alt=\"\" srcset=\"https:\/\/laplume.com.tr\/wp-content\/uploads\/2020\/07\/biz-kimiz-h.jpg 500w, https:\/\/laplume.com.tr\/wp-content\/uploads\/2020\/07\/biz-kimiz-h-300x240.jpg 300w\" sizes=\"(max-width: 500px) 100vw, 500px\" \/>                                        <\/div>\r\n                                    <\/div>\r\n                                    <div class=\"col-lg-6\">\r\n                                        <div class=\"agency_featured_content pr_70 pl_70 wow fadeInLeft\"\r\n                                             data-wow-delay=\"0.6s\">\r\n                                            <div class=\"dot\"><span class=\"dot1\"><\/span><span class=\"dot2\"><\/span><\/div>\r\n                                            <img decoding=\"async\" width=\"24\" height=\"24\" src=\"https:\/\/laplume.com.tr\/wp-content\/uploads\/2020\/03\/shape_07.png\" class=\"attachment-full size-full\" alt=\"\" \/>                                                                                            <h3> Quienes somos ? <\/h3>\r\n                                                                                        <p>1941 - Comenzamos como una empresa de importaci\u00f3n y exportaci\u00f3n en Estambul.<br \/>\nImportamos pel\u00edculas fotogr\u00e1ficas y papeles planos de Europa y distribuimos estos productos en Turqu\u00eda.<\/p>\n<p>1979 - Nos convertimos en una sociedad an\u00f3nima. Nos convertimos en un fabricante.<br \/>\nEmpezamos a producir bobinas de cart\u00f3n en nuestra primera f\u00e1brica ubicada en la zona<br \/>\nindustrial de Yenibosna.<\/p>\n                                                                                                <a href=\"\/biz-kimiz\/?lang=es\"                                                        class=\"btn_hover agency_banner_btn mt_30\">\r\n                                                        Revisi\u00f3n                                                    <\/a>\r\n                                                                                            <\/div>\r\n                                    <\/div>\r\n                                <\/div>\r\n                                                                <div class=\"row agency_featured_item elementor-repeater-item-727f51f agency_featured_item_two\">\r\n                                    <div class=\"col-lg-6\">\r\n                                        <div class=\"agency_featured_img text-right wow fadeInRight\"\r\n                                             data-wow-delay=\"0.4s\">\r\n                                            <img decoding=\"async\" width=\"768\" height=\"630\" src=\"https:\/\/laplume.com.tr\/wp-content\/uploads\/2020\/07\/kalite.jpg\" class=\"attachment-full size-full\" alt=\"\" srcset=\"https:\/\/laplume.com.tr\/wp-content\/uploads\/2020\/07\/kalite.jpg 768w, https:\/\/laplume.com.tr\/wp-content\/uploads\/2020\/07\/kalite-600x492.jpg 600w, https:\/\/laplume.com.tr\/wp-content\/uploads\/2020\/07\/kalite-300x246.jpg 300w, https:\/\/laplume.com.tr\/wp-content\/uploads\/2020\/07\/kalite-85x70.jpg 85w\" sizes=\"(max-width: 768px) 100vw, 768px\" \/>                                        <\/div>\r\n                                    <\/div>\r\n                                    <div class=\"col-lg-6\">\r\n                                        <div class=\"agency_featured_content pr_70 pl_100 wow fadeInLeft\"\r\n                                             data-wow-delay=\"0.6s\">\r\n                                            <div class=\"dot\"><span class=\"dot1\"><\/span><span class=\"dot2\"><\/span><\/div>\r\n                                            <img loading=\"lazy\" decoding=\"async\" width=\"36\" height=\"36\" src=\"https:\/\/laplume.com.tr\/wp-content\/uploads\/2020\/03\/shape_04.png\" class=\"attachment-full size-full\" alt=\"\" \/>                                                                                            <h3> Nuestra politica de calidad <\/h3>\r\n                                                                                        <p>La calidad es una filosof\u00eda de la vida y su historia es antigua.<\/p>\n<p>Creemos que una empresa debe definir objetivos que se centran en los clientes.<br \/>\nComo Elhadefler, nos centramos en el &quot;valor a\u00f1adido&quot;. Sabemos que la creatividad, la mejora y el trabajo duro pueden crear el concepto de valor a\u00f1adido.<\/p>\n                                                                                                <a href=\"\/kalite-politikamiz\/?lang=es\"                                                        class=\"btn_hover agency_banner_btn mt_30\">\r\n                                                        Revisi\u00f3n                                                    <\/a>\r\n                                                                                            <\/div>\r\n                                    <\/div>\r\n                                <\/div>\r\n                                                                <div class=\"row agency_featured_item elementor-repeater-item-ae93421 flex-row-reverse\">\r\n                                    <div class=\"col-lg-6\">\r\n                                        <div class=\"agency_featured_img text-right wow fadeInRight\"\r\n                                             data-wow-delay=\"0.4s\">\r\n                                            <img loading=\"lazy\" decoding=\"async\" width=\"500\" height=\"400\" src=\"https:\/\/laplume.com.tr\/wp-content\/uploads\/2020\/07\/ar-gee.jpg\" class=\"attachment-full size-full\" alt=\"\" srcset=\"https:\/\/laplume.com.tr\/wp-content\/uploads\/2020\/07\/ar-gee.jpg 500w, https:\/\/laplume.com.tr\/wp-content\/uploads\/2020\/07\/ar-gee-300x240.jpg 300w\" sizes=\"(max-width: 500px) 100vw, 500px\" \/>                                        <\/div>\r\n                                    <\/div>\r\n                                    <div class=\"col-lg-6\">\r\n                                        <div class=\"agency_featured_content pr_70 pl_70 wow fadeInLeft\"\r\n                                             data-wow-delay=\"0.6s\">\r\n                                            <div class=\"dot\"><span class=\"dot1\"><\/span><span class=\"dot2\"><\/span><\/div>\r\n                                            <img loading=\"lazy\" decoding=\"async\" width=\"28\" height=\"22\" src=\"https:\/\/laplume.com.tr\/wp-content\/uploads\/2020\/03\/shape_03.png\" class=\"attachment-full size-full\" alt=\"\" \/>                                                                                            <h3> Investigaci\u00f3n y desarrollo <\/h3>\r\n                                                                                        <p>Hoy en d\u00eda, &quot;crear capital intelectual&quot; es mucho m\u00e1s importante que crear capital financiero.<br \/>\nSomos conscientes de esta realidad. Desde nuestro primer d\u00eda de actividad, hemos estado invirtiendo en I &amp; D y buscando nuevos productos y modelos de producci\u00f3n.<\/p>\n                                                                                                <a href=\"\/ar-ge\/?lang=es\"                                                        class=\"btn_hover agency_banner_btn mt_30\">\r\n                                                        Revisi\u00f3n                                                    <\/a>\r\n                                                                                            <\/div>\r\n                                    <\/div>\r\n                                <\/div>\r\n                                                                <div class=\"row agency_featured_item elementor-repeater-item-e672fd6 agency_featured_item_two\">\r\n                                    <div class=\"col-lg-6\">\r\n                                        <div class=\"agency_featured_img text-right wow fadeInRight\"\r\n                                             data-wow-delay=\"0.4s\">\r\n                                            <img loading=\"lazy\" decoding=\"async\" width=\"500\" height=\"400\" src=\"https:\/\/laplume.com.tr\/wp-content\/uploads\/2020\/07\/yesil-dost.jpg\" class=\"attachment-full size-full\" alt=\"\" srcset=\"https:\/\/laplume.com.tr\/wp-content\/uploads\/2020\/07\/yesil-dost.jpg 500w, https:\/\/laplume.com.tr\/wp-content\/uploads\/2020\/07\/yesil-dost-300x240.jpg 300w\" sizes=\"(max-width: 500px) 100vw, 500px\" \/>                                        <\/div>\r\n                                    <\/div>\r\n                                    <div class=\"col-lg-6\">\r\n                                        <div class=\"agency_featured_content pr_70 pl_100 wow fadeInLeft\"\r\n                                             data-wow-delay=\"0.6s\">\r\n                                            <div class=\"dot\"><span class=\"dot1\"><\/span><span class=\"dot2\"><\/span><\/div>\r\n                                            <img loading=\"lazy\" decoding=\"async\" width=\"10\" height=\"10\" src=\"https:\/\/laplume.com.tr\/wp-content\/uploads\/2020\/03\/shape_06.png\" class=\"attachment-full size-full\" alt=\"\" \/>                                                                                            <h3> Amistoso Con El Verde <\/h3>\r\n                                                                                        <p>Elhadefler Ka\u011f\u0131t\u00e7\u0131l\u0131k es una empresa que es amigable con el VERDE.<\/p>\n<p>\u00c7EVKO - Miembro de Green Point (Der Gr\u00fcne Punkt). Somos una de las pocas<br \/>\nempresas en Turqu\u00eda cuyo consumo anual de envases es inspeccionado por \u00c7EVKO.<\/p>\n                                                                                                <a href=\"\/yesil-ile-dost\/?lang=es\"                                                        class=\"btn_hover agency_banner_btn mt_30\">\r\n                                                        Revisi\u00f3n                                                    <\/a>\r\n                                                                                            <\/div>\r\n                                    <\/div>\r\n                                <\/div>\r\n                                                                <div class=\"row agency_featured_item elementor-repeater-item-5a0eef9 flex-row-reverse\">\r\n                                    <div class=\"col-lg-6\">\r\n                                        <div class=\"agency_featured_img text-right wow fadeInRight\"\r\n                                             data-wow-delay=\"0.4s\">\r\n                                            <img loading=\"lazy\" decoding=\"async\" width=\"500\" height=\"346\" src=\"https:\/\/laplume.com.tr\/wp-content\/uploads\/2020\/07\/tesisimiz-hakkimizda-1.jpg\" class=\"attachment-full size-full\" alt=\"\" srcset=\"https:\/\/laplume.com.tr\/wp-content\/uploads\/2020\/07\/tesisimiz-hakkimizda-1.jpg 500w, https:\/\/laplume.com.tr\/wp-content\/uploads\/2020\/07\/tesisimiz-hakkimizda-1-300x208.jpg 300w\" sizes=\"(max-width: 500px) 100vw, 500px\" \/>                                        <\/div>\r\n                                    <\/div>\r\n                                    <div class=\"col-lg-6\">\r\n                                        <div class=\"agency_featured_content pr_70 pl_70 wow fadeInLeft\"\r\n                                             data-wow-delay=\"0.6s\">\r\n                                            <div class=\"dot\"><span class=\"dot1\"><\/span><span class=\"dot2\"><\/span><\/div>\r\n                                            <img loading=\"lazy\" decoding=\"async\" width=\"19\" height=\"21\" src=\"https:\/\/laplume.com.tr\/wp-content\/uploads\/2020\/03\/shape_08.png\" class=\"attachment-full size-full\" alt=\"\" \/>                                                                                            <h3> Nuestra Planta <\/h3>\r\n                                                                                        <p>Estamos fabricando en nuestra nueva f\u00e1brica con 3000 m2 de \u00e1rea cubierta en Sanayi Caddesi, Yenibosna en Estambul. Tenemos un gran parque de m\u00e1quinas y gran \u00e1rea de almacenamiento. Gracias a nuestra producci\u00f3n energ\u00e9tica, invertimos una nueva m\u00e1quina cada a\u00f1o en promedio. La mayor\u00eda de nuestro parque de maquinaria es de origen turco y<br \/>\ndise\u00f1ado por nosotros.<\/p>\n                                                                                    <\/div>\r\n                                    <\/div>\r\n                                <\/div>\r\n                                                                <div class=\"row agency_featured_item elementor-repeater-item-59a5fdb agency_featured_item_two\">\r\n                                    <div class=\"col-lg-6\">\r\n                                        <div class=\"agency_featured_img text-right wow fadeInRight\"\r\n                                             data-wow-delay=\"0.4s\">\r\n                                            <img loading=\"lazy\" decoding=\"async\" width=\"500\" height=\"400\" src=\"https:\/\/laplume.com.tr\/wp-content\/uploads\/2020\/07\/kalite-ser.jpg\" class=\"attachment-full size-full\" alt=\"\" srcset=\"https:\/\/laplume.com.tr\/wp-content\/uploads\/2020\/07\/kalite-ser.jpg 500w, https:\/\/laplume.com.tr\/wp-content\/uploads\/2020\/07\/kalite-ser-300x240.jpg 300w\" sizes=\"(max-width: 500px) 100vw, 500px\" \/>                                        <\/div>\r\n                                    <\/div>\r\n                                    <div class=\"col-lg-6\">\r\n                                        <div class=\"agency_featured_content pr_70 pl_100 wow fadeInLeft\"\r\n                                             data-wow-delay=\"0.6s\">\r\n                                            <div class=\"dot\"><span class=\"dot1\"><\/span><span class=\"dot2\"><\/span><\/div>\r\n                                            <img loading=\"lazy\" decoding=\"async\" width=\"19\" height=\"21\" src=\"https:\/\/laplume.com.tr\/wp-content\/uploads\/2020\/03\/shape_08.png\" class=\"attachment-full size-full\" alt=\"\" \/>                                                                                            <h3> Nuestros Certificados de Calidad <\/h3>\r\n                                                                                        <p>Contamos con las certificaciones ISO 9001-2008, CE (Certificado de conformidad<br \/>\nde la Uni\u00f3n Europea) para todos nuestros productos.<\/p>\n<p>HACCP Codex Alimentarius (certificado de calidad de contacto con los alimentos) est\u00e1<br \/>\ndisponible para nuestros sectores de alimentaci\u00f3n y hoteler\u00eda-restauraci\u00f3n (PILPED, PILPEDforPISH y La Plume).<\/p>\n                                                                                                <a href=\"\/kalite-sertifikalarimiz\/?lang=es\"                                                        class=\"btn_hover agency_banner_btn mt_30\">\r\n                                                        Revisi\u00f3n                                                    <\/a>\r\n                                                                                            <\/div>\r\n                                    <\/div>\r\n                                <\/div>\r\n                                                        <div class=\"dot middle_dot middle_dot7\"><span class=\"dot1\"><\/span><span\r\n                                    class=\"dot2\"><\/span><\/div>\r\n                    <\/div>\r\n                <\/div>\r\n            <\/section>\r\n            \t\t\t\t<\/div>\n\t\t\t\t<\/div>\n\t\t\t\t\t<\/div>\n\t\t<\/div>\n\t\t\t\t\t<\/div>\n\t\t<\/section>\n\t\t\t\t<\/div>\n\t\t","protected":false},"excerpt":{"rendered":"<p>Quienes somos ? 1941 &#8211; Comenzamos como una empresa de importaci\u00f3n y exportaci\u00f3n en Estambul. Importamos pel\u00edculas fotogr\u00e1ficas y papeles planos de Europa y distribuimos estos productos en Turqu\u00eda. 1979 &#8211; Nos convertimos en una sociedad an\u00f3nima. Nos convertimos en un fabricante. Empezamos a producir bobinas de cart\u00f3n en nuestra primera f\u00e1brica ubicada en la [&hellip;]<\/p>\n","protected":false},"author":1,"featured_media":0,"parent":0,"menu_order":0,"comment_status":"closed","ping_status":"closed","template":"elementor_header_footer","meta":{"footnotes":""},"class_list":["post-11287","page","type-page","status-publish","hentry","no-post-thumbnail"],"acf":[],"_links":{"self":[{"href":"https:\/\/laplume.com.tr\/es\/wp-json\/wp\/v2\/pages\/11287","targetHints":{"allow":["GET"]}}],"collection":[{"href":"https:\/\/laplume.com.tr\/es\/wp-json\/wp\/v2\/pages"}],"about":[{"href":"https:\/\/laplume.com.tr\/es\/wp-json\/wp\/v2\/types\/page"}],"author":[{"embeddable":true,"href":"https:\/\/laplume.com.tr\/es\/wp-json\/wp\/v2\/users\/1"}],"replies":[{"embeddable":true,"href":"https:\/\/laplume.com.tr\/es\/wp-json\/wp\/v2\/comments?post=11287"}],"version-history":[{"count":0,"href":"https:\/\/laplume.com.tr\/es\/wp-json\/wp\/v2\/pages\/11287\/revisions"}],"wp:attachment":[{"href":"https:\/\/laplume.com.tr\/es\/wp-json\/wp\/v2\/media?parent=11287"}],"curies":[{"name":"wp","href":"https:\/\/api.w.org\/{rel}","templated":true}]}}