{"id":11302,"date":"2020-09-02T12:48:14","date_gmt":"2020-09-02T12:48:14","guid":{"rendered":"http:\/\/laplume.com.tr\/?page_id=11302"},"modified":"2020-09-02T13:36:50","modified_gmt":"2020-09-02T13:36:50","slug":"nuestra-politica-de-calidad","status":"publish","type":"page","link":"https:\/\/laplume.com.tr\/es\/nuestra-politica-de-calidad\/","title":{"rendered":"Nuestra politica de calidad"},"content":{"rendered":"\t\t<div data-elementor-type=\"wp-post\" data-elementor-id=\"11302\" class=\"elementor elementor-11302 elementor-5315\">\n\t\t\t\t\t\t<section class=\"elementor-section elementor-top-section elementor-element elementor-element-5c9919c elementor-section-full_width elementor-section-height-default elementor-section-height-default\" data-id=\"5c9919c\" data-element_type=\"section\">\n\t\t\t\t\t\t<div class=\"elementor-container elementor-column-gap-no\">\n\t\t\t\t\t<div class=\"elementor-column elementor-col-100 elementor-top-column elementor-element elementor-element-ddd2712\" data-id=\"ddd2712\" data-element_type=\"column\">\n\t\t\t<div class=\"elementor-widget-wrap elementor-element-populated\">\n\t\t\t\t\t\t<div class=\"elementor-element elementor-element-9c865e3 elementor-widget elementor-widget-Saasland_processes\" data-id=\"9c865e3\" data-element_type=\"widget\" data-widget_type=\"Saasland_processes.default\">\n\t\t\t\t<div class=\"elementor-widget-container\">\n\t\t\t\t\t            <section class=\"agency_featured_area\">\r\n                <div class=\"container\">\r\n                                        <div class=\"features_info\">\r\n                                                    <img decoding=\"async\" class=\"dot_img\" src=\"https:\/\/laplume.com.tr\/wp-content\/plugins\/saasland-core\/widgets\/images\/dot_3_items.png\" alt=\"Shape\">\r\n                                                                                    <div class=\"row agency_featured_item elementor-repeater-item-0979933 agency_featured_item_two\">\r\n                                    <div class=\"col-lg-6\">\r\n                                        <div class=\"agency_featured_img text-right wow fadeInRight\"\r\n                                             data-wow-delay=\"0.4s\">\r\n                                            <img fetchpriority=\"high\" decoding=\"async\" width=\"500\" height=\"400\" src=\"https:\/\/laplume.com.tr\/wp-content\/uploads\/2020\/07\/kalite-tarih.jpg\" class=\"attachment-full size-full\" alt=\"\" srcset=\"https:\/\/laplume.com.tr\/wp-content\/uploads\/2020\/07\/kalite-tarih.jpg 500w, https:\/\/laplume.com.tr\/wp-content\/uploads\/2020\/07\/kalite-tarih-300x240.jpg 300w\" sizes=\"(max-width: 500px) 100vw, 500px\" \/>                                        <\/div>\r\n                                    <\/div>\r\n                                    <div class=\"col-lg-6\">\r\n                                        <div class=\"agency_featured_content pr_70 pl_100 wow fadeInLeft\"\r\n                                             data-wow-delay=\"0.6s\">\r\n                                            <div class=\"dot\"><span class=\"dot1\"><\/span><span class=\"dot2\"><\/span><\/div>\r\n                                            <img decoding=\"async\" width=\"24\" height=\"24\" src=\"https:\/\/laplume.com.tr\/wp-content\/uploads\/2020\/03\/shape_07.png\" class=\"attachment-full size-full\" alt=\"\" \/>                                                                                            <h3> Historia de la calidad <\/h3>\r\n                                                                                        <p><b><i>En la cultura de Anatolia, los comerciantes de Ahi sol\u00edan inspeccionar a sus colegas. Si alg\u00fan comerciante actuaba de manera poco \u00e9tica y enga\u00f1aba a un cliente, los dem\u00e1s comerciantes de la ciudad &quot;colgar\u00edan sus zapatos en el techo&quot;. Cuando los aldeanos vieron los zapatos, no comprar\u00edan de ese comerciante.<\/i><\/b><span style=\"font-weight: 400;\">.<\/span><\/p>\n                                                                                            <a href=\"\"                                                    class=\"icon mt_30 btn_icon\"><i\r\n                                                            class=\"ti-arrow-right\"><\/i><\/a>\r\n                                                                                        <\/div>\r\n                                    <\/div>\r\n                                <\/div>\r\n                                                                <div class=\"row agency_featured_item elementor-repeater-item-2d6f662 flex-row-reverse\">\r\n                                    <div class=\"col-lg-6\">\r\n                                        <div class=\"agency_featured_img text-right wow fadeInRight\"\r\n                                             data-wow-delay=\"0.4s\">\r\n                                            <img decoding=\"async\" width=\"500\" height=\"400\" src=\"https:\/\/laplume.com.tr\/wp-content\/uploads\/2020\/07\/odak-noktasi.jpg\" class=\"attachment-full size-full\" alt=\"\" srcset=\"https:\/\/laplume.com.tr\/wp-content\/uploads\/2020\/07\/odak-noktasi.jpg 500w, https:\/\/laplume.com.tr\/wp-content\/uploads\/2020\/07\/odak-noktasi-300x240.jpg 300w\" sizes=\"(max-width: 500px) 100vw, 500px\" \/>                                        <\/div>\r\n                                    <\/div>\r\n                                    <div class=\"col-lg-6\">\r\n                                        <div class=\"agency_featured_content pr_70 pl_70 wow fadeInLeft\"\r\n                                             data-wow-delay=\"0.6s\">\r\n                                            <div class=\"dot\"><span class=\"dot1\"><\/span><span class=\"dot2\"><\/span><\/div>\r\n                                            <img decoding=\"async\" width=\"24\" height=\"24\" src=\"https:\/\/laplume.com.tr\/wp-content\/uploads\/2020\/03\/shape_07.png\" class=\"attachment-full size-full\" alt=\"\" \/>                                                                                            <h3> Nuestro objetivo <\/h3>\r\n                                                                                        <p>Como Elhadefler, nos centramos en el &quot;valor a\u00f1adido&quot;. Sabemos que la creatividad, la mejora y el trabajo duro pueden crear el concepto de valor a\u00f1adido.<\/p>\n<p>Es por eso que desde 1941 nos hemos mejorado sabiendo que fabricamos productos<br \/>\npara las personas. Sabemos que debemos ser diferentes.<\/p>\n                                                                                            <a href=\"\"                                                    class=\"icon mt_30 btn_icon\"><i\r\n                                                            class=\"ti-arrow-right\"><\/i><\/a>\r\n                                                                                        <\/div>\r\n                                    <\/div>\r\n                                <\/div>\r\n                                                                <div class=\"row agency_featured_item elementor-repeater-item-78e8c7f agency_featured_item_two\">\r\n                                    <div class=\"col-lg-6\">\r\n                                        <div class=\"agency_featured_img text-right wow fadeInRight\"\r\n                                             data-wow-delay=\"0.4s\">\r\n                                            <img loading=\"lazy\" decoding=\"async\" width=\"500\" height=\"292\" src=\"https:\/\/laplume.com.tr\/wp-content\/uploads\/2020\/07\/hedefimiz-new.jpg\" class=\"attachment-full size-full\" alt=\"\" srcset=\"https:\/\/laplume.com.tr\/wp-content\/uploads\/2020\/07\/hedefimiz-new.jpg 500w, https:\/\/laplume.com.tr\/wp-content\/uploads\/2020\/07\/hedefimiz-new-300x175.jpg 300w\" sizes=\"(max-width: 500px) 100vw, 500px\" \/>                                        <\/div>\r\n                                    <\/div>\r\n                                    <div class=\"col-lg-6\">\r\n                                        <div class=\"agency_featured_content pr_70 pl_100 wow fadeInLeft\"\r\n                                             data-wow-delay=\"0.6s\">\r\n                                            <div class=\"dot\"><span class=\"dot1\"><\/span><span class=\"dot2\"><\/span><\/div>\r\n                                            <img decoding=\"async\" width=\"24\" height=\"24\" src=\"https:\/\/laplume.com.tr\/wp-content\/uploads\/2020\/03\/shape_07.png\" class=\"attachment-full size-full\" alt=\"\" \/>                                                                                            <h3> Objetivo <\/h3>\r\n                                                                                        <p>Creemos que una empresa debe definir objetivos que se centran en los clientes.<br \/>\nComo Elhadefler, nos centramos en el &quot;valor a\u00f1adido&quot;. Sabemos que la creatividad, la mejora y el trabajo duro pueden crear el concepto de valor a\u00f1adido.<\/p>\n                                                                                            <a href=\"\"                                                    class=\"icon mt_30 btn_icon\"><i\r\n                                                            class=\"ti-arrow-right\"><\/i><\/a>\r\n                                                                                        <\/div>\r\n                                    <\/div>\r\n                                <\/div>\r\n                                                        <div class=\"dot middle_dot middle_dot4\"><span class=\"dot1\"><\/span><span\r\n                                    class=\"dot2\"><\/span><\/div>\r\n                    <\/div>\r\n                <\/div>\r\n            <\/section>\r\n            \t\t\t\t<\/div>\n\t\t\t\t<\/div>\n\t\t\t\t\t<\/div>\n\t\t<\/div>\n\t\t\t\t\t<\/div>\n\t\t<\/section>\n\t\t\t\t<section class=\"elementor-section elementor-top-section elementor-element elementor-element-71ade5d elementor-section-boxed elementor-section-height-default elementor-section-height-default\" data-id=\"71ade5d\" data-element_type=\"section\">\n\t\t\t\t\t\t<div class=\"elementor-container elementor-column-gap-default\">\n\t\t\t\t\t<div class=\"elementor-column elementor-col-100 elementor-top-column elementor-element elementor-element-023c27c\" data-id=\"023c27c\" data-element_type=\"column\">\n\t\t\t<div class=\"elementor-widget-wrap elementor-element-populated\">\n\t\t\t\t\t\t<div class=\"elementor-element elementor-element-1b25a8d elementor-widget elementor-widget-html\" data-id=\"1b25a8d\" data-element_type=\"widget\" data-widget_type=\"html.default\">\n\t\t\t\t<div class=\"elementor-widget-container\">\n\t\t\t\t\t<style>\n    a.icon.mt_30.btn_icon {\n    display: none;\n}\n<\/style>\t\t\t\t<\/div>\n\t\t\t\t<\/div>\n\t\t\t\t\t<\/div>\n\t\t<\/div>\n\t\t\t\t\t<\/div>\n\t\t<\/section>\n\t\t\t\t<section class=\"elementor-section elementor-top-section elementor-element elementor-element-7a5d6204 elementor-section-full_width elementor-section-height-default elementor-section-height-default\" data-id=\"7a5d6204\" data-element_type=\"section\" id=\"faq\">\n\t\t\t\t\t\t<div class=\"elementor-container elementor-column-gap-no\">\n\t\t\t\t\t<div class=\"elementor-column elementor-col-100 elementor-top-column elementor-element elementor-element-2f778a02\" data-id=\"2f778a02\" data-element_type=\"column\">\n\t\t\t<div class=\"elementor-widget-wrap elementor-element-populated\">\n\t\t\t\t\t\t<div class=\"elementor-element elementor-element-1f821dc elementor-widget elementor-widget-saasland_appart_screen_feature\" data-id=\"1f821dc\" data-element_type=\"widget\" data-widget_type=\"saasland_appart_screen_feature.default\">\n\t\t\t\t<div class=\"elementor-widget-container\">\n\t\t\t\t\t            <section class=\"features_area features_area_pad feature-bg shape\">\r\n                <div class=\"container\">\r\n                    <div class=\"row \">\r\n                                                    <div class=\"col-lg-7 col-sm-12 f_img text-right\">\r\n                                <img decoding=\"async\" src=\"http:\/\/laplume.com.tr\/wp-content\/uploads\/2020\/06\/kalite-pol.jpg\" alt=\"featured\">\r\n                            <\/div>\r\n                                                <div class=\"col-lg-5 col-sm-12 features_content_three\">\r\n                            <div class=\"title-four\">\r\n                                                                    <h2> Pol\u00edtica de calidad<\/h2>\r\n                                                            <\/div>\r\n                                                            <p>Sabemos que la creatividad, la mejora y el trabajo duro pueden crear el concepto de valor a\u00f1adido.<\/p>\n                                <div class=\"scree_feature_item\">\r\n                                    <div class=\"media d-flex\">\r\n                                        <div class=\"media-left\">\r\n                                            <div class=\"icon\"><i class='ti-location-arrow'><\/i><\/div>                                        <\/div>\r\n                                        <div class=\"media-body\"> Nuestra misi\u00f3n <\/div>\r\n                                    <\/div>\r\n                                                                            <p>Para crear soluciones c\u00f3modas, econ\u00f3micas e higi\u00e9nicas para nuestros clientes con<br \/>\nnuestro enfoque innovador y creativo.<br \/>\n<\/p>\r\n                                                                    <\/div>\r\n                                                                <div class=\"scree_feature_item\">\r\n                                    <div class=\"media d-flex\">\r\n                                        <div class=\"media-left\">\r\n                                            <div class=\"icon\"><i class='ti-support'><\/i><\/div>                                        <\/div>\r\n                                        <div class=\"media-body\"> Nuestra promesa <\/div>\r\n                                    <\/div>\r\n                                                                            <p>Seguiremos siempre est\u00e1ndares internacionales, mejoraremos nuestra calidad standarts todo el tiempo e innovaremos continuamente.<\/p>\r\n                                                                    <\/div>\r\n                                                                <div class=\"scree_feature_item\">\r\n                                    <div class=\"media d-flex\">\r\n                                        <div class=\"media-left\">\r\n                                            <div class=\"icon\"><i class='ti-stats-up'><\/i><\/div>                                        <\/div>\r\n                                        <div class=\"media-body\"> Nuestra visi\u00f3n <\/div>\r\n                                    <\/div>\r\n                                                                            <p>Con la fuerza que hemos adquirido de nuestra experiencia desde 1941, nuestro<br \/>\nobjetivo es ser uno de los l\u00edderes globales en los escenarios globales a los que servimos.<\/p>\r\n                                                                    <\/div>\r\n                                                        <\/div>\r\n                    <\/div>\r\n                <\/div>\r\n            <\/section>\r\n            \t\t\t\t<\/div>\n\t\t\t\t<\/div>\n\t\t\t\t\t<\/div>\n\t\t<\/div>\n\t\t\t\t\t<\/div>\n\t\t<\/section>\n\t\t\t\t<\/div>\n\t\t","protected":false},"excerpt":{"rendered":"<p>Historia de la calidad En la cultura de Anatolia, los comerciantes de Ahi sol\u00edan inspeccionar a sus colegas. Si alg\u00fan comerciante actuaba de manera poco \u00e9tica y enga\u00f1aba a un cliente, los dem\u00e1s comerciantes de la ciudad &quot;colgar\u00edan sus zapatos en el techo&quot;. Cuando los aldeanos vieron los zapatos, no comprar\u00edan de ese comerciante.. Nuestro [&hellip;]<\/p>\n","protected":false},"author":1,"featured_media":0,"parent":0,"menu_order":0,"comment_status":"closed","ping_status":"closed","template":"elementor_header_footer","meta":{"footnotes":""},"class_list":["post-11302","page","type-page","status-publish","hentry","no-post-thumbnail"],"acf":[],"_links":{"self":[{"href":"https:\/\/laplume.com.tr\/es\/wp-json\/wp\/v2\/pages\/11302","targetHints":{"allow":["GET"]}}],"collection":[{"href":"https:\/\/laplume.com.tr\/es\/wp-json\/wp\/v2\/pages"}],"about":[{"href":"https:\/\/laplume.com.tr\/es\/wp-json\/wp\/v2\/types\/page"}],"author":[{"embeddable":true,"href":"https:\/\/laplume.com.tr\/es\/wp-json\/wp\/v2\/users\/1"}],"replies":[{"embeddable":true,"href":"https:\/\/laplume.com.tr\/es\/wp-json\/wp\/v2\/comments?post=11302"}],"version-history":[{"count":0,"href":"https:\/\/laplume.com.tr\/es\/wp-json\/wp\/v2\/pages\/11302\/revisions"}],"wp:attachment":[{"href":"https:\/\/laplume.com.tr\/es\/wp-json\/wp\/v2\/media?parent=11302"}],"curies":[{"name":"wp","href":"https:\/\/api.w.org\/{rel}","templated":true}]}}