{"id":11305,"date":"2020-09-02T13:38:21","date_gmt":"2020-09-02T13:38:21","guid":{"rendered":"http:\/\/laplume.com.tr\/?page_id=11305"},"modified":"2020-09-02T13:40:52","modified_gmt":"2020-09-02T13:40:52","slug":"investigacion-y-desarrollo","status":"publish","type":"page","link":"https:\/\/laplume.com.tr\/es\/investigacion-y-desarrollo\/","title":{"rendered":"Investigaci\u00f3n y desarrollo"},"content":{"rendered":"\t\t<div data-elementor-type=\"wp-post\" data-elementor-id=\"11305\" class=\"elementor elementor-11305 elementor-5321\">\n\t\t\t\t\t\t<section class=\"elementor-section elementor-top-section elementor-element elementor-element-4e47cbd elementor-section-boxed elementor-section-height-default elementor-section-height-default\" data-id=\"4e47cbd\" data-element_type=\"section\">\n\t\t\t\t\t\t<div class=\"elementor-container elementor-column-gap-default\">\n\t\t\t\t\t<div class=\"elementor-column elementor-col-100 elementor-top-column elementor-element elementor-element-15170e0\" data-id=\"15170e0\" data-element_type=\"column\">\n\t\t\t<div class=\"elementor-widget-wrap elementor-element-populated\">\n\t\t\t\t\t\t<div class=\"elementor-element elementor-element-baf4cdc elementor-widget elementor-widget-testimonial\" data-id=\"baf4cdc\" data-element_type=\"widget\" data-widget_type=\"testimonial.default\">\n\t\t\t\t<div class=\"elementor-widget-container\">\n\t\t\t\t\t\t\t<div class=\"elementor-testimonial-wrapper\">\n\t\t\t\t\t\t\t<div class=\"elementor-testimonial-content\"><i>\n\" El zapato est\u00e1 ah\u00ed ... Existe ... Puede ser visto y puede ser probado. Sin embargo, la I &amp; D es s\u00f3lo una proyecci\u00f3n de un futuro que no existe en este momento. <strong>No est\u00e1 all\u00ed, no puede ser visto, ni probado.<\/strong> \"\n<\/i><\/div>\n\t\t\t\n\t\t\t\t\t\t<div class=\"elementor-testimonial-meta elementor-has-image elementor-testimonial-image-position-top\">\n\t\t\t\t<div class=\"elementor-testimonial-meta-inner\">\n\t\t\t\t\t\t\t\t\t\t\t<div class=\"elementor-testimonial-image\">\n\t\t\t\t\t\t\t<img fetchpriority=\"high\" decoding=\"async\" width=\"300\" height=\"300\" src=\"https:\/\/laplume.com.tr\/wp-content\/uploads\/2020\/03\/circle-2.png\" class=\"attachment-full size-full wp-image-5047\" alt=\"\" \/>\t\t\t\t\t\t<\/div>\n\t\t\t\t\t\n\t\t\t\t\t\t\t\t\t\t<div class=\"elementor-testimonial-details\">\n\t\t\t\t\t\t\t\t\t\t\t\t\t\t<div class=\"elementor-testimonial-name\">Robert A. Frosch<\/div>\n\t\t\t\t\t\t\t\t\t\t\t\t\t\t\t\t\t\t\t\t\t\t<div class=\"elementor-testimonial-job\">Scientist<\/div>\n\t\t\t\t\t\t\t\t\t\t\t\t\t<\/div>\n\t\t\t\t\t\t\t\t\t<\/div>\n\t\t\t<\/div>\n\t\t\t\t\t<\/div>\n\t\t\t\t\t\t<\/div>\n\t\t\t\t<\/div>\n\t\t\t\t\t<\/div>\n\t\t<\/div>\n\t\t\t\t\t<\/div>\n\t\t<\/section>\n\t\t\t\t<section class=\"elementor-section elementor-top-section elementor-element elementor-element-5c9919c elementor-section-full_width elementor-section-height-default elementor-section-height-default\" data-id=\"5c9919c\" data-element_type=\"section\">\n\t\t\t\t\t\t<div class=\"elementor-container elementor-column-gap-no\">\n\t\t\t\t\t<div class=\"elementor-column elementor-col-100 elementor-top-column elementor-element elementor-element-ddd2712\" data-id=\"ddd2712\" data-element_type=\"column\">\n\t\t\t<div class=\"elementor-widget-wrap elementor-element-populated\">\n\t\t\t\t\t\t<div class=\"elementor-element elementor-element-9c865e3 elementor-widget elementor-widget-Saasland_processes\" data-id=\"9c865e3\" data-element_type=\"widget\" data-widget_type=\"Saasland_processes.default\">\n\t\t\t\t<div class=\"elementor-widget-container\">\n\t\t\t\t\t            <section class=\"agency_featured_area\">\r\n                <div class=\"container\">\r\n                                        <div class=\"features_info\">\r\n                                                                                <div class=\"row agency_featured_item elementor-repeater-item-0979933 flex-row-reverse\">\r\n                                    <div class=\"col-lg-6\">\r\n                                        <div class=\"agency_featured_img text-right wow fadeInRight\"\r\n                                             data-wow-delay=\"0.4s\">\r\n                                            <img decoding=\"async\" width=\"500\" height=\"400\" src=\"https:\/\/laplume.com.tr\/wp-content\/uploads\/2020\/07\/ar-gee.jpg\" class=\"attachment-full size-full\" alt=\"\" srcset=\"https:\/\/laplume.com.tr\/wp-content\/uploads\/2020\/07\/ar-gee.jpg 500w, https:\/\/laplume.com.tr\/wp-content\/uploads\/2020\/07\/ar-gee-300x240.jpg 300w\" sizes=\"(max-width: 500px) 100vw, 500px\" \/>                                        <\/div>\r\n                                    <\/div>\r\n                                    <div class=\"col-lg-6\">\r\n                                        <div class=\"agency_featured_content pr_70 pl_70 wow fadeInLeft\"\r\n                                             data-wow-delay=\"0.6s\">\r\n                                            <div class=\"dot\"><span class=\"dot1\"><\/span><span class=\"dot2\"><\/span><\/div>\r\n                                            <img decoding=\"async\" width=\"24\" height=\"24\" src=\"https:\/\/laplume.com.tr\/wp-content\/uploads\/2020\/03\/shape_07.png\" class=\"attachment-full size-full\" alt=\"\" \/>                                                                                        <p>Hoy en d\u00eda, &quot;crear capital intelectual&quot; es mucho m\u00e1s importante que crear capital financiero.<\/p>\n<p>Somos conscientes de esta realidad. Desde nuestro primer d\u00eda de actividad, hemos estado invirtiendo en I &amp; D y buscando nuevos productos y modelos de producci\u00f3n.<\/p>\n<p>No es una coincidencia que produjimos muchos &quot;primeros&quot; en Turqu\u00eda. Todos nuestros productos son el resultado de este enfoque.<\/p>\n                                                                                            <a href=\"\"                                                    class=\"icon mt_30 btn_icon\"><i\r\n                                                            class=\"ti-arrow-right\"><\/i><\/a>\r\n                                                                                        <\/div>\r\n                                    <\/div>\r\n                                <\/div>\r\n                                                        <div class=\"dot middle_dot middle_dot2\"><span class=\"dot1\"><\/span><span\r\n                                    class=\"dot2\"><\/span><\/div>\r\n                    <\/div>\r\n                <\/div>\r\n            <\/section>\r\n            \t\t\t\t<\/div>\n\t\t\t\t<\/div>\n\t\t\t\t\t<\/div>\n\t\t<\/div>\n\t\t\t\t\t<\/div>\n\t\t<\/section>\n\t\t\t\t<section class=\"elementor-section elementor-top-section elementor-element elementor-element-71ade5d elementor-section-boxed elementor-section-height-default elementor-section-height-default\" data-id=\"71ade5d\" data-element_type=\"section\">\n\t\t\t\t\t\t<div class=\"elementor-container elementor-column-gap-default\">\n\t\t\t\t\t<div class=\"elementor-column elementor-col-100 elementor-top-column elementor-element elementor-element-023c27c\" data-id=\"023c27c\" data-element_type=\"column\">\n\t\t\t<div class=\"elementor-widget-wrap elementor-element-populated\">\n\t\t\t\t\t\t<div class=\"elementor-element elementor-element-1b25a8d elementor-widget elementor-widget-html\" data-id=\"1b25a8d\" data-element_type=\"widget\" data-widget_type=\"html.default\">\n\t\t\t\t<div class=\"elementor-widget-container\">\n\t\t\t\t\t<style>\n    a.icon.mt_30.btn_icon {\n    display: none;\n}\n<\/style>\t\t\t\t<\/div>\n\t\t\t\t<\/div>\n\t\t\t\t\t<\/div>\n\t\t<\/div>\n\t\t\t\t\t<\/div>\n\t\t<\/section>\n\t\t\t\t<\/div>\n\t\t","protected":false},"excerpt":{"rendered":"<p>&#8221; El zapato est\u00e1 ah\u00ed &#8230; Existe &#8230; Puede ser visto y puede ser probado. Sin embargo, la I &amp; D es s\u00f3lo una proyecci\u00f3n de un futuro que no existe en este momento. No est\u00e1 all\u00ed, no puede ser visto, ni probado. &#8220; Robert A. Frosch Scientist Hoy en d\u00eda, &quot;crear capital intelectual&quot; es [&hellip;]<\/p>\n","protected":false},"author":1,"featured_media":0,"parent":0,"menu_order":0,"comment_status":"closed","ping_status":"closed","template":"elementor_header_footer","meta":{"footnotes":""},"class_list":["post-11305","page","type-page","status-publish","hentry","no-post-thumbnail"],"acf":[],"_links":{"self":[{"href":"https:\/\/laplume.com.tr\/es\/wp-json\/wp\/v2\/pages\/11305","targetHints":{"allow":["GET"]}}],"collection":[{"href":"https:\/\/laplume.com.tr\/es\/wp-json\/wp\/v2\/pages"}],"about":[{"href":"https:\/\/laplume.com.tr\/es\/wp-json\/wp\/v2\/types\/page"}],"author":[{"embeddable":true,"href":"https:\/\/laplume.com.tr\/es\/wp-json\/wp\/v2\/users\/1"}],"replies":[{"embeddable":true,"href":"https:\/\/laplume.com.tr\/es\/wp-json\/wp\/v2\/comments?post=11305"}],"version-history":[{"count":0,"href":"https:\/\/laplume.com.tr\/es\/wp-json\/wp\/v2\/pages\/11305\/revisions"}],"wp:attachment":[{"href":"https:\/\/laplume.com.tr\/es\/wp-json\/wp\/v2\/media?parent=11305"}],"curies":[{"name":"wp","href":"https:\/\/api.w.org\/{rel}","templated":true}]}}