{"id":11319,"date":"2020-09-03T06:00:25","date_gmt":"2020-09-03T06:00:25","guid":{"rendered":"http:\/\/laplume.com.tr\/?page_id=11319"},"modified":"2020-09-21T15:32:33","modified_gmt":"2020-09-21T15:32:33","slug":"que-es-la-plume","status":"publish","type":"page","link":"https:\/\/laplume.com.tr\/es\/que-es-la-plume\/","title":{"rendered":"\u00bfQu\u00e9 es La Plume?"},"content":{"rendered":"\t\t<div data-elementor-type=\"wp-post\" data-elementor-id=\"11319\" class=\"elementor elementor-11319 elementor-5368\">\n\t\t\t\t\t\t<section class=\"elementor-section elementor-top-section elementor-element elementor-element-71ade5d elementor-section-boxed elementor-section-height-default elementor-section-height-default\" data-id=\"71ade5d\" data-element_type=\"section\">\n\t\t\t\t\t\t<div class=\"elementor-container elementor-column-gap-default\">\n\t\t\t\t\t<div class=\"elementor-column elementor-col-100 elementor-top-column elementor-element elementor-element-023c27c\" data-id=\"023c27c\" data-element_type=\"column\">\n\t\t\t<div class=\"elementor-widget-wrap elementor-element-populated\">\n\t\t\t\t\t\t<div class=\"elementor-element elementor-element-1b25a8d elementor-widget elementor-widget-html\" data-id=\"1b25a8d\" data-element_type=\"widget\" data-widget_type=\"html.default\">\n\t\t\t\t<div class=\"elementor-widget-container\">\n\t\t\t\t\t<style>\n    a.icon.mt_30.btn_icon {\n    display: none;\n}\n<\/style>\t\t\t\t<\/div>\n\t\t\t\t<\/div>\n\t\t\t\t\t<\/div>\n\t\t<\/div>\n\t\t\t\t\t<\/div>\n\t\t<\/section>\n\t\t\t\t<section class=\"elementor-section elementor-top-section elementor-element elementor-element-7fdb147c elementor-section-boxed elementor-section-height-default elementor-section-height-default\" data-id=\"7fdb147c\" data-element_type=\"section\">\n\t\t\t\t\t\t<div class=\"elementor-container elementor-column-gap-default\">\n\t\t\t\t\t<div class=\"elementor-column elementor-col-50 elementor-top-column elementor-element elementor-element-ec25156\" data-id=\"ec25156\" data-element_type=\"column\">\n\t\t\t<div class=\"elementor-widget-wrap elementor-element-populated\">\n\t\t\t\t\t\t<div class=\"elementor-element elementor-element-7fb944f0 elementor-widget elementor-widget-image\" data-id=\"7fb944f0\" data-element_type=\"widget\" data-widget_type=\"image.default\">\n\t\t\t\t<div class=\"elementor-widget-container\">\n\t\t\t\t\t\t\t\t\t\t\t\t\t\t\t<img fetchpriority=\"high\" decoding=\"async\" width=\"1054\" height=\"858\" src=\"https:\/\/laplume.com.tr\/wp-content\/uploads\/2020\/06\/ozel-calisma-1.jpg\" class=\"attachment-full size-full wp-image-8953\" alt=\"\" srcset=\"https:\/\/laplume.com.tr\/wp-content\/uploads\/2020\/06\/ozel-calisma-1.jpg 1054w, https:\/\/laplume.com.tr\/wp-content\/uploads\/2020\/06\/ozel-calisma-1-600x488.jpg 600w, https:\/\/laplume.com.tr\/wp-content\/uploads\/2020\/06\/ozel-calisma-1-300x244.jpg 300w, https:\/\/laplume.com.tr\/wp-content\/uploads\/2020\/06\/ozel-calisma-1-1024x834.jpg 1024w, https:\/\/laplume.com.tr\/wp-content\/uploads\/2020\/06\/ozel-calisma-1-768x625.jpg 768w, https:\/\/laplume.com.tr\/wp-content\/uploads\/2020\/06\/ozel-calisma-1-370x300.jpg 370w, https:\/\/laplume.com.tr\/wp-content\/uploads\/2020\/06\/ozel-calisma-1-85x70.jpg 85w\" sizes=\"(max-width: 1054px) 100vw, 1054px\" \/>\t\t\t\t\t\t\t\t\t\t\t\t\t\t\t<\/div>\n\t\t\t\t<\/div>\n\t\t\t\t\t<\/div>\n\t\t<\/div>\n\t\t\t\t<div class=\"elementor-column elementor-col-50 elementor-top-column elementor-element elementor-element-4a9bd502\" data-id=\"4a9bd502\" data-element_type=\"column\">\n\t\t\t<div class=\"elementor-widget-wrap elementor-element-populated\">\n\t\t\t\t\t\t<div class=\"elementor-element elementor-element-3a605bd2 elementor-widget elementor-widget-heading\" data-id=\"3a605bd2\" data-element_type=\"widget\" data-widget_type=\"heading.default\">\n\t\t\t\t<div class=\"elementor-widget-container\">\n\t\t\t\t\t<h2 class=\"elementor-heading-title elementor-size-default\">La Plume sorprender\u00e1 a sus invitados con muchas opciones diferentes;<\/h2>\t\t\t\t<\/div>\n\t\t\t\t<\/div>\n\t\t\t\t<div class=\"elementor-element elementor-element-4e8226d4 elementor-widget elementor-widget-text-editor\" data-id=\"4e8226d4\" data-element_type=\"widget\" data-widget_type=\"text-editor.default\">\n\t\t\t\t<div class=\"elementor-widget-container\">\n\t\t\t\t\t\t\t\t\t<p>Usted crear\u00e1 las tablas envidiables por cada uno. <strong>La Plume Airlaid<\/strong> es un producto econ\u00f3mico y c\u00f3modo que ofrece la elegancia del tejido y la practicidad del desechable al mismo tiempo.<\/p><p>La Plume, que producimos con material airlaid para aquellos que quieren poner la mejor mesa para sus invitados y brindar un servicio de primera;<\/p>\t\t\t\t\t\t\t\t<\/div>\n\t\t\t\t<\/div>\n\t\t\t\t<div class=\"elementor-element elementor-element-78e10083 elementor-widget elementor-widget-text-editor\" data-id=\"78e10083\" data-element_type=\"widget\" data-widget_type=\"text-editor.default\">\n\t\t\t\t<div class=\"elementor-widget-container\">\n\t\t\t\t\t\t\t\t\t<ul class=\"list-unstyled mb-30 list_icon\">\n \t<li><i class=\"ti-arrow-circle-right\"><\/i>Textil texturizada<\/li>\n \t<li><i class=\"ti-arrow-circle-right\"><\/i>higi\u00e9nica<\/li>\n \t<li><i class=\"ti-arrow-circle-right\"><\/i>desechable<\/li>\n \t<li><i class=\"ti-arrow-circle-right\"><\/i>Productos de vajilla de alta calidad.<\/li>\n<\/ul>\t\t\t\t\t\t\t\t<\/div>\n\t\t\t\t<\/div>\n\t\t\t\t\t<\/div>\n\t\t<\/div>\n\t\t\t\t\t<\/div>\n\t\t<\/section>\n\t\t\t\t<section class=\"elementor-section elementor-top-section elementor-element elementor-element-c943b1d elementor-section-stretched elementor-section-full_width elementor-section-height-default elementor-section-height-default\" data-id=\"c943b1d\" data-element_type=\"section\" data-settings=\"{&quot;stretch_section&quot;:&quot;section-stretched&quot;,&quot;background_background&quot;:&quot;classic&quot;}\">\n\t\t\t\t\t\t<div class=\"elementor-container elementor-column-gap-no\">\n\t\t\t\t\t<div class=\"elementor-column elementor-col-100 elementor-top-column elementor-element elementor-element-9409f39\" data-id=\"9409f39\" data-element_type=\"column\">\n\t\t\t<div class=\"elementor-widget-wrap elementor-element-populated\">\n\t\t\t\t\t\t<div class=\"elementor-element elementor-element-82f353b elementor-widget elementor-widget-saasland_c2a\" data-id=\"82f353b\" data-element_type=\"widget\" data-widget_type=\"saasland_c2a.default\">\n\t\t\t\t<div class=\"elementor-widget-container\">\n\t\t\t\t\t<section class=\"action_area_three sec_pad\">\r\n    <div class=\"curved\"><\/div>\r\n    <div class=\"container\">\r\n        <div class=\"row\">\r\n            <div class=\"col-lg-12\">\r\n                <div class=\"action_content text-center\">\r\n                                        <h2 class=\"f_600 f_size_30 l_height45 mb_40\">\r\n                    Cont\u00e1ctenos                <\/h2>\r\n                                                    <a href=\"\/iletisim\/?lang=es\"\r\n                                                                       class=\"about_btn white_btn wow fadeInLeft\" data-wow-delay=\"0.3s\">\r\n                        Contacto                    <\/a>\r\n                                            <\/div>\r\n        <\/div>\r\n    <\/div>\r\n    <\/div>\r\n<\/section>\t\t\t\t<\/div>\n\t\t\t\t<\/div>\n\t\t\t\t\t<\/div>\n\t\t<\/div>\n\t\t\t\t\t<\/div>\n\t\t<\/section>\n\t\t\t\t<section class=\"elementor-section elementor-top-section elementor-element elementor-element-d9964d5 elementor-section-boxed elementor-section-height-default elementor-section-height-default\" data-id=\"d9964d5\" data-element_type=\"section\">\n\t\t\t\t\t\t<div class=\"elementor-container elementor-column-gap-default\">\n\t\t\t\t\t<div class=\"elementor-column elementor-col-50 elementor-top-column elementor-element elementor-element-8874877\" data-id=\"8874877\" data-element_type=\"column\">\n\t\t\t<div class=\"elementor-widget-wrap elementor-element-populated\">\n\t\t\t\t\t\t<div class=\"elementor-element elementor-element-d003229 elementor-widget elementor-widget-heading\" data-id=\"d003229\" data-element_type=\"widget\" data-widget_type=\"heading.default\">\n\t\t\t\t<div class=\"elementor-widget-container\">\n\t\t\t\t\t<h2 class=\"elementor-heading-title elementor-size-default\">Hoy trabajamos con muchas marcas importantes de hoteles y aerol\u00edneas en Turqu\u00eda. <\/h2>\t\t\t\t<\/div>\n\t\t\t\t<\/div>\n\t\t\t\t<div class=\"elementor-element elementor-element-3e1e981 elementor-widget elementor-widget-text-editor\" data-id=\"3e1e981\" data-element_type=\"widget\" data-widget_type=\"text-editor.default\">\n\t\t\t\t<div class=\"elementor-widget-container\">\n\t\t\t\t\t\t\t\t\t<p>Ofrecemos servilletas, corredores, manteles y toallas de material airlaid en <strong>20 colores diferentes<\/strong>. Podemos aplicar su nombre corporativo y logotipo en nuestros productos con diferentes opciones de impresi\u00f3n.<\/p><p>Hoy trabajamos con muchas <strong>marcas importantes de hoteles<\/strong> y aerol\u00edneas en Turqu\u00eda. Tambi\u00e9n estamos exportando nuestros productos de marca La Plume, que son las reflexiones de nuestro know-how desde <strong>1941<\/strong>, a m\u00e1s de 35 pa\u00edses en 4 continentes diferentes hoy.<\/p><p><br \/>Le garantizamos que estar\u00e1 hablando mucho de las mesas de <strong>La Plume<\/strong>. Puede utilizar nuestros productos airlaid con tranquilidad sin lavarse, rasgar, manchar.<\/p>\t\t\t\t\t\t\t\t<\/div>\n\t\t\t\t<\/div>\n\t\t\t\t\t<\/div>\n\t\t<\/div>\n\t\t\t\t<div class=\"elementor-column elementor-col-50 elementor-top-column elementor-element elementor-element-e7631a2\" data-id=\"e7631a2\" data-element_type=\"column\">\n\t\t\t<div class=\"elementor-widget-wrap elementor-element-populated\">\n\t\t\t\t\t\t<div class=\"elementor-element elementor-element-7fc6165 elementor-widget elementor-widget-image\" data-id=\"7fc6165\" data-element_type=\"widget\" data-widget_type=\"image.default\">\n\t\t\t\t<div class=\"elementor-widget-container\">\n\t\t\t\t\t\t\t\t\t\t\t\t\t\t\t<img decoding=\"async\" width=\"287\" height=\"431\" src=\"https:\/\/laplume.com.tr\/wp-content\/uploads\/2020\/07\/otel-havayolu.jpg\" class=\"attachment-full size-full wp-image-10462\" alt=\"\" srcset=\"https:\/\/laplume.com.tr\/wp-content\/uploads\/2020\/07\/otel-havayolu.jpg 287w, https:\/\/laplume.com.tr\/wp-content\/uploads\/2020\/07\/otel-havayolu-200x300.jpg 200w\" sizes=\"(max-width: 287px) 100vw, 287px\" \/>\t\t\t\t\t\t\t\t\t\t\t\t\t\t\t<\/div>\n\t\t\t\t<\/div>\n\t\t\t\t\t<\/div>\n\t\t<\/div>\n\t\t\t\t\t<\/div>\n\t\t<\/section>\n\t\t\t\t<section class=\"elementor-section elementor-top-section elementor-element elementor-element-cb16fca elementor-section-boxed elementor-section-height-default elementor-section-height-default\" data-id=\"cb16fca\" data-element_type=\"section\">\n\t\t\t\t\t\t<div class=\"elementor-container elementor-column-gap-default\">\n\t\t\t\t\t<div class=\"elementor-column elementor-col-100 elementor-top-column elementor-element elementor-element-ec2f2cd\" data-id=\"ec2f2cd\" data-element_type=\"column\">\n\t\t\t<div class=\"elementor-widget-wrap elementor-element-populated\">\n\t\t\t\t\t\t<div class=\"elementor-element elementor-element-cf46cdd elementor-widget elementor-widget-accordion\" data-id=\"cf46cdd\" data-element_type=\"widget\" data-widget_type=\"accordion.default\">\n\t\t\t\t<div class=\"elementor-widget-container\">\n\t\t\t\t\t\t\t<div class=\"elementor-accordion\">\n\t\t\t\t\t\t\t<div class=\"elementor-accordion-item\">\n\t\t\t\t\t<div id=\"elementor-tab-title-2171\" class=\"elementor-tab-title\" data-tab=\"1\" role=\"button\" aria-controls=\"elementor-tab-content-2171\" aria-expanded=\"false\">\n\t\t\t\t\t\t\t\t\t\t\t\t\t<span class=\"elementor-accordion-icon elementor-accordion-icon-left\" aria-hidden=\"true\">\n\t\t\t\t\t\t\t\t\t\t\t\t\t\t\t<span class=\"elementor-accordion-icon-closed\"><i class=\"fas fa-plus\"><\/i><\/span>\n\t\t\t\t\t\t\t\t<span class=\"elementor-accordion-icon-opened\"><i class=\"fas fa-minus\"><\/i><\/span>\n\t\t\t\t\t\t\t\t\t\t\t\t\t\t<\/span>\n\t\t\t\t\t\t\t\t\t\t\t\t<a class=\"elementor-accordion-title\" tabindex=\"0\">Las ventajas de las servilletas y productos de mesa LA PLUME AIRLAID en comparaci\u00f3n con las servilletas y los productos de mesa y toallas de mano DE LINO:  <\/a>\n\t\t\t\t\t<\/div>\n\t\t\t\t\t<div id=\"elementor-tab-content-2171\" class=\"elementor-tab-content elementor-clearfix\" data-tab=\"1\" role=\"region\" aria-labelledby=\"elementor-tab-title-2171\"><p><style>\nspan.elementor-icon-list-icon br {<br \/>    display: none;<br \/>}<br \/><\/style><\/p><ul class=\"elementor-icon-list-items\"><li class=\"elementor-icon-list-item\"><span class=\"elementor-icon-list-icon\"><br \/><i class=\"fas fa-chevron-right\" aria-hidden=\"true\"><\/i> <\/span><br \/><span class=\"elementor-icon-list-text\"><strong>La Plume Airlaid Napkins &amp; Tabletop Products<\/strong> tienen casi la misma apariencia y textura que las servilletas de lino. <\/span><\/li><li class=\"elementor-icon-list-item\"><span class=\"elementor-icon-list-icon\"><br \/><i class=\"fas fa-chevron-right\" aria-hidden=\"true\"><\/i> <\/span><br \/><span class=\"elementor-icon-list-text\">La Plume Airlaid Napkins &amp; Tabletop Products son 100% desechables. En este sentido, son completamente higi\u00e9nicos. Por lo tanto, <strong>usa una toalla nueva y limpia<\/strong> cada vez que nadie la haya usado antes. <\/span><\/li><li class=\"elementor-icon-list-item\"><span class=\"elementor-icon-list-icon\"><br \/><i class=\"fas fa-chevron-right\" aria-hidden=\"true\"><\/i> <\/span><br \/><span class=\"elementor-icon-list-text\">La Plume Airlaid Napkins &amp; Tabletop Products se fabrican de acuerdo con la directiva del Consejo Europeo y del Parlamento Europeo sobre la gesti\u00f3n de los contactos directos del 27.10.2004. Todos los productos <strong>&#8220;La Plume&#8221;<\/strong> est\u00e1n hechos de materiales reciclables, biodegradables y compostables en la naturaleza. Nuestra materia prima est\u00e1 certificada FSC. <\/span><\/li><li class=\"elementor-icon-list-item\"><span class=\"elementor-icon-list-icon\"><br \/><i class=\"fas fa-chevron-right\" aria-hidden=\"true\"><\/i> <\/span><br \/><span class=\"elementor-icon-list-text\"><strong>La Plume Airlaid Napkins &amp; Tabletop Products<\/strong> eliminan el costo, el tiempo y el esfuerzo invertidos en la limpieza en seco. <\/span><\/li><li class=\"elementor-icon-list-item\"><span class=\"elementor-icon-list-icon\"><br \/><i class=\"fas fa-chevron-right\" aria-hidden=\"true\"><\/i> <\/span><br \/><span class=\"elementor-icon-list-text\">La Plume Airlaid Napkins &amp; Tabletop Products eliminan los costos adicionales de lavado, como s\u00e1banas p\u00e1lidas, manchadas, perdidas y hojas de repuesto que deben mantenerse en existencia. <\/span><\/li><li class=\"elementor-icon-list-item\"><span class=\"elementor-icon-list-icon\"><br \/><i class=\"fas fa-chevron-right\" aria-hidden=\"true\"><\/i> <\/span><br \/><span class=\"elementor-icon-list-text\">La Plume Airlaid Napkins &amp; Tabletop Products son siempre brillantes y tienen el mismo tono de color. <strong>Sin embargo, los productos de lino,<\/strong> despu\u00e9s de varias limpiezas en seco, comienzan a decolorarse y cambiar de color. <\/span><\/li><li class=\"elementor-icon-list-item\"><span class=\"elementor-icon-list-icon\"><br \/><i class=\"fas fa-chevron-right\" aria-hidden=\"true\"><\/i> <\/span><br \/><span class=\"elementor-icon-list-text\">Tendr\u00e1 la libertad de usar el color de su elecci\u00f3n en nuestra amplia paleta de colores, disponible en cualquier momento.<\/span><\/li><\/ul><\/div>\n\t\t\t\t<\/div>\n\t\t\t\t\t\t\t<div class=\"elementor-accordion-item\">\n\t\t\t\t\t<div id=\"elementor-tab-title-2172\" class=\"elementor-tab-title\" data-tab=\"2\" role=\"button\" aria-controls=\"elementor-tab-content-2172\" aria-expanded=\"false\">\n\t\t\t\t\t\t\t\t\t\t\t\t\t<span class=\"elementor-accordion-icon elementor-accordion-icon-left\" aria-hidden=\"true\">\n\t\t\t\t\t\t\t\t\t\t\t\t\t\t\t<span class=\"elementor-accordion-icon-closed\"><i class=\"fas fa-plus\"><\/i><\/span>\n\t\t\t\t\t\t\t\t<span class=\"elementor-accordion-icon-opened\"><i class=\"fas fa-minus\"><\/i><\/span>\n\t\t\t\t\t\t\t\t\t\t\t\t\t\t<\/span>\n\t\t\t\t\t\t\t\t\t\t\t\t<a class=\"elementor-accordion-title\" tabindex=\"0\">Las ventajas de las servilletas y productos de mesa LA PLUME AIRLAID en comparaci\u00f3n con las servilletas y los productos de mesa y toallas de mano DE PAPEL<\/a>\n\t\t\t\t\t<\/div>\n\t\t\t\t\t<div id=\"elementor-tab-content-2172\" class=\"elementor-tab-content elementor-clearfix\" data-tab=\"2\" role=\"region\" aria-labelledby=\"elementor-tab-title-2172\"><p><style>\nspan.elementor-icon-list-icon br{display: none;}<br \/><\/style><\/p><ul class=\"elementor-icon-list-items\"><li class=\"elementor-icon-list-item\"><span class=\"elementor-icon-list-icon\"><br \/><i class=\"fas fa-check\" aria-hidden=\"true\"><\/i> <\/span><br \/><span class=\"elementor-icon-list-text\">En promedio, se consumen 3 toallas de papel durante una comida. En el inodoro, en promedio, se utilizan 3-4 toallas de papel para secar las manos. <strong>Las personas a menudo toman pu\u00f1ados de toallas<\/strong> de papel y los costos aumentan r\u00e1pidamente. <\/span><\/li><li class=\"elementor-icon-list-item\"><span class=\"elementor-icon-list-icon\"><br \/><i class=\"fas fa-check\" aria-hidden=\"true\"><\/i> <\/span><br \/><span class=\"elementor-icon-list-text\">Por otro lado, ser\u00e1 suficiente usar una <strong>La Plume Airlaid Napkins &amp; Tabletop Products<\/strong> para dos prop\u00f3sitos.<br \/>Con <strong>La Plume Airlaid Napkins &amp; Tabletop Products<\/strong>, la calidad del servicio que brinda a sus clientes aumentar\u00e1 visiblemente mientras ahorra dinero. Este es un gran valor agregado a su experiencia de servicio sin gastar m\u00e1s dinero.<br \/><\/span><\/li><\/ul><\/div>\n\t\t\t\t<\/div>\n\t\t\t\t\t\t\t\t<\/div>\n\t\t\t\t\t\t<\/div>\n\t\t\t\t<\/div>\n\t\t\t\t\t<\/div>\n\t\t<\/div>\n\t\t\t\t\t<\/div>\n\t\t<\/section>\n\t\t\t\t<\/div>\n\t\t","protected":false},"excerpt":{"rendered":"<p>La Plume sorprender\u00e1 a sus invitados con muchas opciones diferentes; Usted crear\u00e1 las tablas envidiables por cada uno. La Plume Airlaid es un producto econ\u00f3mico y c\u00f3modo que ofrece la elegancia del tejido y la practicidad del desechable al mismo tiempo. La Plume, que producimos con material airlaid para aquellos que quieren poner la mejor [&hellip;]<\/p>\n","protected":false},"author":1,"featured_media":0,"parent":0,"menu_order":0,"comment_status":"closed","ping_status":"closed","template":"elementor_header_footer","meta":{"footnotes":""},"class_list":["post-11319","page","type-page","status-publish","hentry","no-post-thumbnail"],"acf":[],"_links":{"self":[{"href":"https:\/\/laplume.com.tr\/es\/wp-json\/wp\/v2\/pages\/11319","targetHints":{"allow":["GET"]}}],"collection":[{"href":"https:\/\/laplume.com.tr\/es\/wp-json\/wp\/v2\/pages"}],"about":[{"href":"https:\/\/laplume.com.tr\/es\/wp-json\/wp\/v2\/types\/page"}],"author":[{"embeddable":true,"href":"https:\/\/laplume.com.tr\/es\/wp-json\/wp\/v2\/users\/1"}],"replies":[{"embeddable":true,"href":"https:\/\/laplume.com.tr\/es\/wp-json\/wp\/v2\/comments?post=11319"}],"version-history":[{"count":0,"href":"https:\/\/laplume.com.tr\/es\/wp-json\/wp\/v2\/pages\/11319\/revisions"}],"wp:attachment":[{"href":"https:\/\/laplume.com.tr\/es\/wp-json\/wp\/v2\/media?parent=11319"}],"curies":[{"name":"wp","href":"https:\/\/api.w.org\/{rel}","templated":true}]}}