{"id":11442,"date":"2020-09-03T13:21:58","date_gmt":"2020-09-03T13:21:58","guid":{"rendered":"http:\/\/laplume.com.tr\/?page_id=11442"},"modified":"2020-09-03T13:22:44","modified_gmt":"2020-09-03T13:22:44","slug":"galeria","status":"publish","type":"page","link":"https:\/\/laplume.com.tr\/es\/galeria\/","title":{"rendered":"Galer\u00eda"},"content":{"rendered":"\t\t<div data-elementor-type=\"wp-post\" data-elementor-id=\"11442\" class=\"elementor elementor-11442 elementor-1488\">\n\t\t\t\t\t\t<section class=\"elementor-section elementor-top-section elementor-element elementor-element-59b657b elementor-section-full_width elementor-section-height-default elementor-section-height-default\" data-id=\"59b657b\" data-element_type=\"section\">\n\t\t\t\t\t\t<div class=\"elementor-container elementor-column-gap-no\">\n\t\t\t\t\t<div class=\"elementor-column elementor-col-100 elementor-top-column elementor-element elementor-element-10a77b3\" data-id=\"10a77b3\" data-element_type=\"column\">\n\t\t\t<div class=\"elementor-widget-wrap elementor-element-populated\">\n\t\t\t\t\t\t<div class=\"elementor-element elementor-element-d69bd87 elementor-widget elementor-widget-saasland_portfolio_masonry\" data-id=\"d69bd87\" data-element_type=\"widget\" data-widget_type=\"saasland_portfolio_masonry.default\">\n\t\t\t\t<div class=\"elementor-widget-container\">\n\t\t\t\t\t            <section class=\"portfolio_area\">\r\n            <div class=\"container\">\r\n                <div id=\"portfolio_filter\" class=\"portfolio_filter mb_50\">\r\n                                            <div data-filter=\"*\" class=\"work_portfolio_item active\">\r\n                            Todas                        <\/div>\r\n                                                                    <div data-filter=\".portfolio_filter_id_132\" class=\"work_portfolio_item\">\r\n                                Ferias                            <\/div>\r\n                                                        <div data-filter=\".portfolio_filter_id_131\" class=\"work_portfolio_item\">\r\n                                Noticias                            <\/div>\r\n                                            <\/div>\r\n                <div class=\"row portfolio_gallery mb_30\" id=\"work-portfolio\">\r\n                                                    <div class=\"col-lg-4  portfolio_filter_id_132  col-sm-6 portfolio_item br ux mb_50\">\r\n                                    <div class=\"portfolio_img\">\r\n                                        <a href=\"https:\/\/laplume.com.tr\/wp-content\/uploads\/2019\/01\/anfas.jpg\" class=\"img_popup\">\r\n                                            <img decoding=\"async\" class=\"img_rounded\" src=\"https:\/\/laplume.com.tr\/wp-content\/uploads\/2019\/01\/anfas.jpg\"\r\n                                                 alt=\"Anfa\u015f Feria de equipamiento hotelero Antalya\">\r\n                                        <\/a>\r\n                                        <div class=\"portfolio-description\">\r\n                                            <a href=\"https:\/\/laplume.com.tr\/es\/portfolio\/anfas-feria-de-equipamiento-hotelero-antalya\/\" class=\"portfolio-title\">\r\n                                                <h3 class=\"f_500 f_size_20 f_p mt_30\"> Anfa\u015f Feria de equipamiento hotelero Antalya <\/h3>\r\n                                            <\/a>\r\n                                            <div class=\"links\">\r\n                                                <a href='https:\/\/laplume.com.tr\/es\/portfolio_cat\/ferias\/'> Ferias  <\/a>                                            <\/div>\r\n                                        <\/div>\r\n                                    <\/div>\r\n                                <\/div>\r\n                                                                <div class=\"col-lg-4  portfolio_filter_id_132  col-sm-6 portfolio_item br ux mb_50\">\r\n                                    <div class=\"portfolio_img\">\r\n                                        <a href=\"https:\/\/laplume.com.tr\/wp-content\/uploads\/2020\/07\/anfas-antalya.jpg\" class=\"img_popup\">\r\n                                            <img decoding=\"async\" class=\"img_rounded\" src=\"https:\/\/laplume.com.tr\/wp-content\/uploads\/2020\/07\/anfas-antalya.jpg\"\r\n                                                 alt=\"Anfa\u015f Feria de equipamiento hotelero Antalya\">\r\n                                        <\/a>\r\n                                        <div class=\"portfolio-description\">\r\n                                            <a href=\"https:\/\/laplume.com.tr\/es\/portfolio\/anfas-feria-de-equipamiento-hotelero-antalya-2\/\" class=\"portfolio-title\">\r\n                                                <h3 class=\"f_500 f_size_20 f_p mt_30\"> Anfa\u015f Feria de equipamiento hotelero Antalya <\/h3>\r\n                                            <\/a>\r\n                                            <div class=\"links\">\r\n                                                <a href='https:\/\/laplume.com.tr\/es\/portfolio_cat\/ferias\/'> Ferias  <\/a>                                            <\/div>\r\n                                        <\/div>\r\n                                    <\/div>\r\n                                <\/div>\r\n                                                                <div class=\"col-lg-4  portfolio_filter_id_132  col-sm-6 portfolio_item br ux mb_50\">\r\n                                    <div class=\"portfolio_img\">\r\n                                        <a href=\"https:\/\/laplume.com.tr\/wp-content\/uploads\/2020\/07\/anfasss-13.jpg\" class=\"img_popup\">\r\n                                            <img decoding=\"async\" class=\"img_rounded\" src=\"https:\/\/laplume.com.tr\/wp-content\/uploads\/2020\/07\/anfasss-13.jpg\"\r\n                                                 alt=\"Anfa\u015f Feria de equipamiento hotelero Antalya 2014\">\r\n                                        <\/a>\r\n                                        <div class=\"portfolio-description\">\r\n                                            <a href=\"https:\/\/laplume.com.tr\/es\/portfolio\/anfas-feria-de-equipamiento-hotelero-antalya-2014\/\" class=\"portfolio-title\">\r\n                                                <h3 class=\"f_500 f_size_20 f_p mt_30\"> Anfa\u015f Feria de equipamiento hotelero Antalya 2014 <\/h3>\r\n                                            <\/a>\r\n                                            <div class=\"links\">\r\n                                                <a href='https:\/\/laplume.com.tr\/es\/portfolio_cat\/ferias\/'> Ferias  <\/a>                                            <\/div>\r\n                                        <\/div>\r\n                                    <\/div>\r\n                                <\/div>\r\n                                                                <div class=\"col-lg-4  portfolio_filter_id_132  portfolio_filter_id_131  col-sm-6 portfolio_item br ux mb_50\">\r\n                                    <div class=\"portfolio_img\">\r\n                                        <a href=\"https:\/\/laplume.com.tr\/wp-content\/uploads\/2019\/01\/bebek.jpg\" class=\"img_popup\">\r\n                                            <img decoding=\"async\" class=\"img_rounded\" src=\"https:\/\/laplume.com.tr\/wp-content\/uploads\/2019\/01\/bebek.jpg\"\r\n                                                 alt=\"Bebek Festival \u0130stanbul\">\r\n                                        <\/a>\r\n                                        <div class=\"portfolio-description\">\r\n                                            <a href=\"https:\/\/laplume.com.tr\/es\/portfolio\/bebek-festival-istanbul\/\" class=\"portfolio-title\">\r\n                                                <h3 class=\"f_500 f_size_20 f_p mt_30\"> Bebek Festival \u0130stanbul <\/h3>\r\n                                            <\/a>\r\n                                            <div class=\"links\">\r\n                                                <a href='https:\/\/laplume.com.tr\/es\/portfolio_cat\/ferias\/'> Ferias ,  <\/a><a href='https:\/\/laplume.com.tr\/es\/portfolio_cat\/noticias\/'> Noticias  <\/a>                                            <\/div>\r\n                                        <\/div>\r\n                                    <\/div>\r\n                                <\/div>\r\n                                                                <div class=\"col-lg-4  portfolio_filter_id_132  col-sm-6 portfolio_item br ux mb_50\">\r\n                                    <div class=\"portfolio_img\">\r\n                                        <a href=\"https:\/\/laplume.com.tr\/wp-content\/uploads\/2020\/07\/dubai20.jpg\" class=\"img_popup\">\r\n                                            <img decoding=\"async\" class=\"img_rounded\" src=\"https:\/\/laplume.com.tr\/wp-content\/uploads\/2020\/07\/dubai20.jpg\"\r\n                                                 alt=\"Dubai Hotel Show Exhibition 2016\">\r\n                                        <\/a>\r\n                                        <div class=\"portfolio-description\">\r\n                                            <a href=\"https:\/\/laplume.com.tr\/es\/portfolio\/dubai-hotel-show-exhibition-2016\/\" class=\"portfolio-title\">\r\n                                                <h3 class=\"f_500 f_size_20 f_p mt_30\"> Dubai Hotel Show Exhibition 2016 <\/h3>\r\n                                            <\/a>\r\n                                            <div class=\"links\">\r\n                                                <a href='https:\/\/laplume.com.tr\/es\/portfolio_cat\/ferias\/'> Ferias  <\/a>                                            <\/div>\r\n                                        <\/div>\r\n                                    <\/div>\r\n                                <\/div>\r\n                                                                <div class=\"col-lg-4  portfolio_filter_id_132  col-sm-6 portfolio_item br ux mb_50\">\r\n                                    <div class=\"portfolio_img\">\r\n                                        <a href=\"https:\/\/laplume.com.tr\/wp-content\/uploads\/2020\/07\/horeca-expo-6.jpg\" class=\"img_popup\">\r\n                                            <img decoding=\"async\" class=\"img_rounded\" src=\"https:\/\/laplume.com.tr\/wp-content\/uploads\/2020\/07\/horeca-expo-6.jpg\"\r\n                                                 alt=\"Horeca Athens 2018\">\r\n                                        <\/a>\r\n                                        <div class=\"portfolio-description\">\r\n                                            <a href=\"https:\/\/laplume.com.tr\/es\/portfolio\/horeca-athens-2018\/\" class=\"portfolio-title\">\r\n                                                <h3 class=\"f_500 f_size_20 f_p mt_30\"> Horeca Athens 2018 <\/h3>\r\n                                            <\/a>\r\n                                            <div class=\"links\">\r\n                                                <a href='https:\/\/laplume.com.tr\/es\/portfolio_cat\/ferias\/'> Ferias  <\/a>                                            <\/div>\r\n                                        <\/div>\r\n                                    <\/div>\r\n                                <\/div>\r\n                                                                <div class=\"col-lg-4  portfolio_filter_id_132  col-sm-6 portfolio_item br ux mb_50\">\r\n                                    <div class=\"portfolio_img\">\r\n                                        <a href=\"https:\/\/laplume.com.tr\/wp-content\/uploads\/2020\/07\/horeca-27.jpg\" class=\"img_popup\">\r\n                                            <img decoding=\"async\" class=\"img_rounded\" src=\"https:\/\/laplume.com.tr\/wp-content\/uploads\/2020\/07\/horeca-27.jpg\"\r\n                                                 alt=\"Horeca Expo Ghent 2017\">\r\n                                        <\/a>\r\n                                        <div class=\"portfolio-description\">\r\n                                            <a href=\"https:\/\/laplume.com.tr\/es\/portfolio\/horeca-expo-ghent-2017\/\" class=\"portfolio-title\">\r\n                                                <h3 class=\"f_500 f_size_20 f_p mt_30\"> Horeca Expo Ghent 2017 <\/h3>\r\n                                            <\/a>\r\n                                            <div class=\"links\">\r\n                                                <a href='https:\/\/laplume.com.tr\/es\/portfolio_cat\/ferias\/'> Ferias  <\/a>                                            <\/div>\r\n                                        <\/div>\r\n                                    <\/div>\r\n                                <\/div>\r\n                                                                <div class=\"col-lg-4  portfolio_filter_id_132  col-sm-6 portfolio_item br ux mb_50\">\r\n                                    <div class=\"portfolio_img\">\r\n                                        <a href=\"https:\/\/laplume.com.tr\/wp-content\/uploads\/2019\/01\/kenya.jpg\" class=\"img_popup\">\r\n                                            <img decoding=\"async\" class=\"img_rounded\" src=\"https:\/\/laplume.com.tr\/wp-content\/uploads\/2019\/01\/kenya.jpg\"\r\n                                                 alt=\"Kenya International Trade Exhibition\">\r\n                                        <\/a>\r\n                                        <div class=\"portfolio-description\">\r\n                                            <a href=\"https:\/\/laplume.com.tr\/es\/portfolio\/kenya-international-trade-exhibition\/\" class=\"portfolio-title\">\r\n                                                <h3 class=\"f_500 f_size_20 f_p mt_30\"> Kenya International Trade Exhibition <\/h3>\r\n                                            <\/a>\r\n                                            <div class=\"links\">\r\n                                                <a href='https:\/\/laplume.com.tr\/es\/portfolio_cat\/ferias\/'> Ferias  <\/a>                                            <\/div>\r\n                                        <\/div>\r\n                                    <\/div>\r\n                                <\/div>\r\n                                                                <div class=\"col-lg-4  portfolio_filter_id_132  col-sm-6 portfolio_item br ux mb_50\">\r\n                                    <div class=\"portfolio_img\">\r\n                                        <a href=\"https:\/\/laplume.com.tr\/wp-content\/uploads\/2020\/07\/hamburg-13.jpg\" class=\"img_popup\">\r\n                                            <img decoding=\"async\" class=\"img_rounded\" src=\"https:\/\/laplume.com.tr\/wp-content\/uploads\/2020\/07\/hamburg-13.jpg\"\r\n                                                 alt=\"WTCE Hamburg\">\r\n                                        <\/a>\r\n                                        <div class=\"portfolio-description\">\r\n                                            <a href=\"https:\/\/laplume.com.tr\/es\/portfolio\/wtce-hamburg\/\" class=\"portfolio-title\">\r\n                                                <h3 class=\"f_500 f_size_20 f_p mt_30\"> WTCE Hamburg <\/h3>\r\n                                            <\/a>\r\n                                            <div class=\"links\">\r\n                                                <a href='https:\/\/laplume.com.tr\/es\/portfolio_cat\/ferias\/'> Ferias  <\/a>                                            <\/div>\r\n                                        <\/div>\r\n                                    <\/div>\r\n                                <\/div>\r\n                                                <\/div>\r\n            <\/div>\r\n        <\/section>\r\n        \t\t\t\t<\/div>\n\t\t\t\t<\/div>\n\t\t\t\t\t<\/div>\n\t\t<\/div>\n\t\t\t\t\t<\/div>\n\t\t<\/section>\n\t\t\t\t<\/div>\n\t\t","protected":false},"excerpt":{"rendered":"<p>Todas Ferias Noticias WTCE Hamburg Ferias Kenya International Trade Exhibition Ferias Horeca Expo Ghent 2017 Ferias Horeca Athens 2018 Ferias Dubai Hotel Show Exhibition 2016 Ferias Bebek Festival \u0130stanbul Ferias , Noticias Anfa\u015f Feria de equipamiento hotelero Antalya 2014 Ferias Anfa\u015f Feria de equipamiento hotelero Antalya Ferias Anfa\u015f Feria de equipamiento hotelero Antalya Ferias<\/p>\n","protected":false},"author":1,"featured_media":0,"parent":0,"menu_order":0,"comment_status":"closed","ping_status":"closed","template":"elementor_header_footer","meta":{"footnotes":""},"class_list":["post-11442","page","type-page","status-publish","hentry"],"acf":[],"_links":{"self":[{"href":"https:\/\/laplume.com.tr\/es\/wp-json\/wp\/v2\/pages\/11442","targetHints":{"allow":["GET"]}}],"collection":[{"href":"https:\/\/laplume.com.tr\/es\/wp-json\/wp\/v2\/pages"}],"about":[{"href":"https:\/\/laplume.com.tr\/es\/wp-json\/wp\/v2\/types\/page"}],"author":[{"embeddable":true,"href":"https:\/\/laplume.com.tr\/es\/wp-json\/wp\/v2\/users\/1"}],"replies":[{"embeddable":true,"href":"https:\/\/laplume.com.tr\/es\/wp-json\/wp\/v2\/comments?post=11442"}],"version-history":[{"count":0,"href":"https:\/\/laplume.com.tr\/es\/wp-json\/wp\/v2\/pages\/11442\/revisions"}],"wp:attachment":[{"href":"https:\/\/laplume.com.tr\/es\/wp-json\/wp\/v2\/media?parent=11442"}],"curies":[{"name":"wp","href":"https:\/\/api.w.org\/{rel}","templated":true}]}}