{"id":11345,"date":"2020-09-03T08:13:56","date_gmt":"2020-09-03T08:13:56","guid":{"rendered":"http:\/\/laplume.com.tr\/?post_type=product&#038;p=11345"},"modified":"2020-09-07T11:09:18","modified_gmt":"2020-09-07T11:09:18","slug":"set-des-desechables-para-los-bebes","status":"publish","type":"product","link":"https:\/\/laplume.com.tr\/es\/magaza\/set-des-desechables-para-los-bebes\/","title":{"rendered":"Set Des Desechables Para Los Bebes"},"content":{"rendered":"\t\t<div data-elementor-type=\"wp-post\" data-elementor-id=\"11345\" class=\"elementor elementor-11345 elementor-6481\">\n\t\t\t\t\t\t<section class=\"elementor-section elementor-top-section elementor-element elementor-element-1176f56 elementor-section-boxed elementor-section-height-default elementor-section-height-default\" data-id=\"1176f56\" data-element_type=\"section\">\n\t\t\t\t\t\t<div class=\"elementor-container elementor-column-gap-default\">\n\t\t\t\t\t<div class=\"elementor-column elementor-col-100 elementor-top-column elementor-element elementor-element-f2f09ef\" data-id=\"f2f09ef\" data-element_type=\"column\">\n\t\t\t<div class=\"elementor-widget-wrap elementor-element-populated\">\n\t\t\t\t\t\t\t<\/div>\n\t\t<\/div>\n\t\t\t\t\t<\/div>\n\t\t<\/section>\n\t\t\t\t<section class=\"elementor-section elementor-top-section elementor-element elementor-element-24c6d112 elementor-section-full_width elementor-section-height-default elementor-section-height-default\" data-id=\"24c6d112\" data-element_type=\"section\">\n\t\t\t\t\t\t<div class=\"elementor-container elementor-column-gap-no\">\n\t\t\t\t\t<div class=\"elementor-column elementor-col-100 elementor-top-column elementor-element elementor-element-6bd31fef\" data-id=\"6bd31fef\" data-element_type=\"column\">\n\t\t\t<div class=\"elementor-widget-wrap elementor-element-populated\">\n\t\t\t\t\t\t<div class=\"elementor-element elementor-element-75d5aa98 elementor-widget elementor-widget-saasland_appart_screen_feature\" data-id=\"75d5aa98\" data-element_type=\"widget\" data-widget_type=\"saasland_appart_screen_feature.default\">\n\t\t\t\t<div class=\"elementor-widget-container\">\n\t\t\t\t\t            <section class=\"features_area features_area_pad feature-bg shape\">\r\n                <div class=\"container\">\r\n                    <div class=\"row \">\r\n                                                    <div class=\"col-lg-7 col-sm-12 f_img text-right\">\r\n                                <img decoding=\"async\" src=\"http:\/\/laplume.com.tr\/wp-content\/uploads\/2020\/07\/bebek-seti-sirk.jpg\" alt=\"featured\">\r\n                            <\/div>\r\n                                                <div class=\"col-lg-5 col-sm-12 features_content_three\">\r\n                            <div class=\"title-four\">\r\n                                                                    <h2> 26x28 Cm Hydrophob\u0131c Nonwoven Baberos De Bebe Desechables<\/h2>\r\n                                                            <\/div>\r\n                                                            <div class=\"scree_feature_item\">\r\n                                    <div class=\"media d-flex\">\r\n                                        <div class=\"media-left\">\r\n                                            <div class=\"icon\"><i class='ti-location-arrow'><\/i><\/div>                                        <\/div>\r\n                                        <div class=\"media-body\"> Calidad: 60gr\/m2 Hydrophob\u0131c Nonwoven  <\/div>\r\n                                    <\/div>\r\n                                                                    <\/div>\r\n                                                                <div class=\"scree_feature_item\">\r\n                                    <div class=\"media d-flex\">\r\n                                        <div class=\"media-left\">\r\n                                            <div class=\"icon\"><i class='ti-stats-up'><\/i><\/div>                                        <\/div>\r\n                                        <div class=\"media-body\"> Impresi\u00f3n: Flexo Print (3 colores) <\/div>\r\n                                    <\/div>\r\n                                                                    <\/div>\r\n                                                                <div class=\"scree_feature_item\">\r\n                                    <div class=\"media d-flex\">\r\n                                        <div class=\"media-left\">\r\n                                            <div class=\"icon\"><i class='ti-dropbox'><\/i><\/div>                                        <\/div>\r\n                                        <div class=\"media-body\"> Embalaje: 24 x paquete de 100 (total 2400 piezas) <\/div>\r\n                                    <\/div>\r\n                                                                    <\/div>\r\n                                                                <div class=\"scree_feature_item\">\r\n                                    <div class=\"media d-flex\">\r\n                                        <div class=\"media-left\">\r\n                                            <div class=\"icon\"><i class='ti-eye'><\/i><\/div>                                        <\/div>\r\n                                        <div class=\"media-body\"> Plegado 1\/1. No hay pliegues <\/div>\r\n                                    <\/div>\r\n                                                                    <\/div>\r\n                                                                <div class=\"scree_feature_item\">\r\n                                    <div class=\"media d-flex\">\r\n                                        <div class=\"media-left\">\r\n                                            <div class=\"icon\"><i class='ti-dropbox-alt'><\/i><\/div>                                        <\/div>\r\n                                        <div class=\"media-body\"> Tama\u00f1o de caja : 270mm x 580mm x 475mm (2400 piezas) <\/div>\r\n                                    <\/div>\r\n                                                                    <\/div>\r\n                                                                <div class=\"scree_feature_item\">\r\n                                    <div class=\"media d-flex\">\r\n                                        <div class=\"media-left\">\r\n                                            <div class=\"icon\"><i class='fa fa-asterisk'><\/i><\/div>                                        <\/div>\r\n                                        <div class=\"media-body\"> Modelo : CIRCO <\/div>\r\n                                    <\/div>\r\n                                                                    <\/div>\r\n                                                        <\/div>\r\n                    <\/div>\r\n                <\/div>\r\n            <\/section>\r\n            \t\t\t\t<\/div>\n\t\t\t\t<\/div>\n\t\t\t\t\t<\/div>\n\t\t<\/div>\n\t\t\t\t\t<\/div>\n\t\t<\/section>\n\t\t\t\t<section class=\"elementor-section elementor-top-section elementor-element elementor-element-e2f8f27 elementor-section-full_width elementor-section-height-default elementor-section-height-default\" data-id=\"e2f8f27\" data-element_type=\"section\">\n\t\t\t\t\t\t<div class=\"elementor-container elementor-column-gap-no\">\n\t\t\t\t\t<div class=\"elementor-column elementor-col-100 elementor-top-column elementor-element elementor-element-05d6a98\" data-id=\"05d6a98\" data-element_type=\"column\">\n\t\t\t<div class=\"elementor-widget-wrap elementor-element-populated\">\n\t\t\t\t\t\t<div class=\"elementor-element elementor-element-10d033e elementor-widget elementor-widget-saasland_appart_screen_feature\" data-id=\"10d033e\" data-element_type=\"widget\" data-widget_type=\"saasland_appart_screen_feature.default\">\n\t\t\t\t<div class=\"elementor-widget-container\">\n\t\t\t\t\t            <section class=\"features_area features_area_pad feature-bg shape\">\r\n                <div class=\"container\">\r\n                    <div class=\"row flex-row-reverse\">\r\n                                                    <div class=\"col-lg-6 col-sm-12 f_img text-right\">\r\n                                <img decoding=\"async\" src=\"http:\/\/laplume.com.tr\/wp-content\/uploads\/2020\/07\/Kullan-At-Bebek-Seti-2.jpg\" alt=\"featured\">\r\n                            <\/div>\r\n                                                <div class=\"col-lg-6 col-sm-12 features_content_three\">\r\n                            <div class=\"title-four\">\r\n                                                                    <h2> 30x40 Cm Manteles Ind\u0131v\u0131duales<\/h2>\r\n                                                            <\/div>\r\n                                                            <div class=\"scree_feature_item\">\r\n                                    <div class=\"media d-flex\">\r\n                                        <div class=\"media-left\">\r\n                                            <div class=\"icon\"><i class='ti-location-arrow'><\/i><\/div>                                        <\/div>\r\n                                        <div class=\"media-body\"> Calidad: 55 gr \/ m2 <\/div>\r\n                                    <\/div>\r\n                                                                    <\/div>\r\n                                                                <div class=\"scree_feature_item\">\r\n                                    <div class=\"media d-flex\">\r\n                                        <div class=\"media-left\">\r\n                                            <div class=\"icon\"><i class='ti-stats-up'><\/i><\/div>                                        <\/div>\r\n                                        <div class=\"media-body\"> Impresi\u00f3n: Flexo print, Foil Press, Press Logo <\/div>\r\n                                    <\/div>\r\n                                                                    <\/div>\r\n                                                                <div class=\"scree_feature_item\">\r\n                                    <div class=\"media d-flex\">\r\n                                        <div class=\"media-left\">\r\n                                            <div class=\"icon\"><i class='ti-dropbox'><\/i><\/div>                                        <\/div>\r\n                                        <div class=\"media-body\"> Embalaje: 4 x paquete de 250 (total 1000 piezas) <\/div>\r\n                                    <\/div>\r\n                                                                    <\/div>\r\n                                                                <div class=\"scree_feature_item\">\r\n                                    <div class=\"media d-flex\">\r\n                                        <div class=\"media-left\">\r\n                                            <div class=\"icon\"><i class='ti-dropbox-alt'><\/i><\/div>                                        <\/div>\r\n                                        <div class=\"media-body\"> Tama\u00f1o de caja : 340mm x 440mm x 400mm <\/div>\r\n                                    <\/div>\r\n                                                                    <\/div>\r\n                                                                <div class=\"scree_feature_item\">\r\n                                    <div class=\"media d-flex\">\r\n                                        <div class=\"media-left\">\r\n                                            <div class=\"icon\"><i class='fa fa-asterisk'><\/i><\/div>                                        <\/div>\r\n                                        <div class=\"media-body\"> Modelo : CIRCO <\/div>\r\n                                    <\/div>\r\n                                                                    <\/div>\r\n                                                                <div class=\"scree_feature_item\">\r\n                                    <div class=\"media d-flex\">\r\n                                        <div class=\"media-left\">\r\n                                            <img src='http:\/\/laplume.com.tr\/wp-content\/uploads\/2020\/07\/Kullan-At-Bebek-Seti-katlama.jpg' alt='Plegado : 1\/1. Sin Plegado'>                                        <\/div>\r\n                                        <div class=\"media-body\"> Plegado : 1\/1. Sin Plegado <\/div>\r\n                                    <\/div>\r\n                                                                    <\/div>\r\n                                                        <\/div>\r\n                    <\/div>\r\n                <\/div>\r\n            <\/section>\r\n            \t\t\t\t<\/div>\n\t\t\t\t<\/div>\n\t\t\t\t\t<\/div>\n\t\t<\/div>\n\t\t\t\t\t<\/div>\n\t\t<\/section>\n\t\t\t\t<section class=\"elementor-section elementor-top-section elementor-element elementor-element-928994a elementor-section-full_width elementor-section-height-default elementor-section-height-default\" data-id=\"928994a\" data-element_type=\"section\">\n\t\t\t\t\t\t<div class=\"elementor-container elementor-column-gap-no\">\n\t\t\t\t\t<div class=\"elementor-column elementor-col-100 elementor-top-column elementor-element elementor-element-2a10be5\" data-id=\"2a10be5\" data-element_type=\"column\">\n\t\t\t<div class=\"elementor-widget-wrap elementor-element-populated\">\n\t\t\t\t\t\t<div class=\"elementor-element elementor-element-21a2013 elementor-widget elementor-widget-saasland_appart_screen_feature\" data-id=\"21a2013\" data-element_type=\"widget\" data-widget_type=\"saasland_appart_screen_feature.default\">\n\t\t\t\t<div class=\"elementor-widget-container\">\n\t\t\t\t\t            <section class=\"features_area features_area_pad feature-bg shape\">\r\n                <div class=\"container\">\r\n                    <div class=\"row \">\r\n                                                    <div class=\"col-lg-7 col-sm-12 f_img text-right\">\r\n                                <img decoding=\"async\" src=\"http:\/\/laplume.com.tr\/wp-content\/uploads\/2020\/07\/Kullan-At-Bebek-Seti.jpg\" alt=\"featured\">\r\n                            <\/div>\r\n                                                <div class=\"col-lg-5 col-sm-12 features_content_three\">\r\n                            <div class=\"title-four\">\r\n                                                                    <h2> 40x20 Cm Serv\u0131lletas De Serv\u0131c\u0131o<\/h2>\r\n                                                            <\/div>\r\n                                                            <div class=\"scree_feature_item\">\r\n                                    <div class=\"media d-flex\">\r\n                                        <div class=\"media-left\">\r\n                                            <div class=\"icon\"><i class='ti-location-arrow'><\/i><\/div>                                        <\/div>\r\n                                        <div class=\"media-body\"> Calidad: 55 gr \/ m2 <\/div>\r\n                                    <\/div>\r\n                                                                    <\/div>\r\n                                                                <div class=\"scree_feature_item\">\r\n                                    <div class=\"media d-flex\">\r\n                                        <div class=\"media-left\">\r\n                                            <div class=\"icon\"><i class='ti-stats-up'><\/i><\/div>                                        <\/div>\r\n                                        <div class=\"media-body\"> Impresi\u00f3n: Flexo Print (2 colores), Foil Press, Press Logo <\/div>\r\n                                    <\/div>\r\n                                                                    <\/div>\r\n                                                                <div class=\"scree_feature_item\">\r\n                                    <div class=\"media d-flex\">\r\n                                        <div class=\"media-left\">\r\n                                            <div class=\"icon\"><i class='ti-dropbox'><\/i><\/div>                                        <\/div>\r\n                                        <div class=\"media-body\"> Embalaje: 12 x paquete de 50 (total 600 piezas) <\/div>\r\n                                    <\/div>\r\n                                                                    <\/div>\r\n                                                                <div class=\"scree_feature_item\">\r\n                                    <div class=\"media d-flex\">\r\n                                        <div class=\"media-left\">\r\n                                            <div class=\"icon\"><i class='ti-dropbox-alt'><\/i><\/div>                                        <\/div>\r\n                                        <div class=\"media-body\"> Tama\u00f1o de caja : 335mm x 380mm x 225mm <\/div>\r\n                                    <\/div>\r\n                                                                    <\/div>\r\n                                                                <div class=\"scree_feature_item\">\r\n                                    <div class=\"media d-flex\">\r\n                                        <div class=\"media-left\">\r\n                                            <div class=\"icon\"><i class='fa fa-asterisk'><\/i><\/div>                                        <\/div>\r\n                                        <div class=\"media-body\"> Modelo : CIRCO <\/div>\r\n                                    <\/div>\r\n                                                                    <\/div>\r\n                                                                <div class=\"scree_feature_item\">\r\n                                    <div class=\"media d-flex\">\r\n                                        <div class=\"media-left\">\r\n                                            <img src='http:\/\/laplume.com.tr\/wp-content\/uploads\/2020\/07\/dik.png' alt='Plegado: \u00bc plegado'>                                        <\/div>\r\n                                        <div class=\"media-body\"> Plegado: \u00bc plegado <\/div>\r\n                                    <\/div>\r\n                                                                    <\/div>\r\n                                                        <\/div>\r\n                    <\/div>\r\n                <\/div>\r\n            <\/section>\r\n            \t\t\t\t<\/div>\n\t\t\t\t<\/div>\n\t\t\t\t\t<\/div>\n\t\t<\/div>\n\t\t\t\t\t<\/div>\n\t\t<\/section>\n\t\t\t\t<\/div>\n\t\t","protected":false},"excerpt":{"rendered":"<p>26&#215;28 Cm Hydrophob\u0131c Nonwoven Baberos De Bebe Desechables Calidad: 60gr\/m2 Hydrophob\u0131c Nonwoven Impresi\u00f3n: Flexo Print (3 colores) Embalaje: 24 x paquete de 100 (total 2400 piezas) Plegado 1\/1. No hay pliegues Tama\u00f1o de caja : 270mm x 580mm x 475mm (2400 piezas) Modelo : CIRCO 30&#215;40 Cm Manteles Ind\u0131v\u0131duales Calidad: 55 gr \/ m2 Impresi\u00f3n: [&hellip;]<\/p>\n","protected":false},"featured_media":10621,"template":"elementor_header_footer","meta":[],"product_cat":[129],"product_tag":[],"class_list":{"0":"post-11345","1":"product","2":"type-product","3":"status-publish","4":"has-post-thumbnail","6":"product_cat-set-des-desechables-para-los-bebes","8":"first","9":"instock","10":"shipping-taxable","11":"product-type-simple"},"acf":[],"_links":{"self":[{"href":"https:\/\/laplume.com.tr\/es\/wp-json\/wp\/v2\/product\/11345","targetHints":{"allow":["GET"]}}],"collection":[{"href":"https:\/\/laplume.com.tr\/es\/wp-json\/wp\/v2\/product"}],"about":[{"href":"https:\/\/laplume.com.tr\/es\/wp-json\/wp\/v2\/types\/product"}],"version-history":[{"count":0,"href":"https:\/\/laplume.com.tr\/es\/wp-json\/wp\/v2\/product\/11345\/revisions"}],"wp:featuredmedia":[{"embeddable":true,"href":"https:\/\/laplume.com.tr\/es\/wp-json\/wp\/v2\/media\/10621"}],"wp:attachment":[{"href":"https:\/\/laplume.com.tr\/es\/wp-json\/wp\/v2\/media?parent=11345"}],"wp:term":[{"taxonomy":"product_cat","embeddable":true,"href":"https:\/\/laplume.com.tr\/es\/wp-json\/wp\/v2\/product_cat?post=11345"},{"taxonomy":"product_tag","embeddable":true,"href":"https:\/\/laplume.com.tr\/es\/wp-json\/wp\/v2\/product_tag?post=11345"}],"curies":[{"name":"wp","href":"https:\/\/api.w.org\/{rel}","templated":true}]}}