{"id":10960,"date":"2020-08-28T10:31:22","date_gmt":"2020-08-28T10:31:22","guid":{"rendered":"http:\/\/laplume.com.tr\/?page_id=10960"},"modified":"2020-09-21T15:18:19","modified_gmt":"2020-09-21T15:18:19","slug":"a-propos-de-nous","status":"publish","type":"page","link":"https:\/\/laplume.com.tr\/fr\/a-propos-de-nous\/","title":{"rendered":"\u00e0 propos de nous"},"content":{"rendered":"\t\t<div data-elementor-type=\"wp-post\" data-elementor-id=\"10960\" class=\"elementor elementor-10960 elementor-1579\">\n\t\t\t\t\t\t<section class=\"elementor-section elementor-top-section elementor-element elementor-element-5c9919c elementor-section-full_width elementor-section-height-default elementor-section-height-default\" data-id=\"5c9919c\" data-element_type=\"section\">\n\t\t\t\t\t\t<div class=\"elementor-container elementor-column-gap-no\">\n\t\t\t\t\t<div class=\"elementor-column elementor-col-100 elementor-top-column elementor-element elementor-element-ddd2712\" data-id=\"ddd2712\" data-element_type=\"column\">\n\t\t\t<div class=\"elementor-widget-wrap elementor-element-populated\">\n\t\t\t\t\t\t<div class=\"elementor-element elementor-element-9c865e3 elementor-widget elementor-widget-Saasland_processes\" data-id=\"9c865e3\" data-element_type=\"widget\" data-widget_type=\"Saasland_processes.default\">\n\t\t\t\t<div class=\"elementor-widget-container\">\n\t\t\t\t\t            <section class=\"agency_featured_area\">\r\n                <div class=\"container\">\r\n                                        <div class=\"features_info\">\r\n                                                                                <div class=\"row agency_featured_item elementor-repeater-item-0979933 flex-row-reverse\">\r\n                                    <div class=\"col-lg-6\">\r\n                                        <div class=\"agency_featured_img text-right wow fadeInRight\"\r\n                                             data-wow-delay=\"0.4s\">\r\n                                            <img fetchpriority=\"high\" decoding=\"async\" width=\"500\" height=\"400\" src=\"https:\/\/laplume.com.tr\/wp-content\/uploads\/2020\/07\/biz-kimiz-h.jpg\" class=\"attachment-full size-full\" alt=\"\" srcset=\"https:\/\/laplume.com.tr\/wp-content\/uploads\/2020\/07\/biz-kimiz-h.jpg 500w, https:\/\/laplume.com.tr\/wp-content\/uploads\/2020\/07\/biz-kimiz-h-300x240.jpg 300w\" sizes=\"(max-width: 500px) 100vw, 500px\" \/>                                        <\/div>\r\n                                    <\/div>\r\n                                    <div class=\"col-lg-6\">\r\n                                        <div class=\"agency_featured_content pr_70 pl_70 wow fadeInLeft\"\r\n                                             data-wow-delay=\"0.6s\">\r\n                                            <div class=\"dot\"><span class=\"dot1\"><\/span><span class=\"dot2\"><\/span><\/div>\r\n                                            <img decoding=\"async\" width=\"24\" height=\"24\" src=\"https:\/\/laplume.com.tr\/wp-content\/uploads\/2020\/03\/shape_07.png\" class=\"attachment-full size-full\" alt=\"\" \/>                                                                                            <h3> Qui sommes nous ? <\/h3>\r\n                                                                                        <p>1941 - Nous avons commenc\u00e9 comme une entreprise d&#39;import-export \u00e0 Istanbul. Nous avons import\u00e9 des films photographiques et des papiers-plans d&#39;Europe et distribu\u00e9 ces produits en Turquie.<\/p>\n<p>1979 - Nous sommes devenus une soci\u00e9t\u00e9 par actions. Nous sommes devenus un fabricant. Nous avons commenc\u00e9 \u00e0 fabriquer des bobines de carton \u00e0 notre premi\u00e8re usine situ\u00e9e dans La Zone Industrielle de l&#39;Est \u00e0 Yenibosna.<\/p>\n                                                                                                <a href=\"\/biz-kimiz\/?lang=fr\"                                                        class=\"btn_hover agency_banner_btn mt_30\">\r\n                                                        La revue                                                    <\/a>\r\n                                                                                            <\/div>\r\n                                    <\/div>\r\n                                <\/div>\r\n                                                                <div class=\"row agency_featured_item elementor-repeater-item-727f51f agency_featured_item_two\">\r\n                                    <div class=\"col-lg-6\">\r\n                                        <div class=\"agency_featured_img text-right wow fadeInRight\"\r\n                                             data-wow-delay=\"0.4s\">\r\n                                            <img decoding=\"async\" width=\"768\" height=\"630\" src=\"https:\/\/laplume.com.tr\/wp-content\/uploads\/2020\/07\/kalite.jpg\" class=\"attachment-full size-full\" alt=\"\" srcset=\"https:\/\/laplume.com.tr\/wp-content\/uploads\/2020\/07\/kalite.jpg 768w, https:\/\/laplume.com.tr\/wp-content\/uploads\/2020\/07\/kalite-600x492.jpg 600w, https:\/\/laplume.com.tr\/wp-content\/uploads\/2020\/07\/kalite-300x246.jpg 300w, https:\/\/laplume.com.tr\/wp-content\/uploads\/2020\/07\/kalite-85x70.jpg 85w\" sizes=\"(max-width: 768px) 100vw, 768px\" \/>                                        <\/div>\r\n                                    <\/div>\r\n                                    <div class=\"col-lg-6\">\r\n                                        <div class=\"agency_featured_content pr_70 pl_100 wow fadeInLeft\"\r\n                                             data-wow-delay=\"0.6s\">\r\n                                            <div class=\"dot\"><span class=\"dot1\"><\/span><span class=\"dot2\"><\/span><\/div>\r\n                                            <img loading=\"lazy\" decoding=\"async\" width=\"36\" height=\"36\" src=\"https:\/\/laplume.com.tr\/wp-content\/uploads\/2020\/03\/shape_04.png\" class=\"attachment-full size-full\" alt=\"\" \/>                                                                                            <h3> Notre politique de qualit\u00e9 <\/h3>\r\n                                                                                        <p>La qualit\u00e9 est une philosophie de la vie et son histoire est ancienne.<\/p>\n<p>Nous croyons qu&#39;une entreprise doit d\u00e9finir des objectifs ax\u00e9s sur ses clients. Comme Elhadefler, nous nous concentrons sur la \u00abvaleur ajout\u00e9e\u00bb. Nous savons que la<br \/>\ncr\u00e9ativit\u00e9, l&#39;am\u00e9lioration et le travail acharn\u00e9 peuvent cr\u00e9er le concept de valeur ajout\u00e9e.<\/p>\n                                                                                                <a href=\"\/kalite-politikamiz\/?lang=fr\"                                                        class=\"btn_hover agency_banner_btn mt_30\">\r\n                                                        La revue                                                    <\/a>\r\n                                                                                            <\/div>\r\n                                    <\/div>\r\n                                <\/div>\r\n                                                                <div class=\"row agency_featured_item elementor-repeater-item-ae93421 flex-row-reverse\">\r\n                                    <div class=\"col-lg-6\">\r\n                                        <div class=\"agency_featured_img text-right wow fadeInRight\"\r\n                                             data-wow-delay=\"0.4s\">\r\n                                            <img loading=\"lazy\" decoding=\"async\" width=\"500\" height=\"400\" src=\"https:\/\/laplume.com.tr\/wp-content\/uploads\/2020\/07\/ar-gee.jpg\" class=\"attachment-full size-full\" alt=\"\" srcset=\"https:\/\/laplume.com.tr\/wp-content\/uploads\/2020\/07\/ar-gee.jpg 500w, https:\/\/laplume.com.tr\/wp-content\/uploads\/2020\/07\/ar-gee-300x240.jpg 300w\" sizes=\"(max-width: 500px) 100vw, 500px\" \/>                                        <\/div>\r\n                                    <\/div>\r\n                                    <div class=\"col-lg-6\">\r\n                                        <div class=\"agency_featured_content pr_70 pl_70 wow fadeInLeft\"\r\n                                             data-wow-delay=\"0.6s\">\r\n                                            <div class=\"dot\"><span class=\"dot1\"><\/span><span class=\"dot2\"><\/span><\/div>\r\n                                            <img loading=\"lazy\" decoding=\"async\" width=\"28\" height=\"22\" src=\"https:\/\/laplume.com.tr\/wp-content\/uploads\/2020\/03\/shape_03.png\" class=\"attachment-full size-full\" alt=\"\" \/>                                                                                            <h3> R&amp;D <\/h3>\r\n                                                                                        <p>Aujourd&#39;hui, \u00abcr\u00e9er du capital intellectuel\u00bb est beaucoup plus important que de cr\u00e9er du capital financier. Nous sommes conscients de cette r\u00e9alit\u00e9. Depuis notre premi\u00e8re journ\u00e9e d&#39;affaires, nous investissons dans la R &amp; D et la recherche de nouveaux produits et mod\u00e8les de production.<\/p>\n                                                                                                <a href=\"\/ar-ge\/?lang=fr\"                                                        class=\"btn_hover agency_banner_btn mt_30\">\r\n                                                        La revue                                                    <\/a>\r\n                                                                                            <\/div>\r\n                                    <\/div>\r\n                                <\/div>\r\n                                                                <div class=\"row agency_featured_item elementor-repeater-item-e672fd6 agency_featured_item_two\">\r\n                                    <div class=\"col-lg-6\">\r\n                                        <div class=\"agency_featured_img text-right wow fadeInRight\"\r\n                                             data-wow-delay=\"0.4s\">\r\n                                            <img loading=\"lazy\" decoding=\"async\" width=\"500\" height=\"400\" src=\"https:\/\/laplume.com.tr\/wp-content\/uploads\/2020\/07\/yesil-dost.jpg\" class=\"attachment-full size-full\" alt=\"\" srcset=\"https:\/\/laplume.com.tr\/wp-content\/uploads\/2020\/07\/yesil-dost.jpg 500w, https:\/\/laplume.com.tr\/wp-content\/uploads\/2020\/07\/yesil-dost-300x240.jpg 300w\" sizes=\"(max-width: 500px) 100vw, 500px\" \/>                                        <\/div>\r\n                                    <\/div>\r\n                                    <div class=\"col-lg-6\">\r\n                                        <div class=\"agency_featured_content pr_70 pl_100 wow fadeInLeft\"\r\n                                             data-wow-delay=\"0.6s\">\r\n                                            <div class=\"dot\"><span class=\"dot1\"><\/span><span class=\"dot2\"><\/span><\/div>\r\n                                            <img loading=\"lazy\" decoding=\"async\" width=\"10\" height=\"10\" src=\"https:\/\/laplume.com.tr\/wp-content\/uploads\/2020\/03\/shape_06.png\" class=\"attachment-full size-full\" alt=\"\" \/>                                                                                            <h3> Amical Avec Le Vert <\/h3>\r\n                                                                                        <p>Elhadefler Ka\u011f\u0131t\u00e7\u0131l\u0131k est une soci\u00e9t\u00e9 qui est amicale avec le VERT.<\/p>\n<p>\u00c7EVKO - Membre de Green Point (Der Gr\u00fcne Punkt). Nous sommes l&#39;une des rares<br \/>\nentreprises en Turquie dont la consommation d&#39;emballages annuels est inspect\u00e9e par<br \/>\n\u00c7EVKO.<\/p>\n                                                                                                <a href=\"\/yesil-ile-dost\/?lang=fr\"                                                        class=\"btn_hover agency_banner_btn mt_30\">\r\n                                                        La revue                                                    <\/a>\r\n                                                                                            <\/div>\r\n                                    <\/div>\r\n                                <\/div>\r\n                                                                <div class=\"row agency_featured_item elementor-repeater-item-5a0eef9 flex-row-reverse\">\r\n                                    <div class=\"col-lg-6\">\r\n                                        <div class=\"agency_featured_img text-right wow fadeInRight\"\r\n                                             data-wow-delay=\"0.4s\">\r\n                                            <img loading=\"lazy\" decoding=\"async\" width=\"500\" height=\"346\" src=\"https:\/\/laplume.com.tr\/wp-content\/uploads\/2020\/07\/tesisimiz-hakkimizda-1.jpg\" class=\"attachment-full size-full\" alt=\"\" srcset=\"https:\/\/laplume.com.tr\/wp-content\/uploads\/2020\/07\/tesisimiz-hakkimizda-1.jpg 500w, https:\/\/laplume.com.tr\/wp-content\/uploads\/2020\/07\/tesisimiz-hakkimizda-1-300x208.jpg 300w\" sizes=\"(max-width: 500px) 100vw, 500px\" \/>                                        <\/div>\r\n                                    <\/div>\r\n                                    <div class=\"col-lg-6\">\r\n                                        <div class=\"agency_featured_content pr_70 pl_70 wow fadeInLeft\"\r\n                                             data-wow-delay=\"0.6s\">\r\n                                            <div class=\"dot\"><span class=\"dot1\"><\/span><span class=\"dot2\"><\/span><\/div>\r\n                                            <img loading=\"lazy\" decoding=\"async\" width=\"19\" height=\"21\" src=\"https:\/\/laplume.com.tr\/wp-content\/uploads\/2020\/03\/shape_08.png\" class=\"attachment-full size-full\" alt=\"\" \/>                                                                                            <h3> Notre \u00e9tablissement <\/h3>\r\n                                                                                        <p>Nous fabriquons dans notre nouveau b\u00e2timent d&#39;usine avec la zone couverte de 3000 m2 \u00e0 Sanayi Caddesi, Yenibosna \u00e0 Istanbul. Nous avons un grand parc de machines et un grand zone de stockage. Gr\u00e2ce \u00e0 notre production \u00e9nerg\u00e9tique, nous investissons chaque<br \/>\nann\u00e9e une nouvelle machine en moyenne. La majorit\u00e9 de notre parc de machines estd&#39;origine turque et con\u00e7u par nous.<\/p>\n                                                                                    <\/div>\r\n                                    <\/div>\r\n                                <\/div>\r\n                                                                <div class=\"row agency_featured_item elementor-repeater-item-59a5fdb agency_featured_item_two\">\r\n                                    <div class=\"col-lg-6\">\r\n                                        <div class=\"agency_featured_img text-right wow fadeInRight\"\r\n                                             data-wow-delay=\"0.4s\">\r\n                                            <img loading=\"lazy\" decoding=\"async\" width=\"500\" height=\"400\" src=\"https:\/\/laplume.com.tr\/wp-content\/uploads\/2020\/07\/kalite-ser.jpg\" class=\"attachment-full size-full\" alt=\"\" srcset=\"https:\/\/laplume.com.tr\/wp-content\/uploads\/2020\/07\/kalite-ser.jpg 500w, https:\/\/laplume.com.tr\/wp-content\/uploads\/2020\/07\/kalite-ser-300x240.jpg 300w\" sizes=\"(max-width: 500px) 100vw, 500px\" \/>                                        <\/div>\r\n                                    <\/div>\r\n                                    <div class=\"col-lg-6\">\r\n                                        <div class=\"agency_featured_content pr_70 pl_100 wow fadeInLeft\"\r\n                                             data-wow-delay=\"0.6s\">\r\n                                            <div class=\"dot\"><span class=\"dot1\"><\/span><span class=\"dot2\"><\/span><\/div>\r\n                                            <img loading=\"lazy\" decoding=\"async\" width=\"19\" height=\"21\" src=\"https:\/\/laplume.com.tr\/wp-content\/uploads\/2020\/03\/shape_08.png\" class=\"attachment-full size-full\" alt=\"\" \/>                                                                                            <h3> Nos Certificats de Qualit\u00e9: <\/h3>\r\n                                                                                        <p>Nous avons les certifications ISO 9001-2008, CE (certificat de conformit\u00e9 de l&#39;Union Europ\u00e9enne) pour tous nos produits.<\/p>\n<p>HACCP du Codex Alimentarius (certificat de qualit\u00e9 du contact avec les aliments) est disponible pour nos secteurs de l&#39;alimentation et l\u2019HO-RE-CA (PILPED, PILPEDforFISH et La Plume).<\/p>\n                                                                                                <a href=\"\/kalite-sertifikalarimiz\/?lang=fr\"                                                        class=\"btn_hover agency_banner_btn mt_30\">\r\n                                                        La revue                                                    <\/a>\r\n                                                                                            <\/div>\r\n                                    <\/div>\r\n                                <\/div>\r\n                                                        <div class=\"dot middle_dot middle_dot7\"><span class=\"dot1\"><\/span><span\r\n                                    class=\"dot2\"><\/span><\/div>\r\n                    <\/div>\r\n                <\/div>\r\n            <\/section>\r\n            \t\t\t\t<\/div>\n\t\t\t\t<\/div>\n\t\t\t\t\t<\/div>\n\t\t<\/div>\n\t\t\t\t\t<\/div>\n\t\t<\/section>\n\t\t\t\t<\/div>\n\t\t","protected":false},"excerpt":{"rendered":"<p>Qui sommes nous ? 1941 &#8211; Nous avons commenc\u00e9 comme une entreprise d&#39;import-export \u00e0 Istanbul. Nous avons import\u00e9 des films photographiques et des papiers-plans d&#39;Europe et distribu\u00e9 ces produits en Turquie. 1979 &#8211; Nous sommes devenus une soci\u00e9t\u00e9 par actions. Nous sommes devenus un fabricant. Nous avons commenc\u00e9 \u00e0 fabriquer des bobines de carton \u00e0 [&hellip;]<\/p>\n","protected":false},"author":1,"featured_media":0,"parent":0,"menu_order":0,"comment_status":"closed","ping_status":"closed","template":"elementor_header_footer","meta":{"footnotes":""},"class_list":["post-10960","page","type-page","status-publish","hentry","no-post-thumbnail"],"acf":[],"_links":{"self":[{"href":"https:\/\/laplume.com.tr\/fr\/wp-json\/wp\/v2\/pages\/10960","targetHints":{"allow":["GET"]}}],"collection":[{"href":"https:\/\/laplume.com.tr\/fr\/wp-json\/wp\/v2\/pages"}],"about":[{"href":"https:\/\/laplume.com.tr\/fr\/wp-json\/wp\/v2\/types\/page"}],"author":[{"embeddable":true,"href":"https:\/\/laplume.com.tr\/fr\/wp-json\/wp\/v2\/users\/1"}],"replies":[{"embeddable":true,"href":"https:\/\/laplume.com.tr\/fr\/wp-json\/wp\/v2\/comments?post=10960"}],"version-history":[{"count":0,"href":"https:\/\/laplume.com.tr\/fr\/wp-json\/wp\/v2\/pages\/10960\/revisions"}],"wp:attachment":[{"href":"https:\/\/laplume.com.tr\/fr\/wp-json\/wp\/v2\/media?parent=10960"}],"curies":[{"name":"wp","href":"https:\/\/api.w.org\/{rel}","templated":true}]}}