{"id":10979,"date":"2020-08-28T12:22:36","date_gmt":"2020-08-28T12:22:36","guid":{"rendered":"http:\/\/laplume.com.tr\/?page_id=10979"},"modified":"2020-08-28T12:28:45","modified_gmt":"2020-08-28T12:28:45","slug":"notre-politique-de-qualite","status":"publish","type":"page","link":"https:\/\/laplume.com.tr\/fr\/notre-politique-de-qualite\/","title":{"rendered":"Notre politique de qualit\u00e9"},"content":{"rendered":"\t\t<div data-elementor-type=\"wp-post\" data-elementor-id=\"10979\" class=\"elementor elementor-10979 elementor-5315\">\n\t\t\t\t\t\t<section class=\"elementor-section elementor-top-section elementor-element elementor-element-5c9919c elementor-section-full_width elementor-section-height-default elementor-section-height-default\" data-id=\"5c9919c\" data-element_type=\"section\">\n\t\t\t\t\t\t<div class=\"elementor-container elementor-column-gap-no\">\n\t\t\t\t\t<div class=\"elementor-column elementor-col-100 elementor-top-column elementor-element elementor-element-ddd2712\" data-id=\"ddd2712\" data-element_type=\"column\">\n\t\t\t<div class=\"elementor-widget-wrap elementor-element-populated\">\n\t\t\t\t\t\t<div class=\"elementor-element elementor-element-9c865e3 elementor-widget elementor-widget-Saasland_processes\" data-id=\"9c865e3\" data-element_type=\"widget\" data-widget_type=\"Saasland_processes.default\">\n\t\t\t\t<div class=\"elementor-widget-container\">\n\t\t\t\t\t            <section class=\"agency_featured_area\">\r\n                <div class=\"container\">\r\n                                        <div class=\"features_info\">\r\n                                                    <img decoding=\"async\" class=\"dot_img\" src=\"https:\/\/laplume.com.tr\/wp-content\/plugins\/saasland-core\/widgets\/images\/dot_3_items.png\" alt=\"Shape\">\r\n                                                                                    <div class=\"row agency_featured_item elementor-repeater-item-0979933 agency_featured_item_two\">\r\n                                    <div class=\"col-lg-6\">\r\n                                        <div class=\"agency_featured_img text-right wow fadeInRight\"\r\n                                             data-wow-delay=\"0.4s\">\r\n                                            <img fetchpriority=\"high\" decoding=\"async\" width=\"500\" height=\"400\" src=\"https:\/\/laplume.com.tr\/wp-content\/uploads\/2020\/07\/kalite-tarih.jpg\" class=\"attachment-full size-full\" alt=\"\" srcset=\"https:\/\/laplume.com.tr\/wp-content\/uploads\/2020\/07\/kalite-tarih.jpg 500w, https:\/\/laplume.com.tr\/wp-content\/uploads\/2020\/07\/kalite-tarih-300x240.jpg 300w\" sizes=\"(max-width: 500px) 100vw, 500px\" \/>                                        <\/div>\r\n                                    <\/div>\r\n                                    <div class=\"col-lg-6\">\r\n                                        <div class=\"agency_featured_content pr_70 pl_100 wow fadeInLeft\"\r\n                                             data-wow-delay=\"0.6s\">\r\n                                            <div class=\"dot\"><span class=\"dot1\"><\/span><span class=\"dot2\"><\/span><\/div>\r\n                                            <img decoding=\"async\" width=\"24\" height=\"24\" src=\"https:\/\/laplume.com.tr\/wp-content\/uploads\/2020\/03\/shape_07.png\" class=\"attachment-full size-full\" alt=\"\" \/>                                                                                            <h3> Histoire de la qualit\u00e9 <\/h3>\r\n                                                                                        <p>Dans la culture anatolienne, les marchands d&#39;Ahi avaient l&#39;habitude d&#39;inspecter leurs coll\u00e8gues. Si un commer\u00e7ant agissait de mani\u00e8re non \u00e9thique et trompait un client, les autres marchands de la ville \u00abaccrocheraient ses chaussures sur le toit\u00bb. Quand les villageois virent les chaussures, ils ne voulaient pas acheter ce marchand.<\/p>\n                                                                                            <a href=\"\"                                                    class=\"icon mt_30 btn_icon\"><i\r\n                                                            class=\"ti-arrow-right\"><\/i><\/a>\r\n                                                                                        <\/div>\r\n                                    <\/div>\r\n                                <\/div>\r\n                                                                <div class=\"row agency_featured_item elementor-repeater-item-2d6f662 flex-row-reverse\">\r\n                                    <div class=\"col-lg-6\">\r\n                                        <div class=\"agency_featured_img text-right wow fadeInRight\"\r\n                                             data-wow-delay=\"0.4s\">\r\n                                            <img decoding=\"async\" width=\"500\" height=\"400\" src=\"https:\/\/laplume.com.tr\/wp-content\/uploads\/2020\/07\/odak-noktasi.jpg\" class=\"attachment-full size-full\" alt=\"\" srcset=\"https:\/\/laplume.com.tr\/wp-content\/uploads\/2020\/07\/odak-noktasi.jpg 500w, https:\/\/laplume.com.tr\/wp-content\/uploads\/2020\/07\/odak-noktasi-300x240.jpg 300w\" sizes=\"(max-width: 500px) 100vw, 500px\" \/>                                        <\/div>\r\n                                    <\/div>\r\n                                    <div class=\"col-lg-6\">\r\n                                        <div class=\"agency_featured_content pr_70 pl_70 wow fadeInLeft\"\r\n                                             data-wow-delay=\"0.6s\">\r\n                                            <div class=\"dot\"><span class=\"dot1\"><\/span><span class=\"dot2\"><\/span><\/div>\r\n                                            <img decoding=\"async\" width=\"24\" height=\"24\" src=\"https:\/\/laplume.com.tr\/wp-content\/uploads\/2020\/03\/shape_07.png\" class=\"attachment-full size-full\" alt=\"\" \/>                                                                                            <h3> Notre objectif <\/h3>\r\n                                                                                        <p>Comme Elhadefler, nous nous concentrons sur la \u00abvaleur ajout\u00e9e\u00bb. Nous savons que la<br \/>\ncr\u00e9ativit\u00e9, l&#39;am\u00e9lioration et le travail acharn\u00e9 peuvent cr\u00e9er le concept de valeur ajout\u00e9e.<\/p>\n<p>C&#39;est pourquoi, depuis 1941, nous nous sommes am\u00e9lior\u00e9s en sachant que nous fabriquons des produits pour les gens.<\/p>\n                                                                                            <a href=\"\"                                                    class=\"icon mt_30 btn_icon\"><i\r\n                                                            class=\"ti-arrow-right\"><\/i><\/a>\r\n                                                                                        <\/div>\r\n                                    <\/div>\r\n                                <\/div>\r\n                                                                <div class=\"row agency_featured_item elementor-repeater-item-78e8c7f agency_featured_item_two\">\r\n                                    <div class=\"col-lg-6\">\r\n                                        <div class=\"agency_featured_img text-right wow fadeInRight\"\r\n                                             data-wow-delay=\"0.4s\">\r\n                                            <img loading=\"lazy\" decoding=\"async\" width=\"500\" height=\"292\" src=\"https:\/\/laplume.com.tr\/wp-content\/uploads\/2020\/07\/hedefimiz-new.jpg\" class=\"attachment-full size-full\" alt=\"\" srcset=\"https:\/\/laplume.com.tr\/wp-content\/uploads\/2020\/07\/hedefimiz-new.jpg 500w, https:\/\/laplume.com.tr\/wp-content\/uploads\/2020\/07\/hedefimiz-new-300x175.jpg 300w\" sizes=\"(max-width: 500px) 100vw, 500px\" \/>                                        <\/div>\r\n                                    <\/div>\r\n                                    <div class=\"col-lg-6\">\r\n                                        <div class=\"agency_featured_content pr_70 pl_100 wow fadeInLeft\"\r\n                                             data-wow-delay=\"0.6s\">\r\n                                            <div class=\"dot\"><span class=\"dot1\"><\/span><span class=\"dot2\"><\/span><\/div>\r\n                                            <img decoding=\"async\" width=\"24\" height=\"24\" src=\"https:\/\/laplume.com.tr\/wp-content\/uploads\/2020\/03\/shape_07.png\" class=\"attachment-full size-full\" alt=\"\" \/>                                                                                            <h3> Cible <\/h3>\r\n                                                                                        <p>La qualit\u00e9 est une philosophie de la vie et son histoire est ancienne.<\/p>\n<p>Nous croyons qu&#39;une entreprise doit d\u00e9finir des objectifs ax\u00e9s sur ses clients.<\/p>\n                                                                                            <a href=\"\"                                                    class=\"icon mt_30 btn_icon\"><i\r\n                                                            class=\"ti-arrow-right\"><\/i><\/a>\r\n                                                                                        <\/div>\r\n                                    <\/div>\r\n                                <\/div>\r\n                                                        <div class=\"dot middle_dot middle_dot4\"><span class=\"dot1\"><\/span><span\r\n                                    class=\"dot2\"><\/span><\/div>\r\n                    <\/div>\r\n                <\/div>\r\n            <\/section>\r\n            \t\t\t\t<\/div>\n\t\t\t\t<\/div>\n\t\t\t\t\t<\/div>\n\t\t<\/div>\n\t\t\t\t\t<\/div>\n\t\t<\/section>\n\t\t\t\t<section class=\"elementor-section elementor-top-section elementor-element elementor-element-71ade5d elementor-section-boxed elementor-section-height-default elementor-section-height-default\" data-id=\"71ade5d\" data-element_type=\"section\">\n\t\t\t\t\t\t<div class=\"elementor-container elementor-column-gap-default\">\n\t\t\t\t\t<div class=\"elementor-column elementor-col-100 elementor-top-column elementor-element elementor-element-023c27c\" data-id=\"023c27c\" data-element_type=\"column\">\n\t\t\t<div class=\"elementor-widget-wrap elementor-element-populated\">\n\t\t\t\t\t\t<div class=\"elementor-element elementor-element-1b25a8d elementor-widget elementor-widget-html\" data-id=\"1b25a8d\" data-element_type=\"widget\" data-widget_type=\"html.default\">\n\t\t\t\t<div class=\"elementor-widget-container\">\n\t\t\t\t\t<style>\n    a.icon.mt_30.btn_icon {\n    display: none;\n}\n<\/style>\t\t\t\t<\/div>\n\t\t\t\t<\/div>\n\t\t\t\t\t<\/div>\n\t\t<\/div>\n\t\t\t\t\t<\/div>\n\t\t<\/section>\n\t\t\t\t<section class=\"elementor-section elementor-top-section elementor-element elementor-element-7a5d6204 elementor-section-full_width elementor-section-height-default elementor-section-height-default\" data-id=\"7a5d6204\" data-element_type=\"section\" id=\"faq\">\n\t\t\t\t\t\t<div class=\"elementor-container elementor-column-gap-no\">\n\t\t\t\t\t<div class=\"elementor-column elementor-col-100 elementor-top-column elementor-element elementor-element-2f778a02\" data-id=\"2f778a02\" data-element_type=\"column\">\n\t\t\t<div class=\"elementor-widget-wrap elementor-element-populated\">\n\t\t\t\t\t\t<div class=\"elementor-element elementor-element-1f821dc elementor-widget elementor-widget-saasland_appart_screen_feature\" data-id=\"1f821dc\" data-element_type=\"widget\" data-widget_type=\"saasland_appart_screen_feature.default\">\n\t\t\t\t<div class=\"elementor-widget-container\">\n\t\t\t\t\t            <section class=\"features_area features_area_pad feature-bg shape\">\r\n                <div class=\"container\">\r\n                    <div class=\"row \">\r\n                                                    <div class=\"col-lg-7 col-sm-12 f_img text-right\">\r\n                                <img decoding=\"async\" src=\"http:\/\/laplume.com.tr\/wp-content\/uploads\/2020\/06\/kalite-pol.jpg\" alt=\"featured\">\r\n                            <\/div>\r\n                                                <div class=\"col-lg-5 col-sm-12 features_content_three\">\r\n                            <div class=\"title-four\">\r\n                                                                    <h2> Politique de qualit\u00e9<\/h2>\r\n                                                            <\/div>\r\n                                                            <p>Nous savons que la cr\u00e9ativit\u00e9, l&#39;am\u00e9lioration et le travail acharn\u00e9 peuvent cr\u00e9er le concept de valeur ajout\u00e9e.<\/p>\n                                <div class=\"scree_feature_item\">\r\n                                    <div class=\"media d-flex\">\r\n                                        <div class=\"media-left\">\r\n                                            <div class=\"icon\"><i class='ti-location-arrow'><\/i><\/div>                                        <\/div>\r\n                                        <div class=\"media-body\"> Notre mission <\/div>\r\n                                    <\/div>\r\n                                                                            <p>Pour cr\u00e9er des solutions confortables, \u00e9conomiques et hygi\u00e9niques pour nos clients gr\u00e2ce \u00e0 notre approche novatrice et cr\u00e9ative.<br \/>\n<\/p>\r\n                                                                    <\/div>\r\n                                                                <div class=\"scree_feature_item\">\r\n                                    <div class=\"media d-flex\">\r\n                                        <div class=\"media-left\">\r\n                                            <div class=\"icon\"><i class='ti-support'><\/i><\/div>                                        <\/div>\r\n                                        <div class=\"media-body\"> Notre promesse <\/div>\r\n                                    <\/div>\r\n                                                                            <p>Nous suivrons toujours les normes internationales, am\u00e9liorons notre standarts de qualit\u00e9 tout le temps et innover continuellement.<br \/>\n<\/p>\r\n                                                                    <\/div>\r\n                                                                <div class=\"scree_feature_item\">\r\n                                    <div class=\"media d-flex\">\r\n                                        <div class=\"media-left\">\r\n                                            <div class=\"icon\"><i class='ti-stats-up'><\/i><\/div>                                        <\/div>\r\n                                        <div class=\"media-body\"> Notre vision <\/div>\r\n                                    <\/div>\r\n                                                                            <p>Avec la force que nous avons tir\u00e9e de notre exp\u00e9rience depuis 1941, nous visons \u00e0 \u00eatre l&#039;un des<br \/>\nleaders mondiaux dans les domaines que nous servons.<br \/>\n<\/p>\r\n                                                                    <\/div>\r\n                                                        <\/div>\r\n                    <\/div>\r\n                <\/div>\r\n            <\/section>\r\n            \t\t\t\t<\/div>\n\t\t\t\t<\/div>\n\t\t\t\t\t<\/div>\n\t\t<\/div>\n\t\t\t\t\t<\/div>\n\t\t<\/section>\n\t\t\t\t<\/div>\n\t\t","protected":false},"excerpt":{"rendered":"<p>Histoire de la qualit\u00e9 Dans la culture anatolienne, les marchands d&#39;Ahi avaient l&#39;habitude d&#39;inspecter leurs coll\u00e8gues. Si un commer\u00e7ant agissait de mani\u00e8re non \u00e9thique et trompait un client, les autres marchands de la ville \u00abaccrocheraient ses chaussures sur le toit\u00bb. Quand les villageois virent les chaussures, ils ne voulaient pas acheter ce marchand. Notre objectif [&hellip;]<\/p>\n","protected":false},"author":1,"featured_media":0,"parent":0,"menu_order":0,"comment_status":"closed","ping_status":"closed","template":"elementor_header_footer","meta":{"footnotes":""},"class_list":["post-10979","page","type-page","status-publish","hentry","no-post-thumbnail"],"acf":[],"_links":{"self":[{"href":"https:\/\/laplume.com.tr\/fr\/wp-json\/wp\/v2\/pages\/10979","targetHints":{"allow":["GET"]}}],"collection":[{"href":"https:\/\/laplume.com.tr\/fr\/wp-json\/wp\/v2\/pages"}],"about":[{"href":"https:\/\/laplume.com.tr\/fr\/wp-json\/wp\/v2\/types\/page"}],"author":[{"embeddable":true,"href":"https:\/\/laplume.com.tr\/fr\/wp-json\/wp\/v2\/users\/1"}],"replies":[{"embeddable":true,"href":"https:\/\/laplume.com.tr\/fr\/wp-json\/wp\/v2\/comments?post=10979"}],"version-history":[{"count":0,"href":"https:\/\/laplume.com.tr\/fr\/wp-json\/wp\/v2\/pages\/10979\/revisions"}],"wp:attachment":[{"href":"https:\/\/laplume.com.tr\/fr\/wp-json\/wp\/v2\/media?parent=10979"}],"curies":[{"name":"wp","href":"https:\/\/api.w.org\/{rel}","templated":true}]}}