{"id":10984,"date":"2020-08-28T12:31:38","date_gmt":"2020-08-28T12:31:38","guid":{"rendered":"http:\/\/laplume.com.tr\/?page_id=10984"},"modified":"2020-08-28T12:33:56","modified_gmt":"2020-08-28T12:33:56","slug":"rd","status":"publish","type":"page","link":"https:\/\/laplume.com.tr\/fr\/rd\/","title":{"rendered":"R&#038;D"},"content":{"rendered":"\t\t<div data-elementor-type=\"wp-post\" data-elementor-id=\"10984\" class=\"elementor elementor-10984 elementor-5321\">\n\t\t\t\t\t\t<section class=\"elementor-section elementor-top-section elementor-element elementor-element-4e47cbd elementor-section-boxed elementor-section-height-default elementor-section-height-default\" data-id=\"4e47cbd\" data-element_type=\"section\">\n\t\t\t\t\t\t<div class=\"elementor-container elementor-column-gap-default\">\n\t\t\t\t\t<div class=\"elementor-column elementor-col-100 elementor-top-column elementor-element elementor-element-15170e0\" data-id=\"15170e0\" data-element_type=\"column\">\n\t\t\t<div class=\"elementor-widget-wrap elementor-element-populated\">\n\t\t\t\t\t\t<div class=\"elementor-element elementor-element-baf4cdc elementor-widget elementor-widget-testimonial\" data-id=\"baf4cdc\" data-element_type=\"widget\" data-widget_type=\"testimonial.default\">\n\t\t\t\t<div class=\"elementor-widget-container\">\n\t\t\t\t\t\t\t<div class=\"elementor-testimonial-wrapper\">\n\t\t\t\t\t\t\t<div class=\"elementor-testimonial-content\"><i>\n\" La chaussure est l\u00e0 ... Elle existe ... Elle peut \u00eatre vue et peut \u00eatre essay\u00e9e. Cependant,\nla R &amp; D n&#39;est qu&#39;une projection d&#39;un avenir qui n&#39;existe pas pour le moment. <strong>Il n&#39;est pas l\u00e0, il ne peut pas \u00eatre vu, ni essay\u00e9.<\/strong> \"\n<\/i><\/div>\n\t\t\t\n\t\t\t\t\t\t<div class=\"elementor-testimonial-meta elementor-has-image elementor-testimonial-image-position-top\">\n\t\t\t\t<div class=\"elementor-testimonial-meta-inner\">\n\t\t\t\t\t\t\t\t\t\t\t<div class=\"elementor-testimonial-image\">\n\t\t\t\t\t\t\t<img fetchpriority=\"high\" decoding=\"async\" width=\"300\" height=\"300\" src=\"https:\/\/laplume.com.tr\/wp-content\/uploads\/2020\/03\/circle-2.png\" class=\"attachment-full size-full wp-image-5047\" alt=\"\" \/>\t\t\t\t\t\t<\/div>\n\t\t\t\t\t\n\t\t\t\t\t\t\t\t\t\t<div class=\"elementor-testimonial-details\">\n\t\t\t\t\t\t\t\t\t\t\t\t\t\t<div class=\"elementor-testimonial-name\">Robert A. Frosch<\/div>\n\t\t\t\t\t\t\t\t\t\t\t\t\t\t\t\t\t\t\t\t\t\t<div class=\"elementor-testimonial-job\">Scientist<\/div>\n\t\t\t\t\t\t\t\t\t\t\t\t\t<\/div>\n\t\t\t\t\t\t\t\t\t<\/div>\n\t\t\t<\/div>\n\t\t\t\t\t<\/div>\n\t\t\t\t\t\t<\/div>\n\t\t\t\t<\/div>\n\t\t\t\t\t<\/div>\n\t\t<\/div>\n\t\t\t\t\t<\/div>\n\t\t<\/section>\n\t\t\t\t<section class=\"elementor-section elementor-top-section elementor-element elementor-element-5c9919c elementor-section-full_width elementor-section-height-default elementor-section-height-default\" data-id=\"5c9919c\" data-element_type=\"section\">\n\t\t\t\t\t\t<div class=\"elementor-container elementor-column-gap-no\">\n\t\t\t\t\t<div class=\"elementor-column elementor-col-100 elementor-top-column elementor-element elementor-element-ddd2712\" data-id=\"ddd2712\" data-element_type=\"column\">\n\t\t\t<div class=\"elementor-widget-wrap elementor-element-populated\">\n\t\t\t\t\t\t<div class=\"elementor-element elementor-element-9c865e3 elementor-widget elementor-widget-Saasland_processes\" data-id=\"9c865e3\" data-element_type=\"widget\" data-widget_type=\"Saasland_processes.default\">\n\t\t\t\t<div class=\"elementor-widget-container\">\n\t\t\t\t\t            <section class=\"agency_featured_area\">\r\n                <div class=\"container\">\r\n                                        <div class=\"features_info\">\r\n                                                                                <div class=\"row agency_featured_item elementor-repeater-item-0979933 flex-row-reverse\">\r\n                                    <div class=\"col-lg-6\">\r\n                                        <div class=\"agency_featured_img text-right wow fadeInRight\"\r\n                                             data-wow-delay=\"0.4s\">\r\n                                            <img decoding=\"async\" width=\"500\" height=\"400\" src=\"https:\/\/laplume.com.tr\/wp-content\/uploads\/2020\/07\/ar-gee.jpg\" class=\"attachment-full size-full\" alt=\"\" srcset=\"https:\/\/laplume.com.tr\/wp-content\/uploads\/2020\/07\/ar-gee.jpg 500w, https:\/\/laplume.com.tr\/wp-content\/uploads\/2020\/07\/ar-gee-300x240.jpg 300w\" sizes=\"(max-width: 500px) 100vw, 500px\" \/>                                        <\/div>\r\n                                    <\/div>\r\n                                    <div class=\"col-lg-6\">\r\n                                        <div class=\"agency_featured_content pr_70 pl_70 wow fadeInLeft\"\r\n                                             data-wow-delay=\"0.6s\">\r\n                                            <div class=\"dot\"><span class=\"dot1\"><\/span><span class=\"dot2\"><\/span><\/div>\r\n                                            <img decoding=\"async\" width=\"24\" height=\"24\" src=\"https:\/\/laplume.com.tr\/wp-content\/uploads\/2020\/03\/shape_07.png\" class=\"attachment-full size-full\" alt=\"\" \/>                                                                                        <p>Aujourd&#39;hui, \u00abcr\u00e9er du capital intellectuel\u00bb est beaucoup plus important que de cr\u00e9er du capital financier. Nous sommes conscients de cette r\u00e9alit\u00e9. Depuis notre premi\u00e8re journ\u00e9e d&#39;affaires, nous investissons dans la R &amp; D et la recherche de nouveaux produits et mod\u00e8les de production.<\/p>\n<p>Ce n&#39;est pas un hasard si nous avons produit beaucoup de \u00abpremi\u00e8res\u00bb en Turquie. Tous nos produits sont le r\u00e9sultat de cette approche.<\/p>\n                                                                                            <a href=\"\"                                                    class=\"icon mt_30 btn_icon\"><i\r\n                                                            class=\"ti-arrow-right\"><\/i><\/a>\r\n                                                                                        <\/div>\r\n                                    <\/div>\r\n                                <\/div>\r\n                                                        <div class=\"dot middle_dot middle_dot2\"><span class=\"dot1\"><\/span><span\r\n                                    class=\"dot2\"><\/span><\/div>\r\n                    <\/div>\r\n                <\/div>\r\n            <\/section>\r\n            \t\t\t\t<\/div>\n\t\t\t\t<\/div>\n\t\t\t\t\t<\/div>\n\t\t<\/div>\n\t\t\t\t\t<\/div>\n\t\t<\/section>\n\t\t\t\t<section class=\"elementor-section elementor-top-section elementor-element elementor-element-71ade5d elementor-section-boxed elementor-section-height-default elementor-section-height-default\" data-id=\"71ade5d\" data-element_type=\"section\">\n\t\t\t\t\t\t<div class=\"elementor-container elementor-column-gap-default\">\n\t\t\t\t\t<div class=\"elementor-column elementor-col-100 elementor-top-column elementor-element elementor-element-023c27c\" data-id=\"023c27c\" data-element_type=\"column\">\n\t\t\t<div class=\"elementor-widget-wrap elementor-element-populated\">\n\t\t\t\t\t\t<div class=\"elementor-element elementor-element-1b25a8d elementor-widget elementor-widget-html\" data-id=\"1b25a8d\" data-element_type=\"widget\" data-widget_type=\"html.default\">\n\t\t\t\t<div class=\"elementor-widget-container\">\n\t\t\t\t\t<style>\n    a.icon.mt_30.btn_icon {\n    display: none;\n}\n<\/style>\t\t\t\t<\/div>\n\t\t\t\t<\/div>\n\t\t\t\t\t<\/div>\n\t\t<\/div>\n\t\t\t\t\t<\/div>\n\t\t<\/section>\n\t\t\t\t<\/div>\n\t\t","protected":false},"excerpt":{"rendered":"<p>&#8221; La chaussure est l\u00e0 &#8230; Elle existe &#8230; Elle peut \u00eatre vue et peut \u00eatre essay\u00e9e. Cependant, la R &amp; D n&#39;est qu&#39;une projection d&#39;un avenir qui n&#39;existe pas pour le moment. Il n&#39;est pas l\u00e0, il ne peut pas \u00eatre vu, ni essay\u00e9. &#8220; Robert A. Frosch Scientist Aujourd&#39;hui, \u00abcr\u00e9er du capital intellectuel\u00bb [&hellip;]<\/p>\n","protected":false},"author":1,"featured_media":0,"parent":0,"menu_order":0,"comment_status":"closed","ping_status":"closed","template":"elementor_header_footer","meta":{"footnotes":""},"class_list":["post-10984","page","type-page","status-publish","hentry","no-post-thumbnail"],"acf":[],"_links":{"self":[{"href":"https:\/\/laplume.com.tr\/fr\/wp-json\/wp\/v2\/pages\/10984","targetHints":{"allow":["GET"]}}],"collection":[{"href":"https:\/\/laplume.com.tr\/fr\/wp-json\/wp\/v2\/pages"}],"about":[{"href":"https:\/\/laplume.com.tr\/fr\/wp-json\/wp\/v2\/types\/page"}],"author":[{"embeddable":true,"href":"https:\/\/laplume.com.tr\/fr\/wp-json\/wp\/v2\/users\/1"}],"replies":[{"embeddable":true,"href":"https:\/\/laplume.com.tr\/fr\/wp-json\/wp\/v2\/comments?post=10984"}],"version-history":[{"count":0,"href":"https:\/\/laplume.com.tr\/fr\/wp-json\/wp\/v2\/pages\/10984\/revisions"}],"wp:attachment":[{"href":"https:\/\/laplume.com.tr\/fr\/wp-json\/wp\/v2\/media?parent=10984"}],"curies":[{"name":"wp","href":"https:\/\/api.w.org\/{rel}","templated":true}]}}