{"id":10994,"date":"2020-08-31T07:22:57","date_gmt":"2020-08-31T07:22:57","guid":{"rendered":"http:\/\/laplume.com.tr\/?page_id=10994"},"modified":"2020-09-21T15:22:01","modified_gmt":"2020-09-21T15:22:01","slug":"quest-ce-quairlaid","status":"publish","type":"page","link":"https:\/\/laplume.com.tr\/fr\/quest-ce-quairlaid\/","title":{"rendered":"Qu&#8217;est-ce Qu\u2019Airlaid?"},"content":{"rendered":"\t\t<div data-elementor-type=\"wp-post\" data-elementor-id=\"10994\" class=\"elementor elementor-10994 elementor-3162\">\n\t\t\t\t\t\t<section class=\"elementor-section elementor-top-section elementor-element elementor-element-4c539476 elementor-section-full_width elementor-section-height-default elementor-section-height-default\" data-id=\"4c539476\" data-element_type=\"section\">\n\t\t\t\t\t\t<div class=\"elementor-container elementor-column-gap-no\">\n\t\t\t\t\t<div class=\"elementor-column elementor-col-100 elementor-top-column elementor-element elementor-element-12c57e27\" data-id=\"12c57e27\" data-element_type=\"column\">\n\t\t\t<div class=\"elementor-widget-wrap elementor-element-populated\">\n\t\t\t\t\t\t<div class=\"elementor-element elementor-element-46810ee elementor-widget elementor-widget-html\" data-id=\"46810ee\" data-element_type=\"widget\" data-widget_type=\"html.default\">\n\t\t\t\t<div class=\"elementor-widget-container\">\n\t\t\t\t\t<style>\n    \n    a.learn_btn {\n    background: #db404e;\n    padding: 5px 10px;\n    width: 100px;\n    color: #fff !important;\n    border-radius: 5px;\n    box-shadow: 0 0 3px #000;\n}\n<\/style>\t\t\t\t<\/div>\n\t\t\t\t<\/div>\n\t\t\t\t\t<\/div>\n\t\t<\/div>\n\t\t\t\t\t<\/div>\n\t\t<\/section>\n\t\t\t\t<section class=\"elementor-section elementor-top-section elementor-element elementor-element-452accc elementor-section-full_width elementor-section-height-default elementor-section-height-default\" data-id=\"452accc\" data-element_type=\"section\">\n\t\t\t\t\t\t<div class=\"elementor-container elementor-column-gap-no\">\n\t\t\t\t\t<div class=\"elementor-column elementor-col-100 elementor-top-column elementor-element elementor-element-56ef22d\" data-id=\"56ef22d\" data-element_type=\"column\">\n\t\t\t<div class=\"elementor-widget-wrap elementor-element-populated\">\n\t\t\t\t\t\t<div class=\"elementor-element elementor-element-11931c0 elementor-widget elementor-widget-saasland_main_features\" data-id=\"11931c0\" data-element_type=\"widget\" data-widget_type=\"saasland_main_features.default\">\n\t\t\t\t<div class=\"elementor-widget-container\">\n\t\t\t\t\t<section class=\"hosting_service_area sec_pad\">\r\n    <div class=\"container\">\r\n        <div class=\"hosting_title text-center\">\r\n                        <h2 class=\"sl_color_s wow fadeInUp\" data-wow-delay=\"0.3s\">\r\n            Qu\u2019est-ce Qu\u2019Airlaid?        <\/h2>\r\n                            <p class=\"wow fadeInUp\" data-wow-delay=\"0.5s\">\r\n                Le papier Airlaid est un mat\u00e9rial en cellulose ressemblant au textile.            <\/p>\r\n            <\/div>\r\n    <div class=\"container\">\r\n        <div class=\"row\">\r\n                                <div class=\"col-lg-4 col-sm-6 elementor-repeater-item-add2936\">\r\n                        <div class=\"hosting_service_item\">\r\n                            <div class=\"icon\">\r\n                                <img decoding=\"async\" width=\"30\" height=\"36\" src=\"https:\/\/laplume.com.tr\/wp-content\/uploads\/2019\/10\/icon1-2.png\" class=\"attachment-full size-full\" alt=\"\" \/>                            <\/div>\r\n                                                             <a href=\"\/la-plume-nedir\/?lang=fr\">                                 <h5 class=\"h_head\"> Qu&#039;est-ce que La Plume <\/h5>\r\n                                 <\/a>                                                                                         <p>La Plume Airlaid est un produit \u00e9conomique et confortable qui offre l'\u00e9l\u00e9gance du textile et la praticit\u00e9 du jetable en m\u00eame temps.<\/p>\n                                                    <\/div>\r\n                    <\/div>\r\n                                        <div class=\"col-lg-4 col-sm-6 elementor-repeater-item-cbb71dd\">\r\n                        <div class=\"hosting_service_item\">\r\n                            <div class=\"icon\">\r\n                                <img decoding=\"async\" width=\"40\" height=\"32\" src=\"https:\/\/laplume.com.tr\/wp-content\/uploads\/2019\/10\/icon2.png\" class=\"attachment-full size-full\" alt=\"\" \/>                            <\/div>\r\n                                                             <a href=\"\/malzemeler\/?lang=fr\">                                 <h5 class=\"h_head\"> Materiaux <\/h5>\r\n                                 <\/a>                                                                                         <p>Les fibres de cellulose  sont usin\u00e9es \u00ab \u00e0 sec \u00bb avec de l\u2019air et unies avec un type de colle nomm\u00e9e EVA.<\/p>\n                                                    <\/div>\r\n                    <\/div>\r\n                                        <div class=\"col-lg-4 col-sm-6 elementor-repeater-item-578b684\">\r\n                        <div class=\"hosting_service_item\">\r\n                            <div class=\"icon\">\r\n                                <img decoding=\"async\" width=\"36\" height=\"36\" src=\"https:\/\/laplume.com.tr\/wp-content\/uploads\/2019\/10\/icon3-2.png\" class=\"attachment-full size-full\" alt=\"\" \/>                            <\/div>\r\n                                                             <a href=\"\/renk-secenekleri\/?lang=fr\">                                 <h5 class=\"h_head\"> Options de couleur <\/h5>\r\n                                 <\/a>                                                                                         <p>Blanc, Ivoire, Sable, Jaune, Orange<br \/>\n*** L&#039;OR ET L&#039;ARGENT sont des<br \/>\ncouleurs optionnelles et fabriqu\u00e9es sur commande.<\/p>\n                                                    <\/div>\r\n                    <\/div>\r\n                            <\/div>\r\n    <\/div>\r\n<\/section>\t\t\t\t<\/div>\n\t\t\t\t<\/div>\n\t\t\t\t\t<\/div>\n\t\t<\/div>\n\t\t\t\t\t<\/div>\n\t\t<\/section>\n\t\t\t\t<section class=\"elementor-section elementor-top-section elementor-element elementor-element-15d9a72d elementor-section-full_width elementor-section-height-default elementor-section-height-default\" data-id=\"15d9a72d\" data-element_type=\"section\" id=\"overview\">\n\t\t\t\t\t\t<div class=\"elementor-container elementor-column-gap-no\">\n\t\t\t\t\t<div class=\"elementor-column elementor-col-100 elementor-top-column elementor-element elementor-element-78099444\" data-id=\"78099444\" data-element_type=\"column\">\n\t\t\t<div class=\"elementor-widget-wrap elementor-element-populated\">\n\t\t\t\t\t\t<div class=\"elementor-element elementor-element-5d3bbadf elementor-widget elementor-widget-saasland_appart_screen_feature\" data-id=\"5d3bbadf\" data-element_type=\"widget\" id=\"features\" data-widget_type=\"saasland_appart_screen_feature.default\">\n\t\t\t\t<div class=\"elementor-widget-container\">\n\t\t\t\t\t            <section class=\"best_screen_features_area features_area_pad\">\r\n                                    <svg xmlns=\"http:\/\/www.w3.org\/2000\/svg\">\r\n                        <path fill='#ffffff' id=\"down_bg_copy_2\" data-name=\"down \/ bg copy 2\" d=\"M444.936,252.606c-148.312,0-305.161-29.63-444.936-80.214V0H1920V12S808.194,234.074,444.936,252.606Z\"\/>\r\n                    <\/svg>\r\n                                                    <!--Parallax-->\r\n                    <ul class=\"memphis-parallax hidden-xs hidden-sm white_border\">\r\n                                                    <li data-parallax='{\"x\": -00, \"y\": 100}'>\r\n                                <img decoding=\"async\" class=\"br_shape\" src=\"https:\/\/droitthemes.com\/wp\/saasland-theme\/wp-content\/uploads\/2019\/10\/line_07.png\" alt=\"\u00c0 propos d&#039;Airlaid\">\r\n                            <\/li>\r\n                                                                            <li data-parallax='{\"x\": 200, \"y\": 200}'>\r\n                                <img decoding=\"async\" class=\"br_shape\" src=\"https:\/\/droitthemes.com\/wp\/saasland-theme\/wp-content\/uploads\/2019\/10\/line_08.png\" alt=\"\u00c0 propos d&#039;Airlaid\">\r\n                            <\/li>\r\n                                                                            <li data-parallax='{\"x\": 150, \"y\": 150}'>\r\n                                <img decoding=\"async\" class=\"br_shape\" src=\"https:\/\/droitthemes.com\/wp\/saasland-theme\/wp-content\/uploads\/2019\/10\/line_10.png\" alt=\"\u00c0 propos d&#039;Airlaid\">\r\n                            <\/li>\r\n                                                                            <li data-parallax='{\"x\": 50, \"y\": 50}'>\r\n                                <img decoding=\"async\" class=\"br_shape\" src=\"https:\/\/droitthemes.com\/wp\/saasland-theme\/wp-content\/uploads\/2019\/10\/line_11.png\" alt=\"\u00c0 propos d&#039;Airlaid\">\r\n                            <\/li>\r\n                                                                            <li data-parallax='{\"x\": 150, \"y\": 150}'>\r\n                                <img decoding=\"async\" src=\"https:\/\/droitthemes.com\/wp\/saasland-theme\/wp-content\/uploads\/2019\/10\/line_12.png\" alt=\"\u00c0 propos d&#039;Airlaid\">\r\n                            <\/li>\r\n                                                                            <li data-parallax='{\"x\": 100, \"y\": 100}'>\r\n                                <img decoding=\"async\" src=\"https:\/\/droitthemes.com\/wp\/saasland-theme\/wp-content\/uploads\/2019\/10\/line_13.png\" alt=\"\u00c0 propos d&#039;Airlaid\">\r\n                            <\/li>\r\n                                                                            <li data-parallax='{\"x\": 50, \"y\": 50}'>\r\n                                <img decoding=\"async\" src=\"https:\/\/droitthemes.com\/wp\/saasland-theme\/wp-content\/uploads\/2019\/10\/line_14.png\" alt=\"\u00c0 propos d&#039;Airlaid\">\r\n                            <\/li>\r\n                                                                            <li data-parallax='{\"y\": 250}'>\r\n                                <img decoding=\"async\" src=\"https:\/\/droitthemes.com\/wp\/saasland-theme\/wp-content\/uploads\/2019\/10\/line_15.png\" alt=\"\u00c0 propos d&#039;Airlaid\">\r\n                            <\/li>\r\n                                                                            <li data-parallax='{\"x\": 250, \"y\": 250}'>\r\n                                <img decoding=\"async\" src=\"https:\/\/droitthemes.com\/wp\/saasland-theme\/wp-content\/uploads\/2019\/10\/line_16.png\" alt=\"\u00c0 propos d&#039;Airlaid\">\r\n                            <\/li>\r\n                                                                            <li data-parallax='{\"x\": 150, \"y\": 150}'>\r\n                                <img decoding=\"async\" class=\"br_shape\" src=\"https:\/\/droitthemes.com\/wp\/saasland-theme\/wp-content\/uploads\/2019\/10\/line_17.png\" alt=\"\u00c0 propos d&#039;Airlaid\">\r\n                            <\/li>\r\n                                            <\/ul>\r\n                                <div class=\"container\">\r\n                    <div class=\"title-four h_color text-center mb_0\">\r\n                         <h2 class=\"wow fadeInUp\"> \u00c0 propos d&#039;Airlaid <\/h2>                                                     <p class=\"p_color wow fadeInUp\" data-wow-delay=\"200ms\">Airlaid est plus dense, perfor\u00e9e et douce par rapport au papier normal qui est fait en le mettant dans l'eau. Il peut absorber le liquide \u00e0 haute altitude et est plus r\u00e9sistant que le papier normal.<\/p>                    <\/div>\r\n\r\n                    <div class=\"row \">\r\n                                                    <div class=\"col-lg-4\">\r\n                                <div class=\"b_screen_img wow fadeInUp\">\r\n                                    <img decoding=\"async\" src=\"http:\/\/laplume.com.tr\/wp-content\/uploads\/2020\/06\/natural-textile-1-scaled.jpg\" alt=\"featured\">\r\n                                <\/div>\r\n                            <\/div>\r\n                                                <div class=\"col-lg-8\">\r\n                            <div class=\"row b_features_info\">\r\n                                                                        <div class=\"col-sm-6\">\r\n                                            <div class=\"b_features_item wow fadeInUp\">\r\n                                                <div class=\"b_features_icon\">\r\n                                                    <div class=\"icon\"><i class='ti-image'><\/i><span class='hover_color'><\/span><\/div>                                                <\/div>\r\n                                                                                                    <h3> Il est doux, il ne d\u00e9mange pas, il ne tire pas la peau. <\/h3>\r\n                                                                                                                                            <\/div>\r\n                                        <\/div>\r\n                                                                                <div class=\"col-sm-6\">\r\n                                            <div class=\"b_features_item wow fadeInUp\">\r\n                                                <div class=\"b_features_icon\">\r\n                                                    <div class=\"icon\"><i class='ti-pencil-alt'><\/i><span class='hover_color'><\/span><\/div>                                                <\/div>\r\n                                                                                                    <h3> Pas de filetage ni de poussi\u00e8re. L&#039;\u00e9lectricit\u00e9 statique est absente <\/h3>\r\n                                                                                                                                            <\/div>\r\n                                        <\/div>\r\n                                                                                <div class=\"col-sm-6\">\r\n                                            <div class=\"b_features_item wow fadeInUp\">\r\n                                                <div class=\"b_features_icon\">\r\n                                                    <div class=\"icon\"><i class='ti-key'><\/i><span class='hover_color'><\/span><\/div>                                                <\/div>\r\n                                                                                                    <h3> Il est fort. Il peut \u00eatre rinc\u00e9 et r\u00e9utilis\u00e9 m\u00eame lorsqu&#039;il est mouill\u00e9 <\/h3>\r\n                                                                                                                                            <\/div>\r\n                                        <\/div>\r\n                                                                                <div class=\"col-sm-6\">\r\n                                            <div class=\"b_features_item wow fadeInUp\">\r\n                                                <div class=\"b_features_icon\">\r\n                                                    <div class=\"icon\"><i class='fa fa-desktop'><\/i><span class='hover_color'><\/span><\/div>                                                <\/div>\r\n                                                                                                    <h3> Propre et hygi\u00e9nique. Il peut \u00eatre st\u00e9rilis\u00e9 <\/h3>\r\n                                                                                                                                            <\/div>\r\n                                        <\/div>\r\n                                                                                <div class=\"col-sm-6\">\r\n                                            <div class=\"b_features_item wow fadeInUp\">\r\n                                                <div class=\"b_features_icon\">\r\n                                                    <div class=\"icon\"><i class='fa fa-desktop'><\/i><span class='hover_color'><\/span><\/div>                                                <\/div>\r\n                                                                                                    <h3> A une texture textile. Il est coul\u00e9. <\/h3>\r\n                                                                                                                                            <\/div>\r\n                                        <\/div>\r\n                                                                                <div class=\"col-sm-6\">\r\n                                            <div class=\"b_features_item wow fadeInUp\">\r\n                                                <div class=\"b_features_icon\">\r\n                                                    <div class=\"icon\"><i class='fa fa-desktop'><\/i><span class='hover_color'><\/span><\/div>                                                <\/div>\r\n                                                                                                    <h3> Peut \u00eatre peint, imprim\u00e9, gaufr\u00e9, enduit. <\/h3>\r\n                                                                                                                                            <\/div>\r\n                                        <\/div>\r\n                                                                    <\/div>\r\n                        <\/div>\r\n                    <\/div>\r\n\r\n                <\/div>\r\n            <\/section>\r\n            \t\t\t\t<\/div>\n\t\t\t\t<\/div>\n\t\t\t\t\t<\/div>\n\t\t<\/div>\n\t\t\t\t\t<\/div>\n\t\t<\/section>\n\t\t\t\t<section class=\"elementor-section elementor-top-section elementor-element elementor-element-6bbc0c46 elementor-section-full_width elementor-section-height-default elementor-section-height-default\" data-id=\"6bbc0c46\" data-element_type=\"section\">\n\t\t\t\t\t\t<div class=\"elementor-container elementor-column-gap-no\">\n\t\t\t\t\t<div class=\"elementor-column elementor-col-100 elementor-top-column elementor-element elementor-element-6e5d6f0e\" data-id=\"6e5d6f0e\" data-element_type=\"column\">\n\t\t\t<div class=\"elementor-widget-wrap elementor-element-populated\">\n\t\t\t\t\t\t<div class=\"elementor-element elementor-element-4a4a8e67 elementor-widget elementor-widget-saasland_main_features\" data-id=\"4a4a8e67\" data-element_type=\"widget\" data-widget_type=\"saasland_main_features.default\">\n\t\t\t\t<div class=\"elementor-widget-container\">\n\t\t\t\t\t<section class=\"software_featured_area has_subtitle\">\r\n    <div class=\"container\">\r\n                    <p class=\"f_300 f_size_16 wow fadeInUp\" data-wow-delay=\"0.4s\">\r\n            Contrairement \u00e0 la production normale de papier, l'eau n'est pas utilis\u00e9e comme produit interm\u00e9diaire dans le papier d\u00e9pos\u00e9. Dans Airlaid, les fibres sont transport\u00e9es par l'air pour former la structure du papier. La structure d\u2019airlaid est isotrope. Le danois Karl Kroyer a \u00e9t\u00e9 le cr\u00e9ateur du papier airlaid au d\u00e9but des ann\u00e9es 1980.<br \/>\n        <\/p>\r\n        <div class=\"row software_featured_info\">\r\n                <div class=\"col-lg-4 col-sm-6 wow fadeInUp\" data-wow-delay=\"0.3s\">\r\n            <div class=\"software_featured_item text-center mb_20 elementor-repeater-item-4dca6ad\">\r\n                <div class=\"s_icon\">\r\n                                            <img decoding=\"async\" src=\"https:\/\/droitthemes.com\/wp\/saasland-theme\/wp-content\/uploads\/2019\/10\/icon_shape.png\" alt=\"Travail sp\u00e9cifique au client\">\r\n                                                                <img decoding=\"async\" class=\"icon\" src=\"https:\/\/droitthemes.com\/wp\/saasland-theme\/wp-content\/uploads\/2019\/10\/icon1.png\" alt=\"Travail sp\u00e9cifique au client\">\r\n                                    <\/div>\r\n                                <h5 class=\"f_600 t_color3\">Travail sp\u00e9cifique au client<\/h5>\r\n                                        <p class=\"f_size_15 mb-30\"> Les serviettes personnalis\u00e9es en AIRLAID sont les meilleurs outils de publicit\u00e9 et de communication pour votre entreprise ou votre \u00e9v\u00e9nement <\/p>\r\n                                        <a href=\"\/musteriye-ozel-calisma\/?lang=fr\" class=\"learn_btn\">\r\n                    Plus                <\/a>\r\n                    <\/div>\r\n    <\/div>\r\n        <div class=\"col-lg-4 col-sm-6 wow fadeInUp\" data-wow-delay=\"0.5s\">\r\n            <div class=\"software_featured_item text-center mb_20 elementor-repeater-item-b84354c\">\r\n                <div class=\"s_icon\">\r\n                                            <img decoding=\"async\" src=\"https:\/\/droitthemes.com\/wp\/saasland-theme\/wp-content\/uploads\/2019\/10\/icon_shape.png\" alt=\"Notre profil client\">\r\n                                                                <img decoding=\"async\" class=\"icon\" src=\"https:\/\/droitthemes.com\/wp\/saasland-theme\/wp-content\/uploads\/2018\/11\/icon2.png\" alt=\"Notre profil client\">\r\n                                    <\/div>\r\n                                <h5 class=\"f_600 t_color3\">Notre profil client<\/h5>\r\n                                        <p class=\"f_size_15 mb-30\"> H\u00f4tels, caf\u00e9s, restaurants, compagnies a\u00e9riennes, entreprises, distributeurs Horeca, navires de croisi\u00e8re, entreprises d'organisation, entreprises de restauration, marinas, commerce de d\u00e9tail <\/p>\r\n                                <\/div>\r\n    <\/div>\r\n        <div class=\"col-lg-4 col-sm-6 wow fadeInUp\" data-wow-delay=\"0.7s\">\r\n            <div class=\"software_featured_item text-center mb_20 elementor-repeater-item-9788101\">\r\n                <div class=\"s_icon\">\r\n                                            <img decoding=\"async\" src=\"https:\/\/droitthemes.com\/wp\/saasland-theme\/wp-content\/uploads\/2019\/10\/icon_shape.png\" alt=\"Catalogues\">\r\n                                                                <img decoding=\"async\" class=\"icon\" src=\"https:\/\/droitthemes.com\/wp\/saasland-theme\/wp-content\/uploads\/2019\/10\/icon3.png\" alt=\"Catalogues\">\r\n                                    <\/div>\r\n                                <h5 class=\"f_600 t_color3\">Catalogues<\/h5>\r\n                                        <p class=\"f_size_15 mb-30\"> Vous pouvez consulter nos catalogues en cliquant sur le lien ci-dessous. <\/p>\r\n                                        <a href=\"\/wp-content\/uploads\/2020\/06\/KATALOG.pdf\" class=\"learn_btn\">\r\n                    La revue                <\/a>\r\n                    <\/div>\r\n    <\/div>\r\n    <\/div>\r\n    <\/div>\r\n<\/section>\t\t\t\t<\/div>\n\t\t\t\t<\/div>\n\t\t\t\t\t<\/div>\n\t\t<\/div>\n\t\t\t\t\t<\/div>\n\t\t<\/section>\n\t\t\t\t<\/div>\n\t\t","protected":false},"excerpt":{"rendered":"<p>Qu\u2019est-ce Qu\u2019Airlaid? Le papier Airlaid est un mat\u00e9rial en cellulose ressemblant au textile. Qu&#039;est-ce que La Plume La Plume Airlaid est un produit \u00e9conomique et confortable qui offre l&#8217;\u00e9l\u00e9gance du textile et la praticit\u00e9 du jetable en m\u00eame temps. Materiaux Les fibres de cellulose sont usin\u00e9es \u00ab \u00e0 sec \u00bb avec de l\u2019air et unies [&hellip;]<\/p>\n","protected":false},"author":1,"featured_media":0,"parent":0,"menu_order":0,"comment_status":"closed","ping_status":"closed","template":"elementor_header_footer","meta":{"footnotes":""},"class_list":["post-10994","page","type-page","status-publish","hentry","no-post-thumbnail"],"acf":[],"_links":{"self":[{"href":"https:\/\/laplume.com.tr\/fr\/wp-json\/wp\/v2\/pages\/10994","targetHints":{"allow":["GET"]}}],"collection":[{"href":"https:\/\/laplume.com.tr\/fr\/wp-json\/wp\/v2\/pages"}],"about":[{"href":"https:\/\/laplume.com.tr\/fr\/wp-json\/wp\/v2\/types\/page"}],"author":[{"embeddable":true,"href":"https:\/\/laplume.com.tr\/fr\/wp-json\/wp\/v2\/users\/1"}],"replies":[{"embeddable":true,"href":"https:\/\/laplume.com.tr\/fr\/wp-json\/wp\/v2\/comments?post=10994"}],"version-history":[{"count":0,"href":"https:\/\/laplume.com.tr\/fr\/wp-json\/wp\/v2\/pages\/10994\/revisions"}],"wp:attachment":[{"href":"https:\/\/laplume.com.tr\/fr\/wp-json\/wp\/v2\/media?parent=10994"}],"curies":[{"name":"wp","href":"https:\/\/api.w.org\/{rel}","templated":true}]}}