{"id":11002,"date":"2020-08-31T08:03:30","date_gmt":"2020-08-31T08:03:30","guid":{"rendered":"http:\/\/laplume.com.tr\/?page_id=11002"},"modified":"2020-09-21T15:22:57","modified_gmt":"2020-09-21T15:22:57","slug":"quest-ce-que-la-plume","status":"publish","type":"page","link":"https:\/\/laplume.com.tr\/fr\/quest-ce-que-la-plume\/","title":{"rendered":"Qu&#8217;est-ce que La Plume"},"content":{"rendered":"\t\t<div data-elementor-type=\"wp-post\" data-elementor-id=\"11002\" class=\"elementor elementor-11002 elementor-5368\">\n\t\t\t\t\t\t<section class=\"elementor-section elementor-top-section elementor-element elementor-element-71ade5d elementor-section-boxed elementor-section-height-default elementor-section-height-default\" data-id=\"71ade5d\" data-element_type=\"section\">\n\t\t\t\t\t\t<div class=\"elementor-container elementor-column-gap-default\">\n\t\t\t\t\t<div class=\"elementor-column elementor-col-100 elementor-top-column elementor-element elementor-element-023c27c\" data-id=\"023c27c\" data-element_type=\"column\">\n\t\t\t<div class=\"elementor-widget-wrap elementor-element-populated\">\n\t\t\t\t\t\t<div class=\"elementor-element elementor-element-1b25a8d elementor-widget elementor-widget-html\" data-id=\"1b25a8d\" data-element_type=\"widget\" data-widget_type=\"html.default\">\n\t\t\t\t<div class=\"elementor-widget-container\">\n\t\t\t\t\t<style>\n    a.icon.mt_30.btn_icon {\n    display: none;\n}\n<\/style>\t\t\t\t<\/div>\n\t\t\t\t<\/div>\n\t\t\t\t\t<\/div>\n\t\t<\/div>\n\t\t\t\t\t<\/div>\n\t\t<\/section>\n\t\t\t\t<section class=\"elementor-section elementor-top-section elementor-element elementor-element-7fdb147c elementor-section-boxed elementor-section-height-default elementor-section-height-default\" data-id=\"7fdb147c\" data-element_type=\"section\">\n\t\t\t\t\t\t<div class=\"elementor-container elementor-column-gap-default\">\n\t\t\t\t\t<div class=\"elementor-column elementor-col-50 elementor-top-column elementor-element elementor-element-ec25156\" data-id=\"ec25156\" data-element_type=\"column\">\n\t\t\t<div class=\"elementor-widget-wrap elementor-element-populated\">\n\t\t\t\t\t\t<div class=\"elementor-element elementor-element-7fb944f0 elementor-widget elementor-widget-image\" data-id=\"7fb944f0\" data-element_type=\"widget\" data-widget_type=\"image.default\">\n\t\t\t\t<div class=\"elementor-widget-container\">\n\t\t\t\t\t\t\t\t\t\t\t\t\t\t\t<img fetchpriority=\"high\" decoding=\"async\" width=\"1054\" height=\"858\" src=\"https:\/\/laplume.com.tr\/wp-content\/uploads\/2020\/06\/ozel-calisma-1.jpg\" class=\"attachment-full size-full wp-image-8952\" alt=\"\" srcset=\"https:\/\/laplume.com.tr\/wp-content\/uploads\/2020\/06\/ozel-calisma-1.jpg 1054w, https:\/\/laplume.com.tr\/wp-content\/uploads\/2020\/06\/ozel-calisma-1-600x488.jpg 600w, https:\/\/laplume.com.tr\/wp-content\/uploads\/2020\/06\/ozel-calisma-1-300x244.jpg 300w, https:\/\/laplume.com.tr\/wp-content\/uploads\/2020\/06\/ozel-calisma-1-1024x834.jpg 1024w, https:\/\/laplume.com.tr\/wp-content\/uploads\/2020\/06\/ozel-calisma-1-768x625.jpg 768w, https:\/\/laplume.com.tr\/wp-content\/uploads\/2020\/06\/ozel-calisma-1-370x300.jpg 370w, https:\/\/laplume.com.tr\/wp-content\/uploads\/2020\/06\/ozel-calisma-1-85x70.jpg 85w\" sizes=\"(max-width: 1054px) 100vw, 1054px\" \/>\t\t\t\t\t\t\t\t\t\t\t\t\t\t\t<\/div>\n\t\t\t\t<\/div>\n\t\t\t\t\t<\/div>\n\t\t<\/div>\n\t\t\t\t<div class=\"elementor-column elementor-col-50 elementor-top-column elementor-element elementor-element-4a9bd502\" data-id=\"4a9bd502\" data-element_type=\"column\">\n\t\t\t<div class=\"elementor-widget-wrap elementor-element-populated\">\n\t\t\t\t\t\t<div class=\"elementor-element elementor-element-3a605bd2 elementor-widget elementor-widget-heading\" data-id=\"3a605bd2\" data-element_type=\"widget\" data-widget_type=\"heading.default\">\n\t\t\t\t<div class=\"elementor-widget-container\">\n\t\t\t\t\t<h2 class=\"elementor-heading-title elementor-size-default\">La Plume surprendra vos invit\u00e9s avec de nombreuses options diff\u00e9rentes;<\/h2>\t\t\t\t<\/div>\n\t\t\t\t<\/div>\n\t\t\t\t<div class=\"elementor-element elementor-element-4e8226d4 elementor-widget elementor-widget-text-editor\" data-id=\"4e8226d4\" data-element_type=\"widget\" data-widget_type=\"text-editor.default\">\n\t\t\t\t<div class=\"elementor-widget-container\">\n\t\t\t\t\t\t\t\t\t<p>Vous cr\u00e9ez des tables enviables par tout le monde. <strong>La Plume Airlaid <\/strong>est un produit \u00e9conomique et confortable qui offre l&#8217;\u00e9l\u00e9gance du textile et la praticit\u00e9 du jetable en m\u00eame temps.<\/p><p><strong>La Plume<\/strong>, que nous produisons \u00e0 partir de mat\u00e9riaux a\u00e9riens pour ceux qui veulent mettre la meilleure table pour leurs invit\u00e9s et fournir un service de premi\u00e8re classe;<\/p>\t\t\t\t\t\t\t\t<\/div>\n\t\t\t\t<\/div>\n\t\t\t\t<div class=\"elementor-element elementor-element-78e10083 elementor-widget elementor-widget-text-editor\" data-id=\"78e10083\" data-element_type=\"widget\" data-widget_type=\"text-editor.default\">\n\t\t\t\t<div class=\"elementor-widget-container\">\n\t\t\t\t\t\t\t\t\t<ul class=\"list-unstyled mb-30 list_icon\">\n \t<li><i class=\"ti-arrow-circle-right\"><\/i>Texture de tissu<\/li>\n \t<li><i class=\"ti-arrow-circle-right\"><\/i>Hygi\u00e9nique<\/li>\n \t<li><i class=\"ti-arrow-circle-right\"><\/i>Facile \u00e0 entretenir, jetable<\/li>\n \t<li><i class=\"ti-arrow-circle-right\"><\/i>Ce sont de la vaisselle de haute qualit\u00e9.<\/li>\n<\/ul>\t\t\t\t\t\t\t\t<\/div>\n\t\t\t\t<\/div>\n\t\t\t\t\t<\/div>\n\t\t<\/div>\n\t\t\t\t\t<\/div>\n\t\t<\/section>\n\t\t\t\t<section class=\"elementor-section elementor-top-section elementor-element elementor-element-c943b1d elementor-section-stretched elementor-section-full_width elementor-section-height-default elementor-section-height-default\" data-id=\"c943b1d\" data-element_type=\"section\" data-settings=\"{&quot;stretch_section&quot;:&quot;section-stretched&quot;,&quot;background_background&quot;:&quot;classic&quot;}\">\n\t\t\t\t\t\t<div class=\"elementor-container elementor-column-gap-no\">\n\t\t\t\t\t<div class=\"elementor-column elementor-col-100 elementor-top-column elementor-element elementor-element-9409f39\" data-id=\"9409f39\" data-element_type=\"column\">\n\t\t\t<div class=\"elementor-widget-wrap elementor-element-populated\">\n\t\t\t\t\t\t<div class=\"elementor-element elementor-element-82f353b elementor-widget elementor-widget-saasland_c2a\" data-id=\"82f353b\" data-element_type=\"widget\" data-widget_type=\"saasland_c2a.default\">\n\t\t\t\t<div class=\"elementor-widget-container\">\n\t\t\t\t\t<section class=\"action_area_three sec_pad\">\r\n    <div class=\"curved\"><\/div>\r\n    <div class=\"container\">\r\n        <div class=\"row\">\r\n            <div class=\"col-lg-12\">\r\n                <div class=\"action_content text-center\">\r\n                                        <h2 class=\"f_600 f_size_30 l_height45 mb_40\">\r\n                    Nous contacter                <\/h2>\r\n                                                    <a href=\"\/iletisim\/?lang=fr\"\r\n                                                                       class=\"about_btn white_btn wow fadeInLeft\" data-wow-delay=\"0.3s\">\r\n                        Contact                    <\/a>\r\n                                            <\/div>\r\n        <\/div>\r\n    <\/div>\r\n    <\/div>\r\n<\/section>\t\t\t\t<\/div>\n\t\t\t\t<\/div>\n\t\t\t\t\t<\/div>\n\t\t<\/div>\n\t\t\t\t\t<\/div>\n\t\t<\/section>\n\t\t\t\t<section class=\"elementor-section elementor-top-section elementor-element elementor-element-d9964d5 elementor-section-boxed elementor-section-height-default elementor-section-height-default\" data-id=\"d9964d5\" data-element_type=\"section\">\n\t\t\t\t\t\t<div class=\"elementor-container elementor-column-gap-default\">\n\t\t\t\t\t<div class=\"elementor-column elementor-col-50 elementor-top-column elementor-element elementor-element-8874877\" data-id=\"8874877\" data-element_type=\"column\">\n\t\t\t<div class=\"elementor-widget-wrap elementor-element-populated\">\n\t\t\t\t\t\t<div class=\"elementor-element elementor-element-d003229 elementor-widget elementor-widget-heading\" data-id=\"d003229\" data-element_type=\"widget\" data-widget_type=\"heading.default\">\n\t\t\t\t<div class=\"elementor-widget-container\">\n\t\t\t\t\t<h2 class=\"elementor-heading-title elementor-size-default\">Aujourd'hui, nous travaillons avec de nombreuses marques d'h\u00f4tels et de compagnies a\u00e9riennes en Turquie. <\/h2>\t\t\t\t<\/div>\n\t\t\t\t<\/div>\n\t\t\t\t<div class=\"elementor-element elementor-element-3e1e981 elementor-widget elementor-widget-text-editor\" data-id=\"3e1e981\" data-element_type=\"widget\" data-widget_type=\"text-editor.default\">\n\t\t\t\t<div class=\"elementor-widget-container\">\n\t\t\t\t\t\t\t\t\t<p>Nous offrons des <strong>serviettes, des runners, des nappes et des serviettes en airlaid<\/strong> en 20 couleurs diff\u00e9rentes. Nous pouvons appliquer votre nom et logo corporatif sur nos produits avec diff\u00e9rentes options d&#8217;impression.<\/p><p>Nous exportons \u00e9galement nos produits de marque La Plume, qui sont les reflets de notre savoir-faire depuis <strong>1941<\/strong>, dans plus de <strong>35<\/strong> pays sur <strong>4<\/strong> continents diff\u00e9rents aujourd&#8217;hui.<\/p><p>Nous vous garantissons que vous parlerez beaucoup aux tables de <strong>La Plume. Vous pouvez<\/strong> utiliser nos produits airlaid avec tranquillit\u00e9 d&#8217;esprit sans lavage, d\u00e9chirure, taches, coloration.<\/p>\t\t\t\t\t\t\t\t<\/div>\n\t\t\t\t<\/div>\n\t\t\t\t\t<\/div>\n\t\t<\/div>\n\t\t\t\t<div class=\"elementor-column elementor-col-50 elementor-top-column elementor-element elementor-element-e7631a2\" data-id=\"e7631a2\" data-element_type=\"column\">\n\t\t\t<div class=\"elementor-widget-wrap elementor-element-populated\">\n\t\t\t\t\t\t<div class=\"elementor-element elementor-element-7fc6165 elementor-widget elementor-widget-image\" data-id=\"7fc6165\" data-element_type=\"widget\" data-widget_type=\"image.default\">\n\t\t\t\t<div class=\"elementor-widget-container\">\n\t\t\t\t\t\t\t\t\t\t\t\t\t\t\t<img decoding=\"async\" width=\"287\" height=\"431\" src=\"https:\/\/laplume.com.tr\/wp-content\/uploads\/2020\/07\/otel-havayolu.jpg\" class=\"attachment-full size-full wp-image-10461\" alt=\"\" srcset=\"https:\/\/laplume.com.tr\/wp-content\/uploads\/2020\/07\/otel-havayolu.jpg 287w, https:\/\/laplume.com.tr\/wp-content\/uploads\/2020\/07\/otel-havayolu-200x300.jpg 200w\" sizes=\"(max-width: 287px) 100vw, 287px\" \/>\t\t\t\t\t\t\t\t\t\t\t\t\t\t\t<\/div>\n\t\t\t\t<\/div>\n\t\t\t\t\t<\/div>\n\t\t<\/div>\n\t\t\t\t\t<\/div>\n\t\t<\/section>\n\t\t\t\t<section class=\"elementor-section elementor-top-section elementor-element elementor-element-cb16fca elementor-section-boxed elementor-section-height-default elementor-section-height-default\" data-id=\"cb16fca\" data-element_type=\"section\">\n\t\t\t\t\t\t<div class=\"elementor-container elementor-column-gap-default\">\n\t\t\t\t\t<div class=\"elementor-column elementor-col-100 elementor-top-column elementor-element elementor-element-ec2f2cd\" data-id=\"ec2f2cd\" data-element_type=\"column\">\n\t\t\t<div class=\"elementor-widget-wrap elementor-element-populated\">\n\t\t\t\t\t\t<div class=\"elementor-element elementor-element-cf46cdd elementor-widget elementor-widget-accordion\" data-id=\"cf46cdd\" data-element_type=\"widget\" data-widget_type=\"accordion.default\">\n\t\t\t\t<div class=\"elementor-widget-container\">\n\t\t\t\t\t\t\t<div class=\"elementor-accordion\">\n\t\t\t\t\t\t\t<div class=\"elementor-accordion-item\">\n\t\t\t\t\t<div id=\"elementor-tab-title-2171\" class=\"elementor-tab-title\" data-tab=\"1\" role=\"button\" aria-controls=\"elementor-tab-content-2171\" aria-expanded=\"false\">\n\t\t\t\t\t\t\t\t\t\t\t\t\t<span class=\"elementor-accordion-icon elementor-accordion-icon-left\" aria-hidden=\"true\">\n\t\t\t\t\t\t\t\t\t\t\t\t\t\t\t<span class=\"elementor-accordion-icon-closed\"><i class=\"fas fa-plus\"><\/i><\/span>\n\t\t\t\t\t\t\t\t<span class=\"elementor-accordion-icon-opened\"><i class=\"fas fa-minus\"><\/i><\/span>\n\t\t\t\t\t\t\t\t\t\t\t\t\t\t<\/span>\n\t\t\t\t\t\t\t\t\t\t\t\t<a class=\"elementor-accordion-title\" tabindex=\"0\">Les avantages des La Plume Airlaid Napkins & Tabletop Products par rapport aux serviettes et produits de table et essuie-mains en lin:<\/a>\n\t\t\t\t\t<\/div>\n\t\t\t\t\t<div id=\"elementor-tab-content-2171\" class=\"elementor-tab-content elementor-clearfix\" data-tab=\"1\" role=\"region\" aria-labelledby=\"elementor-tab-title-2171\"><style>\nspan.elementor-icon-list-icon br {display: none;}<\/style>\n<ul class=\"elementor-icon-list-items\">\n \t<li class=\"elementor-icon-list-item\"><span class=\"elementor-icon-list-icon\">\n<i class=\"fas fa-chevron-right\" aria-hidden=\"true\"><\/i> <\/span>\nLa Plume Airlaid Napkins &amp; Tabletop Products ont presque le m\u00eame aspect et la m\u00eame texture que les serviettes en lin.<\/li>\n \t<li class=\"elementor-icon-list-item\"><span class=\"elementor-icon-list-icon\">\n<i class=\"fas fa-chevron-right\" aria-hidden=\"true\"><\/i> <\/span>\n<span class=\"elementor-icon-list-text\">La Plume Airlaid Napkins &amp; Tabletop Products sont <strong>100% jetables. \u00c0 cet \u00e9gard<\/strong>, ils sont totalement hygi\u00e9niques. Par cons\u00e9quent, vous utilisez une toute nouvelle serviette propre chaque fois que personne ne l&#8217;a jamais utilis\u00e9e auparavant. <\/span><\/li>\n \t<li class=\"elementor-icon-list-item\"><span class=\"elementor-icon-list-icon\">\n<i class=\"fas fa-chevron-right\" aria-hidden=\"true\"><\/i> <\/span>\n<span class=\"elementor-icon-list-text\">La Plume Airlaid Napkins &#038; Tabletop Products sont fabriqu\u00e9s conform\u00e9ment \u00e0 la directive du Conseil europ\u00e9en et du Parlement europ\u00e9en sur la gestion des contacts directs du 27.10.2004. Tous les produits La Plume sont fabriqu\u00e9s \u00e0 partir de mat\u00e9riaux recyclables, biod\u00e9gradables et compostables dans la nature. Notre mati\u00e8re premi\u00e8re est certifi\u00e9e FSC. <\/span><\/li>\n \t<li class=\"elementor-icon-list-item\"><span class=\"elementor-icon-list-icon\">\n<i class=\"fas fa-chevron-right\" aria-hidden=\"true\"><\/i> <\/span>\n<span class=\"elementor-icon-list-text\">La Plume Airlaid Napkins &#038; Tabletop Products \u00e9limine le co\u00fbt, le temps et les efforts consacr\u00e9s au nettoyage \u00e0 sec.  <\/span><\/li>\n \t<li class=\"elementor-icon-list-item\"><span class=\"elementor-icon-list-icon\">\n<i class=\"fas fa-chevron-right\" aria-hidden=\"true\"><\/i> <\/span>\n<span class=\"elementor-icon-list-text\">La Plume Airlaid Napkins &#038; Tabletop Products \u00e9liminent les frais suppl\u00e9mentaires de linge tels que les draps p\u00e2les, tach\u00e9s, perdus et les draps de rechange qui doivent \u00eatre gard\u00e9s en stock. <\/span><\/li>\n \t<li class=\"elementor-icon-list-item\"><span class=\"elementor-icon-list-icon\">\n<i class=\"fas fa-chevron-right\" aria-hidden=\"true\"><\/i> <\/span>\n<span class=\"elementor-icon-list-text\">La Plume Airlaid Napkins &#038; Tabletop Products sont toujours vifs et ont la m\u00eame nuance de couleur. Cependant, les produits en lin, apr\u00e8s plusieurs nettoyages \u00e0 sec, commencent \u00e0 se d\u00e9colorer et \u00e0 changer de couleur.  <\/span><\/li>\n \t<li class=\"elementor-icon-list-item\"><span class=\"elementor-icon-list-icon\">\n<i class=\"fas fa-chevron-right\" aria-hidden=\"true\"><\/i> <\/span>\n<span class=\"elementor-icon-list-text\">Vous aurez la libert\u00e9 d&#8217;utiliser la couleur de votre choix dans notre large palette de couleurs, disponible \u00e0 tout moment. <\/span><\/li>\n<\/ul><\/div>\n\t\t\t\t<\/div>\n\t\t\t\t\t\t\t<div class=\"elementor-accordion-item\">\n\t\t\t\t\t<div id=\"elementor-tab-title-2172\" class=\"elementor-tab-title\" data-tab=\"2\" role=\"button\" aria-controls=\"elementor-tab-content-2172\" aria-expanded=\"false\">\n\t\t\t\t\t\t\t\t\t\t\t\t\t<span class=\"elementor-accordion-icon elementor-accordion-icon-left\" aria-hidden=\"true\">\n\t\t\t\t\t\t\t\t\t\t\t\t\t\t\t<span class=\"elementor-accordion-icon-closed\"><i class=\"fas fa-plus\"><\/i><\/span>\n\t\t\t\t\t\t\t\t<span class=\"elementor-accordion-icon-opened\"><i class=\"fas fa-minus\"><\/i><\/span>\n\t\t\t\t\t\t\t\t\t\t\t\t\t\t<\/span>\n\t\t\t\t\t\t\t\t\t\t\t\t<a class=\"elementor-accordion-title\" tabindex=\"0\">Les avantages des La Plume Airlaid Napkins & Tabletop Products par rapport aux serviettes et produits de table et essuie-mains en papier: <\/a>\n\t\t\t\t\t<\/div>\n\t\t\t\t\t<div id=\"elementor-tab-content-2172\" class=\"elementor-tab-content elementor-clearfix\" data-tab=\"2\" role=\"region\" aria-labelledby=\"elementor-tab-title-2172\"><style>\nspan.elementor-icon-list-icon br{display: none;}<br \/>\n<\/style>\n<ul class=\"elementor-icon-list-items\">\n \t<li class=\"elementor-icon-list-item\"><span class=\"elementor-icon-list-icon\">\n<i class=\"fas fa-check\" aria-hidden=\"true\"><\/i> <\/span>\n<span class=\"elementor-icon-list-text\">En moyenne, 3 serviettes en papier sont consomm\u00e9es lors d&#8217;un repas. Dans les toilettes, en moyenne, 3-4 serviettes en papier sont utilis\u00e9es pour s\u00e9cher les mains. Souvent, les gens prennent des poign\u00e9es de serviettes en papier et les co\u00fbts augmentent rapidement. <\/span><\/li>\n \t<li class=\"elementor-icon-list-item\"><span class=\"elementor-icon-list-icon\">\n<i class=\"fas fa-check\" aria-hidden=\"true\"><\/i> <\/span>\n<span class=\"elementor-icon-list-text\">D&#8217;un autre c\u00f4t\u00e9, il suffira d&#8217;utiliser l&#8217;une des La Plume Airlaid Napkins &#038; Tabletop Products aux deux fins. \nAvec La Plume Airlaid Napkins &#038; Table Top Products, la qualit\u00e9 du service que vous fournissez \u00e0 vos clients augmentera visiblement tout en \u00e9conomisant de l&#8217;argent. \nIl s&#8217;agit d&#8217;une \u00e9norme valeur ajout\u00e9e \u00e0 votre exp\u00e9rience de service sans d\u00e9penser plus d&#8217;argent.\n<\/span><\/li>\n<\/ul><\/div>\n\t\t\t\t<\/div>\n\t\t\t\t\t\t\t\t<\/div>\n\t\t\t\t\t\t<\/div>\n\t\t\t\t<\/div>\n\t\t\t\t\t<\/div>\n\t\t<\/div>\n\t\t\t\t\t<\/div>\n\t\t<\/section>\n\t\t\t\t<\/div>\n\t\t","protected":false},"excerpt":{"rendered":"<p>La Plume surprendra vos invit\u00e9s avec de nombreuses options diff\u00e9rentes; Vous cr\u00e9ez des tables enviables par tout le monde. La Plume Airlaid est un produit \u00e9conomique et confortable qui offre l&#8217;\u00e9l\u00e9gance du textile et la praticit\u00e9 du jetable en m\u00eame temps. La Plume, que nous produisons \u00e0 partir de mat\u00e9riaux a\u00e9riens pour ceux qui veulent [&hellip;]<\/p>\n","protected":false},"author":1,"featured_media":0,"parent":0,"menu_order":0,"comment_status":"closed","ping_status":"closed","template":"elementor_header_footer","meta":{"footnotes":""},"class_list":["post-11002","page","type-page","status-publish","hentry","no-post-thumbnail"],"acf":[],"_links":{"self":[{"href":"https:\/\/laplume.com.tr\/fr\/wp-json\/wp\/v2\/pages\/11002","targetHints":{"allow":["GET"]}}],"collection":[{"href":"https:\/\/laplume.com.tr\/fr\/wp-json\/wp\/v2\/pages"}],"about":[{"href":"https:\/\/laplume.com.tr\/fr\/wp-json\/wp\/v2\/types\/page"}],"author":[{"embeddable":true,"href":"https:\/\/laplume.com.tr\/fr\/wp-json\/wp\/v2\/users\/1"}],"replies":[{"embeddable":true,"href":"https:\/\/laplume.com.tr\/fr\/wp-json\/wp\/v2\/comments?post=11002"}],"version-history":[{"count":0,"href":"https:\/\/laplume.com.tr\/fr\/wp-json\/wp\/v2\/pages\/11002\/revisions"}],"wp:attachment":[{"href":"https:\/\/laplume.com.tr\/fr\/wp-json\/wp\/v2\/media?parent=11002"}],"curies":[{"name":"wp","href":"https:\/\/api.w.org\/{rel}","templated":true}]}}