{"id":11021,"date":"2020-08-31T09:04:03","date_gmt":"2020-08-31T09:04:03","guid":{"rendered":"http:\/\/laplume.com.tr\/?page_id=11021"},"modified":"2020-08-31T09:11:27","modified_gmt":"2020-08-31T09:11:27","slug":"options-de-couleur","status":"publish","type":"page","link":"https:\/\/laplume.com.tr\/fr\/options-de-couleur\/","title":{"rendered":"Options de couleur"},"content":{"rendered":"\t\t<div data-elementor-type=\"wp-post\" data-elementor-id=\"11021\" class=\"elementor elementor-11021 elementor-5397\">\n\t\t\t\t\t\t<section class=\"elementor-section elementor-top-section elementor-element elementor-element-71ade5d elementor-section-boxed elementor-section-height-default elementor-section-height-default\" data-id=\"71ade5d\" data-element_type=\"section\">\n\t\t\t\t\t\t<div class=\"elementor-container elementor-column-gap-default\">\n\t\t\t\t\t<div class=\"elementor-column elementor-col-100 elementor-top-column elementor-element elementor-element-023c27c\" data-id=\"023c27c\" data-element_type=\"column\">\n\t\t\t<div class=\"elementor-widget-wrap elementor-element-populated\">\n\t\t\t\t\t\t<div class=\"elementor-element elementor-element-1b25a8d elementor-widget elementor-widget-html\" data-id=\"1b25a8d\" data-element_type=\"widget\" data-widget_type=\"html.default\">\n\t\t\t\t<div class=\"elementor-widget-container\">\n\t\t\t\t\t<style>\n    a.icon.mt_30.btn_icon {\n    display: none;\n}\n<\/style>\t\t\t\t<\/div>\n\t\t\t\t<\/div>\n\t\t\t\t\t<\/div>\n\t\t<\/div>\n\t\t\t\t\t<\/div>\n\t\t<\/section>\n\t\t\t\t<section class=\"elementor-section elementor-top-section elementor-element elementor-element-27e06b60 elementor-section-boxed elementor-section-height-default elementor-section-height-default\" data-id=\"27e06b60\" data-element_type=\"section\">\n\t\t\t\t\t\t<div class=\"elementor-container elementor-column-gap-default\">\n\t\t\t\t\t<div class=\"elementor-column elementor-col-50 elementor-top-column elementor-element elementor-element-42371dd3\" data-id=\"42371dd3\" data-element_type=\"column\">\n\t\t\t<div class=\"elementor-widget-wrap elementor-element-populated\">\n\t\t\t\t\t\t<div class=\"elementor-element elementor-element-5faf9c3d elementor-widget elementor-widget-image\" data-id=\"5faf9c3d\" data-element_type=\"widget\" data-widget_type=\"image.default\">\n\t\t\t\t<div class=\"elementor-widget-container\">\n\t\t\t\t\t\t\t\t\t\t\t\t\t\t\t<img fetchpriority=\"high\" decoding=\"async\" width=\"546\" height=\"632\" src=\"https:\/\/laplume.com.tr\/wp-content\/uploads\/2020\/07\/renkler.jpg\" class=\"attachment-full size-full wp-image-10464\" alt=\"\" srcset=\"https:\/\/laplume.com.tr\/wp-content\/uploads\/2020\/07\/renkler.jpg 546w, https:\/\/laplume.com.tr\/wp-content\/uploads\/2020\/07\/renkler-120x140.jpg 120w, https:\/\/laplume.com.tr\/wp-content\/uploads\/2020\/07\/renkler-259x300.jpg 259w\" sizes=\"(max-width: 546px) 100vw, 546px\" \/>\t\t\t\t\t\t\t\t\t\t\t\t\t\t\t<\/div>\n\t\t\t\t<\/div>\n\t\t\t\t\t<\/div>\n\t\t<\/div>\n\t\t\t\t<div class=\"elementor-column elementor-col-50 elementor-top-column elementor-element elementor-element-2e2f14df\" data-id=\"2e2f14df\" data-element_type=\"column\">\n\t\t\t<div class=\"elementor-widget-wrap elementor-element-populated\">\n\t\t\t\t\t\t<div class=\"elementor-element elementor-element-755ef1aa elementor-widget elementor-widget-heading\" data-id=\"755ef1aa\" data-element_type=\"widget\" data-widget_type=\"heading.default\">\n\t\t\t\t<div class=\"elementor-widget-container\">\n\t\t\t\t\t<h2 class=\"elementor-heading-title elementor-size-default\">Options de couleur<\/h2>\t\t\t\t<\/div>\n\t\t\t\t<\/div>\n\t\t\t\t<div class=\"elementor-element elementor-element-3c083954 elementor-widget elementor-widget-text-editor\" data-id=\"3c083954\" data-element_type=\"widget\" data-widget_type=\"text-editor.default\">\n\t\t\t\t<div class=\"elementor-widget-container\">\n\t\t\t\t\t\t\t\t\tAirlaid Natural Textile est un mat\u00e9riau fabriqu\u00e9 \u00e0 partir de cellulose douce et consistante.\t\t\t\t\t\t\t\t<\/div>\n\t\t\t\t<\/div>\n\t\t\t\t<div class=\"elementor-element elementor-element-4e70576b elementor-widget elementor-widget-text-editor\" data-id=\"4e70576b\" data-element_type=\"widget\" data-widget_type=\"text-editor.default\">\n\t\t\t\t<div class=\"elementor-widget-container\">\n\t\t\t\t\t\t\t\t\t<p><style>\nul.list-unstyled.mb-30.list_icon li {float: left;width: 40%;}<br \/>ul.list-unstyled.mb-30.list_icon {padding: 0;}<br \/><\/style><\/p><ul class=\"list-unstyled mb-30 list_icon\"><li><i class=\"ti-arrow-circle-right\"><\/i>BLANC<\/li><li><i class=\"ti-arrow-circle-right\"><\/i>IVOIRE<\/li><li><i class=\"ti-arrow-circle-right\"><\/i>SABLE<\/li><li>JAUNE<\/li><li><i class=\"ti-arrow-circle-right\"><\/i>ORANGE<\/li><li><i class=\"ti-arrow-circle-right\"><\/i>SAUMON \/ P\u00caCHE<\/li><li><i class=\"ti-arrow-circle-right\"><\/i>TERRACOTA<\/li><li><i class=\"ti-arrow-circle-right\"><\/i>ROUGE<\/li><li><i class=\"ti-arrow-circle-right\"><\/i>BOURGOGNE<\/li><li><i class=\"ti-arrow-circle-right\"><\/i>ROSE BEBE<\/li><li><i class=\"ti-arrow-circle-right\"><\/i>FUSCIA<\/li><li><i class=\"ti-arrow-circle-right\"><\/i>KIWI VERT<\/li><li><i class=\"ti-arrow-circle-right\"><\/i>VERT<\/li><li><i class=\"ti-arrow-circle-right\"><\/i>TURQUOISE<\/li><li><i class=\"ti-arrow-circle-right\"><\/i>MARINE<\/li><li><i class=\"ti-arrow-circle-right\"><\/i>NAVY<\/li><li><i class=\"ti-arrow-circle-right\"><\/i>AUBERGINE<\/li><li><i class=\"ti-arrow-circle-right\"><\/i>CHOCOLAT<\/li><li><i class=\"ti-arrow-circle-right\"><\/i>OR***<\/li><li><i class=\"ti-arrow-circle-right\"><\/i>GRANITE GRIS<\/li><li><i class=\"ti-arrow-circle-right\"><\/i>ARGENT***<\/li><li><i class=\"ti-arrow-circle-right\"><\/i>NOIR<\/li><\/ul><div style=\"clear: both;\">\u00a0<\/div><p><strong>*** L&#8217;OR ET L&#8217;ARGENT sont des couleurs optionnelles et fabriqu\u00e9es sur commande.<\/strong><\/p>\t\t\t\t\t\t\t\t<\/div>\n\t\t\t\t<\/div>\n\t\t\t\t\t<\/div>\n\t\t<\/div>\n\t\t\t\t\t<\/div>\n\t\t<\/section>\n\t\t\t\t<\/div>\n\t\t","protected":false},"excerpt":{"rendered":"<p>Options de couleur Airlaid Natural Textile est un mat\u00e9riau fabriqu\u00e9 \u00e0 partir de cellulose douce et consistante. BLANC IVOIRE SABLE JAUNE ORANGE SAUMON \/ P\u00caCHE TERRACOTA ROUGE BOURGOGNE ROSE BEBE FUSCIA KIWI VERT VERT TURQUOISE MARINE NAVY AUBERGINE CHOCOLAT OR*** GRANITE GRIS ARGENT*** NOIR \u00a0 *** L&#8217;OR ET L&#8217;ARGENT sont des couleurs optionnelles et fabriqu\u00e9es [&hellip;]<\/p>\n","protected":false},"author":1,"featured_media":0,"parent":0,"menu_order":0,"comment_status":"closed","ping_status":"closed","template":"elementor_header_footer","meta":{"footnotes":""},"class_list":["post-11021","page","type-page","status-publish","hentry","no-post-thumbnail"],"acf":[],"_links":{"self":[{"href":"https:\/\/laplume.com.tr\/fr\/wp-json\/wp\/v2\/pages\/11021","targetHints":{"allow":["GET"]}}],"collection":[{"href":"https:\/\/laplume.com.tr\/fr\/wp-json\/wp\/v2\/pages"}],"about":[{"href":"https:\/\/laplume.com.tr\/fr\/wp-json\/wp\/v2\/types\/page"}],"author":[{"embeddable":true,"href":"https:\/\/laplume.com.tr\/fr\/wp-json\/wp\/v2\/users\/1"}],"replies":[{"embeddable":true,"href":"https:\/\/laplume.com.tr\/fr\/wp-json\/wp\/v2\/comments?post=11021"}],"version-history":[{"count":0,"href":"https:\/\/laplume.com.tr\/fr\/wp-json\/wp\/v2\/pages\/11021\/revisions"}],"wp:attachment":[{"href":"https:\/\/laplume.com.tr\/fr\/wp-json\/wp\/v2\/media?parent=11021"}],"curies":[{"name":"wp","href":"https:\/\/api.w.org\/{rel}","templated":true}]}}