{"id":11039,"date":"2020-08-31T10:50:21","date_gmt":"2020-08-31T10:50:21","guid":{"rendered":"http:\/\/laplume.com.tr\/?post_type=product&#038;p=11039"},"modified":"2020-09-07T07:42:19","modified_gmt":"2020-09-07T07:42:19","slug":"la-plume-set-des-jetables-pour-les-bebes","status":"publish","type":"product","link":"https:\/\/laplume.com.tr\/fr\/magaza\/la-plume-set-des-jetables-pour-les-bebes\/","title":{"rendered":"La Plume Set Des Jetables Pour Les Bebes"},"content":{"rendered":"\t\t<div data-elementor-type=\"wp-post\" data-elementor-id=\"11039\" class=\"elementor elementor-11039 elementor-6481\">\n\t\t\t\t\t\t<section class=\"elementor-section elementor-top-section elementor-element elementor-element-1176f56 elementor-section-boxed elementor-section-height-default elementor-section-height-default\" data-id=\"1176f56\" data-element_type=\"section\">\n\t\t\t\t\t\t<div class=\"elementor-container elementor-column-gap-default\">\n\t\t\t\t\t<div class=\"elementor-column elementor-col-100 elementor-top-column elementor-element elementor-element-f2f09ef\" data-id=\"f2f09ef\" data-element_type=\"column\">\n\t\t\t<div class=\"elementor-widget-wrap elementor-element-populated\">\n\t\t\t\t\t\t\t<\/div>\n\t\t<\/div>\n\t\t\t\t\t<\/div>\n\t\t<\/section>\n\t\t\t\t<section class=\"elementor-section elementor-top-section elementor-element elementor-element-24c6d112 elementor-section-full_width elementor-section-height-default elementor-section-height-default\" data-id=\"24c6d112\" data-element_type=\"section\">\n\t\t\t\t\t\t<div class=\"elementor-container elementor-column-gap-no\">\n\t\t\t\t\t<div class=\"elementor-column elementor-col-100 elementor-top-column elementor-element elementor-element-6bd31fef\" data-id=\"6bd31fef\" data-element_type=\"column\">\n\t\t\t<div class=\"elementor-widget-wrap elementor-element-populated\">\n\t\t\t\t\t\t<div class=\"elementor-element elementor-element-75d5aa98 elementor-widget elementor-widget-saasland_appart_screen_feature\" data-id=\"75d5aa98\" data-element_type=\"widget\" data-widget_type=\"saasland_appart_screen_feature.default\">\n\t\t\t\t<div class=\"elementor-widget-container\">\n\t\t\t\t\t            <section class=\"features_area features_area_pad feature-bg shape\">\r\n                <div class=\"container\">\r\n                    <div class=\"row \">\r\n                                                    <div class=\"col-lg-7 col-sm-12 f_img text-right\">\r\n                                <img decoding=\"async\" src=\"http:\/\/laplume.com.tr\/wp-content\/uploads\/2020\/07\/bebek-seti-sirk.jpg\" alt=\"featured\">\r\n                            <\/div>\r\n                                                <div class=\"col-lg-5 col-sm-12 features_content_three\">\r\n                            <div class=\"title-four\">\r\n                                                                    <h2> 26x28 Hydrophobic Nonwoven Bavoirs de Bebe<\/h2>\r\n                                                            <\/div>\r\n                                                            <div class=\"scree_feature_item\">\r\n                                    <div class=\"media d-flex\">\r\n                                        <div class=\"media-left\">\r\n                                            <div class=\"icon\"><i class='ti-location-arrow'><\/i><\/div>                                        <\/div>\r\n                                        <div class=\"media-body\"> La Qualit\u00e9 : 60gr\/m2 HYDROPHOBIC NONWOVEN <\/div>\r\n                                    <\/div>\r\n                                                                    <\/div>\r\n                                                                <div class=\"scree_feature_item\">\r\n                                    <div class=\"media d-flex\">\r\n                                        <div class=\"media-left\">\r\n                                            <div class=\"icon\"><i class='ti-stats-up'><\/i><\/div>                                        <\/div>\r\n                                        <div class=\"media-body\"> L\u2019impression : Flexo Print (3 couleurs) <\/div>\r\n                                    <\/div>\r\n                                                                    <\/div>\r\n                                                                <div class=\"scree_feature_item\">\r\n                                    <div class=\"media d-flex\">\r\n                                        <div class=\"media-left\">\r\n                                            <div class=\"icon\"><i class='ti-dropbox'><\/i><\/div>                                        <\/div>\r\n                                        <div class=\"media-body\"> L\u2019emballage : 24 x paquets de 100 (total 2400 pi\u00e8ces) <\/div>\r\n                                    <\/div>\r\n                                                                    <\/div>\r\n                                                                <div class=\"scree_feature_item\">\r\n                                    <div class=\"media d-flex\">\r\n                                        <div class=\"media-left\">\r\n                                            <div class=\"icon\"><i class='ti-eye'><\/i><\/div>                                        <\/div>\r\n                                        <div class=\"media-body\"> Le Plier : Non Pli\u00e9 1\/1 <\/div>\r\n                                    <\/div>\r\n                                                                    <\/div>\r\n                                                                <div class=\"scree_feature_item\">\r\n                                    <div class=\"media d-flex\">\r\n                                        <div class=\"media-left\">\r\n                                            <div class=\"icon\"><i class='ti-dropbox-alt'><\/i><\/div>                                        <\/div>\r\n                                        <div class=\"media-body\"> Taille de bo\u00eete: 270mm x 580mm x 475mm (2400 pi\u00e8ces) <\/div>\r\n                                    <\/div>\r\n                                                                    <\/div>\r\n                                                                <div class=\"scree_feature_item\">\r\n                                    <div class=\"media d-flex\">\r\n                                        <div class=\"media-left\">\r\n                                            <div class=\"icon\"><i class='fa fa-asterisk'><\/i><\/div>                                        <\/div>\r\n                                        <div class=\"media-body\"> Modele : CIRQUE <\/div>\r\n                                    <\/div>\r\n                                                                    <\/div>\r\n                                                        <\/div>\r\n                    <\/div>\r\n                <\/div>\r\n            <\/section>\r\n            \t\t\t\t<\/div>\n\t\t\t\t<\/div>\n\t\t\t\t\t<\/div>\n\t\t<\/div>\n\t\t\t\t\t<\/div>\n\t\t<\/section>\n\t\t\t\t<section class=\"elementor-section elementor-top-section elementor-element elementor-element-e2f8f27 elementor-section-full_width elementor-section-height-default elementor-section-height-default\" data-id=\"e2f8f27\" data-element_type=\"section\">\n\t\t\t\t\t\t<div class=\"elementor-container elementor-column-gap-no\">\n\t\t\t\t\t<div class=\"elementor-column elementor-col-100 elementor-top-column elementor-element elementor-element-05d6a98\" data-id=\"05d6a98\" data-element_type=\"column\">\n\t\t\t<div class=\"elementor-widget-wrap elementor-element-populated\">\n\t\t\t\t\t\t<div class=\"elementor-element elementor-element-10d033e elementor-widget elementor-widget-saasland_appart_screen_feature\" data-id=\"10d033e\" data-element_type=\"widget\" data-widget_type=\"saasland_appart_screen_feature.default\">\n\t\t\t\t<div class=\"elementor-widget-container\">\n\t\t\t\t\t            <section class=\"features_area features_area_pad feature-bg shape\">\r\n                <div class=\"container\">\r\n                    <div class=\"row flex-row-reverse\">\r\n                                                    <div class=\"col-lg-6 col-sm-12 f_img text-right\">\r\n                                <img decoding=\"async\" src=\"http:\/\/laplume.com.tr\/wp-content\/uploads\/2020\/07\/Kullan-At-Bebek-Seti-2.jpg\" alt=\"featured\">\r\n                            <\/div>\r\n                                                <div class=\"col-lg-6 col-sm-12 features_content_three\">\r\n                            <div class=\"title-four\">\r\n                                                                    <h2> La Plume Airlaid 30x40 Cm Napperons<\/h2>\r\n                                                            <\/div>\r\n                                                            <div class=\"scree_feature_item\">\r\n                                    <div class=\"media d-flex\">\r\n                                        <div class=\"media-left\">\r\n                                            <div class=\"icon\"><i class='ti-location-arrow'><\/i><\/div>                                        <\/div>\r\n                                        <div class=\"media-body\"> La Qualit\u00e9 : 55 gr \/ m2 AIRLAID <\/div>\r\n                                    <\/div>\r\n                                                                    <\/div>\r\n                                                                <div class=\"scree_feature_item\">\r\n                                    <div class=\"media d-flex\">\r\n                                        <div class=\"media-left\">\r\n                                            <div class=\"icon\"><i class='ti-stats-up'><\/i><\/div>                                        <\/div>\r\n                                        <div class=\"media-body\"> L\u2019impression : L\u2019impression Flexo, Dorure (Foil Press), Press Logo <\/div>\r\n                                    <\/div>\r\n                                                                    <\/div>\r\n                                                                <div class=\"scree_feature_item\">\r\n                                    <div class=\"media d-flex\">\r\n                                        <div class=\"media-left\">\r\n                                            <div class=\"icon\"><i class='ti-dropbox'><\/i><\/div>                                        <\/div>\r\n                                        <div class=\"media-body\"> L\u2019emballage : Pack de 4 x 250 (total 1000 pi\u00e8ces) <\/div>\r\n                                    <\/div>\r\n                                                                    <\/div>\r\n                                                                <div class=\"scree_feature_item\">\r\n                                    <div class=\"media d-flex\">\r\n                                        <div class=\"media-left\">\r\n                                            <div class=\"icon\"><i class='ti-dropbox-alt'><\/i><\/div>                                        <\/div>\r\n                                        <div class=\"media-body\"> Taille de bo\u00eete:: 340mm x 440mm x 400mm <\/div>\r\n                                    <\/div>\r\n                                                                    <\/div>\r\n                                                                <div class=\"scree_feature_item\">\r\n                                    <div class=\"media d-flex\">\r\n                                        <div class=\"media-left\">\r\n                                            <div class=\"icon\"><i class='fa fa-asterisk'><\/i><\/div>                                        <\/div>\r\n                                        <div class=\"media-body\"> Modele : CIRQUE <\/div>\r\n                                    <\/div>\r\n                                                                    <\/div>\r\n                                                                <div class=\"scree_feature_item\">\r\n                                    <div class=\"media d-flex\">\r\n                                        <div class=\"media-left\">\r\n                                            <img src='http:\/\/laplume.com.tr\/wp-content\/uploads\/2020\/07\/Kullan-At-Bebek-Seti-katlama.jpg' alt='Le Plier : Non Pli\u00e9 1\/1'>                                        <\/div>\r\n                                        <div class=\"media-body\"> Le Plier : Non Pli\u00e9 1\/1 <\/div>\r\n                                    <\/div>\r\n                                                                    <\/div>\r\n                                                        <\/div>\r\n                    <\/div>\r\n                <\/div>\r\n            <\/section>\r\n            \t\t\t\t<\/div>\n\t\t\t\t<\/div>\n\t\t\t\t\t<\/div>\n\t\t<\/div>\n\t\t\t\t\t<\/div>\n\t\t<\/section>\n\t\t\t\t<section class=\"elementor-section elementor-top-section elementor-element elementor-element-928994a elementor-section-full_width elementor-section-height-default elementor-section-height-default\" data-id=\"928994a\" data-element_type=\"section\">\n\t\t\t\t\t\t<div class=\"elementor-container elementor-column-gap-no\">\n\t\t\t\t\t<div class=\"elementor-column elementor-col-100 elementor-top-column elementor-element elementor-element-2a10be5\" data-id=\"2a10be5\" data-element_type=\"column\">\n\t\t\t<div class=\"elementor-widget-wrap elementor-element-populated\">\n\t\t\t\t\t\t<div class=\"elementor-element elementor-element-21a2013 elementor-widget elementor-widget-saasland_appart_screen_feature\" data-id=\"21a2013\" data-element_type=\"widget\" data-widget_type=\"saasland_appart_screen_feature.default\">\n\t\t\t\t<div class=\"elementor-widget-container\">\n\t\t\t\t\t            <section class=\"features_area features_area_pad feature-bg shape\">\r\n                <div class=\"container\">\r\n                    <div class=\"row \">\r\n                                                    <div class=\"col-lg-7 col-sm-12 f_img text-right\">\r\n                                <img decoding=\"async\" src=\"http:\/\/laplume.com.tr\/wp-content\/uploads\/2020\/07\/Kullan-At-Bebek-Seti.jpg\" alt=\"featured\">\r\n                            <\/div>\r\n                                                <div class=\"col-lg-5 col-sm-12 features_content_three\">\r\n                            <div class=\"title-four\">\r\n                                                                    <h2> La Plume Airlaid 40x20 Cm Serviettes De Table<\/h2>\r\n                                                            <\/div>\r\n                                                            <div class=\"scree_feature_item\">\r\n                                    <div class=\"media d-flex\">\r\n                                        <div class=\"media-left\">\r\n                                            <div class=\"icon\"><i class='ti-location-arrow'><\/i><\/div>                                        <\/div>\r\n                                        <div class=\"media-body\"> La Qualit\u00e9 : 55 gr \/ m2 AIRLAID <\/div>\r\n                                    <\/div>\r\n                                                                    <\/div>\r\n                                                                <div class=\"scree_feature_item\">\r\n                                    <div class=\"media d-flex\">\r\n                                        <div class=\"media-left\">\r\n                                            <div class=\"icon\"><i class='ti-stats-up'><\/i><\/div>                                        <\/div>\r\n                                        <div class=\"media-body\"> L\u2019impression : Flexo Print (2 couleurs), Dorure (Foil Press), Press Logo <\/div>\r\n                                    <\/div>\r\n                                                                    <\/div>\r\n                                                                <div class=\"scree_feature_item\">\r\n                                    <div class=\"media d-flex\">\r\n                                        <div class=\"media-left\">\r\n                                            <div class=\"icon\"><i class='ti-dropbox'><\/i><\/div>                                        <\/div>\r\n                                        <div class=\"media-body\"> L\u2019emballage : Pack de 12 x 50 (total 600 pi\u00e8ces) <\/div>\r\n                                    <\/div>\r\n                                                                    <\/div>\r\n                                                                <div class=\"scree_feature_item\">\r\n                                    <div class=\"media d-flex\">\r\n                                        <div class=\"media-left\">\r\n                                            <div class=\"icon\"><i class='ti-dropbox-alt'><\/i><\/div>                                        <\/div>\r\n                                        <div class=\"media-body\"> Taille de bo\u00eete:: 335mm x 380mm x 225mm <\/div>\r\n                                    <\/div>\r\n                                                                    <\/div>\r\n                                                                <div class=\"scree_feature_item\">\r\n                                    <div class=\"media d-flex\">\r\n                                        <div class=\"media-left\">\r\n                                            <div class=\"icon\"><i class='fa fa-asterisk'><\/i><\/div>                                        <\/div>\r\n                                        <div class=\"media-body\"> Modele : CIRQUE <\/div>\r\n                                    <\/div>\r\n                                                                    <\/div>\r\n                                                                <div class=\"scree_feature_item\">\r\n                                    <div class=\"media d-flex\">\r\n                                        <div class=\"media-left\">\r\n                                            <img src='http:\/\/laplume.com.tr\/wp-content\/uploads\/2020\/07\/dik.png' alt='Le Plier : \u00bc plier'>                                        <\/div>\r\n                                        <div class=\"media-body\"> Le Plier : \u00bc plier <\/div>\r\n                                    <\/div>\r\n                                                                    <\/div>\r\n                                                        <\/div>\r\n                    <\/div>\r\n                <\/div>\r\n            <\/section>\r\n            \t\t\t\t<\/div>\n\t\t\t\t<\/div>\n\t\t\t\t\t<\/div>\n\t\t<\/div>\n\t\t\t\t\t<\/div>\n\t\t<\/section>\n\t\t\t\t<\/div>\n\t\t","protected":false},"excerpt":{"rendered":"<p>26&#215;28 Hydrophobic Nonwoven Bavoirs de Bebe La Qualit\u00e9 : 60gr\/m2 HYDROPHOBIC NONWOVEN L\u2019impression : Flexo Print (3 couleurs) L\u2019emballage : 24 x paquets de 100 (total 2400 pi\u00e8ces) Le Plier : Non Pli\u00e9 1\/1 Taille de bo\u00eete: 270mm x 580mm x 475mm (2400 pi\u00e8ces) Modele : CIRQUE La Plume Airlaid 30&#215;40 Cm Napperons La Qualit\u00e9 [&hellip;]<\/p>\n","protected":false},"featured_media":10620,"template":"elementor_header_footer","meta":[],"product_cat":[115],"product_tag":[],"class_list":{"0":"post-11039","1":"product","2":"type-product","3":"status-publish","4":"has-post-thumbnail","6":"product_cat-la-plume-set-des-jetables-pour-les-bebes","8":"first","9":"instock","10":"shipping-taxable","11":"product-type-simple"},"acf":[],"_links":{"self":[{"href":"https:\/\/laplume.com.tr\/fr\/wp-json\/wp\/v2\/product\/11039","targetHints":{"allow":["GET"]}}],"collection":[{"href":"https:\/\/laplume.com.tr\/fr\/wp-json\/wp\/v2\/product"}],"about":[{"href":"https:\/\/laplume.com.tr\/fr\/wp-json\/wp\/v2\/types\/product"}],"version-history":[{"count":0,"href":"https:\/\/laplume.com.tr\/fr\/wp-json\/wp\/v2\/product\/11039\/revisions"}],"wp:featuredmedia":[{"embeddable":true,"href":"https:\/\/laplume.com.tr\/fr\/wp-json\/wp\/v2\/media\/10620"}],"wp:attachment":[{"href":"https:\/\/laplume.com.tr\/fr\/wp-json\/wp\/v2\/media?parent=11039"}],"wp:term":[{"taxonomy":"product_cat","embeddable":true,"href":"https:\/\/laplume.com.tr\/fr\/wp-json\/wp\/v2\/product_cat?post=11039"},{"taxonomy":"product_tag","embeddable":true,"href":"https:\/\/laplume.com.tr\/fr\/wp-json\/wp\/v2\/product_tag?post=11039"}],"curies":[{"name":"wp","href":"https:\/\/api.w.org\/{rel}","templated":true}]}}