{"id":11041,"date":"2020-08-31T10:52:42","date_gmt":"2020-08-31T10:52:42","guid":{"rendered":"http:\/\/laplume.com.tr\/?post_type=product&#038;p=11041"},"modified":"2020-08-31T19:50:15","modified_gmt":"2020-08-31T19:50:15","slug":"porte-serviettes-plaque-or","status":"publish","type":"product","link":"https:\/\/laplume.com.tr\/fr\/magaza\/porte-serviettes-plaque-or\/","title":{"rendered":"Porte-serviettes plaqu\u00e9 or"},"content":{"rendered":"\t\t<div data-elementor-type=\"wp-post\" data-elementor-id=\"11041\" class=\"elementor elementor-11041 elementor-6476\">\n\t\t\t\t\t\t<section class=\"elementor-section elementor-top-section elementor-element elementor-element-cc7614c elementor-section-boxed elementor-section-height-default elementor-section-height-default\" data-id=\"cc7614c\" data-element_type=\"section\">\n\t\t\t\t\t\t<div class=\"elementor-container elementor-column-gap-default\">\n\t\t\t\t\t<div class=\"elementor-column elementor-col-100 elementor-top-column elementor-element elementor-element-d843747\" data-id=\"d843747\" data-element_type=\"column\">\n\t\t\t<div class=\"elementor-widget-wrap elementor-element-populated\">\n\t\t\t\t\t\t\t<\/div>\n\t\t<\/div>\n\t\t\t\t\t<\/div>\n\t\t<\/section>\n\t\t\t\t<section class=\"elementor-section elementor-top-section elementor-element elementor-element-24c6d112 elementor-section-full_width elementor-section-height-default elementor-section-height-default\" data-id=\"24c6d112\" data-element_type=\"section\">\n\t\t\t\t\t\t<div class=\"elementor-container elementor-column-gap-no\">\n\t\t\t\t\t<div class=\"elementor-column elementor-col-100 elementor-top-column elementor-element elementor-element-6bd31fef\" data-id=\"6bd31fef\" data-element_type=\"column\">\n\t\t\t<div class=\"elementor-widget-wrap elementor-element-populated\">\n\t\t\t\t\t\t<div class=\"elementor-element elementor-element-75d5aa98 elementor-widget elementor-widget-saasland_appart_screen_feature\" data-id=\"75d5aa98\" data-element_type=\"widget\" data-widget_type=\"saasland_appart_screen_feature.default\">\n\t\t\t\t<div class=\"elementor-widget-container\">\n\t\t\t\t\t            <section class=\"features_area features_area_pad feature-bg shape\">\r\n                <div class=\"container\">\r\n                    <div class=\"row \">\r\n                                                    <div class=\"col-lg-7 col-sm-12 f_img text-right\">\r\n                                <img decoding=\"async\" src=\"http:\/\/laplume.com.tr\/wp-content\/uploads\/2020\/07\/altin-pecetelikler.jpg\" alt=\"featured\">\r\n                            <\/div>\r\n                                                <div class=\"col-lg-5 col-sm-12 features_content_three\">\r\n                            <div class=\"title-four\">\r\n                                                                    <h2> Porte-serviettes plaqu\u00e9 or<\/h2>\r\n                                                            <\/div>\r\n                                                            <div class=\"scree_feature_item\">\r\n                                    <div class=\"media d-flex\">\r\n                                        <div class=\"media-left\">\r\n                                            <div class=\"icon\"><i class='ti-location-arrow'><\/i><\/div>                                        <\/div>\r\n                                        <div class=\"media-body\"> La Qualit\u00e9 : Base miroir, c\u00f4t\u00e9s m\u00e9talliques <\/div>\r\n                                    <\/div>\r\n                                                                    <\/div>\r\n                                                                <div class=\"scree_feature_item\">\r\n                                    <div class=\"media d-flex\">\r\n                                        <div class=\"media-left\">\r\n                                            <div class=\"icon\"><i class='ti-stats-up'><\/i><\/div>                                        <\/div>\r\n                                        <div class=\"media-body\"> L\u2019impression : Aucun <\/div>\r\n                                    <\/div>\r\n                                                                    <\/div>\r\n                                                                <div class=\"scree_feature_item\">\r\n                                    <div class=\"media d-flex\">\r\n                                        <div class=\"media-left\">\r\n                                            <div class=\"icon\"><i class='ti-dropbox'><\/i><\/div>                                        <\/div>\r\n                                        <div class=\"media-body\"> L\u2019emballage : Seul emball\u00e9 <\/div>\r\n                                    <\/div>\r\n                                                                    <\/div>\r\n                                                                <div class=\"scree_feature_item\">\r\n                                    <div class=\"media d-flex\">\r\n                                        <div class=\"media-left\">\r\n                                            <div class=\"icon\"><i class='ti-eye'><\/i><\/div>                                        <\/div>\r\n                                        <div class=\"media-body\"> Couleurs avec lesquelles nous travaillons: Or <\/div>\r\n                                    <\/div>\r\n                                                                    <\/div>\r\n                                                        <\/div>\r\n                    <\/div>\r\n                <\/div>\r\n            <\/section>\r\n            \t\t\t\t<\/div>\n\t\t\t\t<\/div>\n\t\t\t\t\t<\/div>\n\t\t<\/div>\n\t\t\t\t\t<\/div>\n\t\t<\/section>\n\t\t\t\t<\/div>\n\t\t","protected":false},"excerpt":{"rendered":"<p>Porte-serviettes plaqu\u00e9 or La Qualit\u00e9 : Base miroir, c\u00f4t\u00e9s m\u00e9talliques L\u2019impression : Aucun L\u2019emballage : Seul emball\u00e9 Couleurs avec lesquelles nous travaillons: Or<\/p>\n","protected":false},"featured_media":10302,"template":"elementor_header_footer","meta":[],"product_cat":[114],"product_tag":[],"class_list":{"0":"post-11041","1":"product","2":"type-product","3":"status-publish","4":"has-post-thumbnail","6":"product_cat-porte-serviettes","8":"first","9":"instock","10":"shipping-taxable","11":"product-type-simple"},"acf":[],"_links":{"self":[{"href":"https:\/\/laplume.com.tr\/fr\/wp-json\/wp\/v2\/product\/11041","targetHints":{"allow":["GET"]}}],"collection":[{"href":"https:\/\/laplume.com.tr\/fr\/wp-json\/wp\/v2\/product"}],"about":[{"href":"https:\/\/laplume.com.tr\/fr\/wp-json\/wp\/v2\/types\/product"}],"version-history":[{"count":0,"href":"https:\/\/laplume.com.tr\/fr\/wp-json\/wp\/v2\/product\/11041\/revisions"}],"wp:featuredmedia":[{"embeddable":true,"href":"https:\/\/laplume.com.tr\/fr\/wp-json\/wp\/v2\/media\/10302"}],"wp:attachment":[{"href":"https:\/\/laplume.com.tr\/fr\/wp-json\/wp\/v2\/media?parent=11041"}],"wp:term":[{"taxonomy":"product_cat","embeddable":true,"href":"https:\/\/laplume.com.tr\/fr\/wp-json\/wp\/v2\/product_cat?post=11041"},{"taxonomy":"product_tag","embeddable":true,"href":"https:\/\/laplume.com.tr\/fr\/wp-json\/wp\/v2\/product_tag?post=11041"}],"curies":[{"name":"wp","href":"https:\/\/api.w.org\/{rel}","templated":true}]}}