{"id":11072,"date":"2020-08-31T12:02:26","date_gmt":"2020-08-31T12:02:26","guid":{"rendered":"http:\/\/laplume.com.tr\/?post_type=product&#038;p=11072"},"modified":"2020-09-07T07:30:33","modified_gmt":"2020-09-07T07:30:33","slug":"30x40-serviette-1-6-pliage","status":"publish","type":"product","link":"https:\/\/laplume.com.tr\/fr\/magaza\/30x40-serviette-1-6-pliage\/","title":{"rendered":"30X40 Serviette 1.6 Pliage"},"content":{"rendered":"\t\t<div data-elementor-type=\"wp-post\" data-elementor-id=\"11072\" class=\"elementor elementor-11072 elementor-6401\">\n\t\t\t\t\t\t<section class=\"elementor-section elementor-top-section elementor-element elementor-element-d935048 elementor-section-boxed elementor-section-height-default elementor-section-height-default\" data-id=\"d935048\" data-element_type=\"section\">\n\t\t\t\t\t\t<div class=\"elementor-container elementor-column-gap-default\">\n\t\t\t\t\t<div class=\"elementor-column elementor-col-100 elementor-top-column elementor-element elementor-element-3712da0\" data-id=\"3712da0\" data-element_type=\"column\">\n\t\t\t<div class=\"elementor-widget-wrap elementor-element-populated\">\n\t\t\t\t\t\t\t<\/div>\n\t\t<\/div>\n\t\t\t\t\t<\/div>\n\t\t<\/section>\n\t\t\t\t<section class=\"elementor-section elementor-top-section elementor-element elementor-element-24c6d112 elementor-section-full_width elementor-section-height-default elementor-section-height-default\" data-id=\"24c6d112\" data-element_type=\"section\">\n\t\t\t\t\t\t<div class=\"elementor-container elementor-column-gap-no\">\n\t\t\t\t\t<div class=\"elementor-column elementor-col-100 elementor-top-column elementor-element elementor-element-6bd31fef\" data-id=\"6bd31fef\" data-element_type=\"column\">\n\t\t\t<div class=\"elementor-widget-wrap elementor-element-populated\">\n\t\t\t\t\t\t<div class=\"elementor-element elementor-element-75d5aa98 elementor-widget elementor-widget-saasland_appart_screen_feature\" data-id=\"75d5aa98\" data-element_type=\"widget\" data-widget_type=\"saasland_appart_screen_feature.default\">\n\t\t\t\t<div class=\"elementor-widget-container\">\n\t\t\t\t\t            <section class=\"features_area features_area_pad feature-bg shape\">\r\n                <div class=\"container\">\r\n                    <div class=\"row \">\r\n                                                    <div class=\"col-lg-7 col-sm-12 f_img text-right\">\r\n                                <img decoding=\"async\" src=\"http:\/\/laplume.com.tr\/wp-content\/uploads\/2020\/07\/30X40-Pe\u00e7ete.jpg\" alt=\"featured\">\r\n                            <\/div>\r\n                                                <div class=\"col-lg-5 col-sm-12 features_content_three\">\r\n                            <div class=\"title-four\">\r\n                                                                    <h2> 30X40 Serviette 1.6 Pliage<\/h2>\r\n                                                            <\/div>\r\n                                                            <div class=\"scree_feature_item\">\r\n                                    <div class=\"media d-flex\">\r\n                                        <div class=\"media-left\">\r\n                                            <div class=\"icon\"><i class='ti-location-arrow'><\/i><\/div>                                        <\/div>\r\n                                        <div class=\"media-body\"> La Qualit\u00e9 : 55 gr \/ m2 <\/div>\r\n                                    <\/div>\r\n                                                                    <\/div>\r\n                                                                <div class=\"scree_feature_item\">\r\n                                    <div class=\"media d-flex\">\r\n                                        <div class=\"media-left\">\r\n                                            <div class=\"icon\"><i class='ti-stats-up'><\/i><\/div>                                        <\/div>\r\n                                        <div class=\"media-body\"> L\u2019impression : Dorure (Foil Press), Press Logo <\/div>\r\n                                    <\/div>\r\n                                                                    <\/div>\r\n                                                                <div class=\"scree_feature_item\">\r\n                                    <div class=\"media d-flex\">\r\n                                        <div class=\"media-left\">\r\n                                            <div class=\"icon\"><i class='ti-stats-up'><\/i><\/div>                                        <\/div>\r\n                                        <div class=\"media-body\"> L\u2019emballage <\/div>\r\n                                    <\/div>\r\n                                                                            <p>Pack de 8 x 200\u2019s (total 1600 pi\u00e8ces)<br \/>\nPack de 5 x 100\u2019s (total 500 pi\u00e8ces)<br \/>\nPack de 16 x 100\u2019s (total 1600 pi\u00e8ces)<\/p>\r\n                                                                    <\/div>\r\n                                                                <div class=\"scree_feature_item\">\r\n                                    <div class=\"media d-flex\">\r\n                                        <div class=\"media-left\">\r\n                                            <div class=\"icon\"><i class='fa fa-archive'><\/i><\/div>                                        <\/div>\r\n                                        <div class=\"media-body\"> Taille de bo\u00eete: <\/div>\r\n                                    <\/div>\r\n                                                                            <p>46 X 50 X 42 cm (boite de 1600\u2019s),<br \/>\n20,5 X 42 X 32 cm (boite de 500\u2019s)<\/p>\r\n                                                                    <\/div>\r\n                                                                <div class=\"scree_feature_item\">\r\n                                    <div class=\"media d-flex\">\r\n                                        <div class=\"media-left\">\r\n                                            <img src='http:\/\/laplume.com.tr\/wp-content\/uploads\/2020\/07\/dik.png' alt='Le Plier : 1\/6 plier'>                                        <\/div>\r\n                                        <div class=\"media-body\"> Le Plier : 1\/6 plier <\/div>\r\n                                    <\/div>\r\n                                                                    <\/div>\r\n                                                        <\/div>\r\n                    <\/div>\r\n                <\/div>\r\n            <\/section>\r\n            \t\t\t\t<\/div>\n\t\t\t\t<\/div>\n\t\t\t\t\t<\/div>\n\t\t<\/div>\n\t\t\t\t\t<\/div>\n\t\t<\/section>\n\t\t\t\t<section class=\"elementor-section elementor-top-section elementor-element elementor-element-2acc0b5a elementor-section-boxed elementor-section-height-default elementor-section-height-default\" data-id=\"2acc0b5a\" data-element_type=\"section\">\n\t\t\t\t\t\t<div class=\"elementor-container elementor-column-gap-default\">\n\t\t\t\t\t<div class=\"elementor-column elementor-col-100 elementor-top-column elementor-element elementor-element-5ffaa7a2\" data-id=\"5ffaa7a2\" data-element_type=\"column\">\n\t\t\t<div class=\"elementor-widget-wrap elementor-element-populated\">\n\t\t\t\t\t\t<div class=\"elementor-element elementor-element-5ab728b5 elementor-widget elementor-widget-heading\" data-id=\"5ab728b5\" data-element_type=\"widget\" data-widget_type=\"heading.default\">\n\t\t\t\t<div class=\"elementor-widget-container\">\n\t\t\t\t\t<h2 class=\"elementor-heading-title elementor-size-default\">Nos Couleurs\n<\/h2>\t\t\t\t<\/div>\n\t\t\t\t<\/div>\n\t\t\t\t<div class=\"elementor-element elementor-element-3487ccb3 elementor-widget elementor-widget-text-editor\" data-id=\"3487ccb3\" data-element_type=\"widget\" data-widget_type=\"text-editor.default\">\n\t\t\t\t<div class=\"elementor-widget-container\">\n\t\t\t\t\t\t\t\t\t<p style=\"text-align: center;\">Airlaid Natural Textile est un tissu \u00e0 base de cellulose, souple et r\u00e9sistante.<\/p><p style=\"text-align: center;\">Airlaid Plano est un tissu-non-tiss\u00e9 de haute qualit\u00e9 tr\u00e8s semblable \u00e0 l\u2019\u00e9toffe. Il est r\u00e9sistant, \u00e9lastique et tr\u00e8s doux au toucher. <strong>Disponible en blanc.<\/strong><\/p>\t\t\t\t\t\t\t\t<\/div>\n\t\t\t\t<\/div>\n\t\t\t\t\t<\/div>\n\t\t<\/div>\n\t\t\t\t\t<\/div>\n\t\t<\/section>\n\t\t\t\t<section class=\"elementor-section elementor-top-section elementor-element elementor-element-4791351a elementor-section-boxed elementor-section-height-default elementor-section-height-default\" data-id=\"4791351a\" data-element_type=\"section\">\n\t\t\t\t\t\t<div class=\"elementor-container elementor-column-gap-no\">\n\t\t\t\t\t<div class=\"elementor-column elementor-col-50 elementor-top-column elementor-element elementor-element-31b6b18a\" data-id=\"31b6b18a\" data-element_type=\"column\">\n\t\t\t<div class=\"elementor-widget-wrap elementor-element-populated\">\n\t\t\t\t\t\t<div class=\"elementor-element elementor-element-1039bc62 elementor-widget elementor-widget-image\" data-id=\"1039bc62\" data-element_type=\"widget\" data-widget_type=\"image.default\">\n\t\t\t\t<div class=\"elementor-widget-container\">\n\t\t\t\t\t\t\t\t\t\t\t\t\t\t\t<img fetchpriority=\"high\" decoding=\"async\" width=\"546\" height=\"632\" src=\"https:\/\/laplume.com.tr\/wp-content\/uploads\/2020\/06\/renkler.jpg\" class=\"attachment-full size-full wp-image-8991\" alt=\"\" srcset=\"https:\/\/laplume.com.tr\/wp-content\/uploads\/2020\/06\/renkler.jpg 546w, https:\/\/laplume.com.tr\/wp-content\/uploads\/2020\/06\/renkler-120x140.jpg 120w, https:\/\/laplume.com.tr\/wp-content\/uploads\/2020\/06\/renkler-259x300.jpg 259w\" sizes=\"(max-width: 546px) 100vw, 546px\" \/>\t\t\t\t\t\t\t\t\t\t\t\t\t\t\t<\/div>\n\t\t\t\t<\/div>\n\t\t\t\t\t<\/div>\n\t\t<\/div>\n\t\t\t\t<div class=\"elementor-column elementor-col-50 elementor-top-column elementor-element elementor-element-4d0a4501\" data-id=\"4d0a4501\" data-element_type=\"column\">\n\t\t\t<div class=\"elementor-widget-wrap elementor-element-populated\">\n\t\t\t\t\t\t<div class=\"elementor-element elementor-element-203a5120 elementor-widget elementor-widget-accordion\" data-id=\"203a5120\" data-element_type=\"widget\" data-widget_type=\"accordion.default\">\n\t\t\t\t<div class=\"elementor-widget-container\">\n\t\t\t\t\t\t\t<div class=\"elementor-accordion\">\n\t\t\t\t\t\t\t<div class=\"elementor-accordion-item\">\n\t\t\t\t\t<div id=\"elementor-tab-title-5401\" class=\"elementor-tab-title\" data-tab=\"1\" role=\"button\" aria-controls=\"elementor-tab-content-5401\" aria-expanded=\"false\">\n\t\t\t\t\t\t\t\t\t\t\t\t\t<span class=\"elementor-accordion-icon elementor-accordion-icon-left\" aria-hidden=\"true\">\n\t\t\t\t\t\t\t\t\t\t\t\t\t\t\t<span class=\"elementor-accordion-icon-closed\"><i class=\"fas fa-plus\"><\/i><\/span>\n\t\t\t\t\t\t\t\t<span class=\"elementor-accordion-icon-opened\"><i class=\"fas fa-minus\"><\/i><\/span>\n\t\t\t\t\t\t\t\t\t\t\t\t\t\t<\/span>\n\t\t\t\t\t\t\t\t\t\t\t\t<a class=\"elementor-accordion-title\" tabindex=\"0\">Blanc<\/a>\n\t\t\t\t\t<\/div>\n\t\t\t\t\t<div id=\"elementor-tab-content-5401\" class=\"elementor-tab-content elementor-clearfix\" data-tab=\"1\" role=\"region\" aria-labelledby=\"elementor-tab-title-5401\"><p><img decoding=\"async\" class=\"alignnone size-full wp-image-6404\" src=\"http:\/\/laplume.com.tr\/wp-content\/uploads\/2020\/07\/30X40-Pe\u00e7ete-beyaz.jpg\" alt=\"\" width=\"847\" height=\"739\" srcset=\"https:\/\/laplume.com.tr\/wp-content\/uploads\/2020\/07\/30X40-Pe\u00e7ete-beyaz.jpg 847w, https:\/\/laplume.com.tr\/wp-content\/uploads\/2020\/07\/30X40-Pe\u00e7ete-beyaz-600x523.jpg 600w, https:\/\/laplume.com.tr\/wp-content\/uploads\/2020\/07\/30X40-Pe\u00e7ete-beyaz-300x262.jpg 300w, https:\/\/laplume.com.tr\/wp-content\/uploads\/2020\/07\/30X40-Pe\u00e7ete-beyaz-768x670.jpg 768w\" sizes=\"(max-width: 847px) 100vw, 847px\" \/><\/p><\/div>\n\t\t\t\t<\/div>\n\t\t\t\t\t\t\t\t<\/div>\n\t\t\t\t\t\t<\/div>\n\t\t\t\t<\/div>\n\t\t\t\t\t<\/div>\n\t\t<\/div>\n\t\t\t\t\t<\/div>\n\t\t<\/section>\n\t\t\t\t<\/div>\n\t\t","protected":false},"excerpt":{"rendered":"<p>30X40 Serviette 1.6 Pliage La Qualit\u00e9 : 55 gr \/ m2 L\u2019impression : Dorure (Foil Press), Press Logo L\u2019emballage Pack de 8 x 200\u2019s (total 1600 pi\u00e8ces) Pack de 5 x 100\u2019s (total 500 pi\u00e8ces) Pack de 16 x 100\u2019s (total 1600 pi\u00e8ces) Taille de bo\u00eete: 46 X 50 X 42 cm (boite de 1600\u2019s), [&hellip;]<\/p>\n","protected":false},"featured_media":10218,"template":"elementor_header_footer","meta":[],"product_cat":[112],"product_tag":[],"class_list":{"0":"post-11072","1":"product","2":"type-product","3":"status-publish","4":"has-post-thumbnail","6":"product_cat-les-serviettes","8":"first","9":"instock","10":"shipping-taxable","11":"product-type-simple"},"acf":[],"_links":{"self":[{"href":"https:\/\/laplume.com.tr\/fr\/wp-json\/wp\/v2\/product\/11072","targetHints":{"allow":["GET"]}}],"collection":[{"href":"https:\/\/laplume.com.tr\/fr\/wp-json\/wp\/v2\/product"}],"about":[{"href":"https:\/\/laplume.com.tr\/fr\/wp-json\/wp\/v2\/types\/product"}],"version-history":[{"count":0,"href":"https:\/\/laplume.com.tr\/fr\/wp-json\/wp\/v2\/product\/11072\/revisions"}],"wp:featuredmedia":[{"embeddable":true,"href":"https:\/\/laplume.com.tr\/fr\/wp-json\/wp\/v2\/media\/10218"}],"wp:attachment":[{"href":"https:\/\/laplume.com.tr\/fr\/wp-json\/wp\/v2\/media?parent=11072"}],"wp:term":[{"taxonomy":"product_cat","embeddable":true,"href":"https:\/\/laplume.com.tr\/fr\/wp-json\/wp\/v2\/product_cat?post=11072"},{"taxonomy":"product_tag","embeddable":true,"href":"https:\/\/laplume.com.tr\/fr\/wp-json\/wp\/v2\/product_tag?post=11072"}],"curies":[{"name":"wp","href":"https:\/\/api.w.org\/{rel}","templated":true}]}}